{"id":3136,"date":"2021-05-18T18:27:24","date_gmt":"2021-05-18T23:27:24","guid":{"rendered":"https:\/\/qrosoft.mx\/tiendabosquedeniebla\/product\/ensete\/"},"modified":"2025-12-15T09:15:30","modified_gmt":"2025-12-15T15:15:30","slug":"ensete","status":"publish","type":"product","link":"https:\/\/qrosoft.mx\/tiendabosquedeniebla\/product\/ensete\/","title":{"rendered":"Ensete"},"content":{"rendered":"<h4>Ensete &#8211; <em>Ensete ventricosum<\/em><\/h4>\n<ul>\n<li><strong>Familia:<\/strong> Musaseae<\/li>\n<li><strong>Origen:<\/strong> \u00c1frica<\/li>\n<li><strong>Otros nombres:<\/strong> Bananero de Etiop\u00eda, bananero de Abisin\u00eda y falsa banana.<\/li>\n<li><strong>Descripci\u00f3n:<\/strong> \u00c1rbol perenne que alcanza los 6m de altura, hojas de 5m de largo y 1m de ancho que recuerdan a las del bananero, pero con una costilla color salm\u00f3n. Florece una sola vez y al madurar los frutos, muere. Se propaga por sus rebrotes.<\/li>\n<li><strong>Usos:<\/strong> Ra\u00edz comestible de alto rendimiento en cultivo por su gran tama\u00f1o (hasta 100 kg por hect\u00e1rea). El Fruto es comestible, aunque ins\u00edpido. En ocasiones se asocia con cultivo de sorgo y caf\u00e9.<\/li>\n<li><strong>Clima:<\/strong> Tropical h\u00famedo, resiste sequ\u00edas pero no heladas.<\/li>\n<li><strong>Zona:<\/strong> 1, 2, 3.<\/li>\n<li><strong>Siembra:<\/strong> En un lugar soleado<\/li>\n<\/ul>\n","protected":false},"excerpt":{"rendered":"<p>Planta perenne de ra\u00edz comestible<\/p>\n","protected":false},"featured_media":2126,"comment_status":"open","ping_status":"closed","template":"","meta":{"inline_featured_image":false,"_monsterinsights_skip_tracking":false,"_monsterinsights_sitenote_active":false,"_monsterinsights_sitenote_note":"","_monsterinsights_sitenote_category":0},"product_brand":[],"product_cat":[78],"product_tag":[],"class_list":{"0":"post-3136","1":"product","2":"type-product","3":"status-publish","4":"has-post-thumbnail","6":"product_cat-tuberculos","8":"first","9":"instock","10":"shipping-taxable","11":"purchasable","12":"product-type-variable","13":"has-default-attributes"},"_links":{"self":[{"href":"https:\/\/qrosoft.mx\/tiendabosquedeniebla\/wp-json\/wp\/v2\/product\/3136","targetHints":{"allow":["GET"]}}],"collection":[{"href":"https:\/\/qrosoft.mx\/tiendabosquedeniebla\/wp-json\/wp\/v2\/product"}],"about":[{"href":"https:\/\/qrosoft.mx\/tiendabosquedeniebla\/wp-json\/wp\/v2\/types\/product"}],"replies":[{"embeddable":true,"href":"https:\/\/qrosoft.mx\/tiendabosquedeniebla\/wp-json\/wp\/v2\/comments?post=3136"}],"wp:featuredmedia":[{"embeddable":true,"href":"https:\/\/qrosoft.mx\/tiendabosquedeniebla\/wp-json\/wp\/v2\/media\/2126"}],"wp:attachment":[{"href":"https:\/\/qrosoft.mx\/tiendabosquedeniebla\/wp-json\/wp\/v2\/media?parent=3136"}],"wp:term":[{"taxonomy":"product_brand","embeddable":true,"href":"https:\/\/qrosoft.mx\/tiendabosquedeniebla\/wp-json\/wp\/v2\/product_brand?post=3136"},{"taxonomy":"product_cat","embeddable":true,"href":"https:\/\/qrosoft.mx\/tiendabosquedeniebla\/wp-json\/wp\/v2\/product_cat?post=3136"},{"taxonomy":"product_tag","embeddable":true,"href":"https:\/\/qrosoft.mx\/tiendabosquedeniebla\/wp-json\/wp\/v2\/product_tag?post=3136"}],"curies":[{"name":"wp","href":"https:\/\/api.w.org\/{rel}","templated":true}]}}