{"id":3127,"date":"2021-05-18T18:27:19","date_gmt":"2021-05-18T23:27:19","guid":{"rendered":"https:\/\/qrosoft.mx\/tiendabosquedeniebla\/product\/encino-chicalahuatl\/"},"modified":"2025-12-15T09:11:24","modified_gmt":"2025-12-15T15:11:24","slug":"encino-chicalahuatl","status":"publish","type":"product","link":"https:\/\/qrosoft.mx\/tiendabosquedeniebla\/product\/encino-chicalahuatl\/","title":{"rendered":"Encino chicalahuatl"},"content":{"rendered":"<h4><strong>Encino chicalahuatl &#8211; <em>Quercus insignis<\/em><\/strong><\/h4>\n<ul>\n<li><strong>Familia:<\/strong> Fagaceae<\/li>\n<li><strong>Origen:<\/strong> Am\u00e9rica del Norte<\/li>\n<li><strong>Descripci\u00f3n:<\/strong> \u00c1rbol de 15 a 25m de alto. Florea en marzo. Su semilla, la bellota, puede medir de 5 a 8cm, es considerada la m\u00e1s grande del mundo y es un encino en categor\u00eda de riesgo.<\/li>\n<li><strong>Usos:<\/strong> Madera dura dif\u00edcil de cortar, excelente le\u00f1a y carb\u00f3n, hace braza y no humea mucho. Fruto comestible siempre y cuando se lave para quitarle los taninos, el fruto se utiliza para hacer artesan\u00edas y juguetes.<\/li>\n<li><strong>Clima:<\/strong> Bosque mes\u00f3filo de monta\u00f1a, en alturas de 900 a 2,000 msnm.<\/li>\n<li><strong>Zonas:<\/strong> 3<\/li>\n<li><strong>Otros nombres:<\/strong> Chicalaba, encino cazuelita.<\/li>\n<\/ul>\n","protected":false},"excerpt":{"rendered":"<p>\u00c1rbol maderable de bosque de niebla<\/p>\n","protected":false},"featured_media":2123,"comment_status":"open","ping_status":"closed","template":"","meta":{"inline_featured_image":false,"_monsterinsights_skip_tracking":false,"_monsterinsights_sitenote_active":false,"_monsterinsights_sitenote_note":"","_monsterinsights_sitenote_category":0},"product_brand":[],"product_cat":[81],"product_tag":[],"class_list":{"0":"post-3127","1":"product","2":"type-product","3":"status-publish","4":"has-post-thumbnail","6":"product_cat-arboles-y-arbustos","8":"first","9":"instock","10":"shipping-taxable","11":"purchasable","12":"product-type-variable","13":"has-default-attributes"},"_links":{"self":[{"href":"https:\/\/qrosoft.mx\/tiendabosquedeniebla\/wp-json\/wp\/v2\/product\/3127","targetHints":{"allow":["GET"]}}],"collection":[{"href":"https:\/\/qrosoft.mx\/tiendabosquedeniebla\/wp-json\/wp\/v2\/product"}],"about":[{"href":"https:\/\/qrosoft.mx\/tiendabosquedeniebla\/wp-json\/wp\/v2\/types\/product"}],"replies":[{"embeddable":true,"href":"https:\/\/qrosoft.mx\/tiendabosquedeniebla\/wp-json\/wp\/v2\/comments?post=3127"}],"wp:featuredmedia":[{"embeddable":true,"href":"https:\/\/qrosoft.mx\/tiendabosquedeniebla\/wp-json\/wp\/v2\/media\/2123"}],"wp:attachment":[{"href":"https:\/\/qrosoft.mx\/tiendabosquedeniebla\/wp-json\/wp\/v2\/media?parent=3127"}],"wp:term":[{"taxonomy":"product_brand","embeddable":true,"href":"https:\/\/qrosoft.mx\/tiendabosquedeniebla\/wp-json\/wp\/v2\/product_brand?post=3127"},{"taxonomy":"product_cat","embeddable":true,"href":"https:\/\/qrosoft.mx\/tiendabosquedeniebla\/wp-json\/wp\/v2\/product_cat?post=3127"},{"taxonomy":"product_tag","embeddable":true,"href":"https:\/\/qrosoft.mx\/tiendabosquedeniebla\/wp-json\/wp\/v2\/product_tag?post=3127"}],"curies":[{"name":"wp","href":"https:\/\/api.w.org\/{rel}","templated":true}]}}