{"id":3124,"date":"2021-05-18T18:27:19","date_gmt":"2021-05-18T23:27:19","guid":{"rendered":"https:\/\/qrosoft.mx\/tiendabosquedeniebla\/product\/encino-barrilito\/"},"modified":"2025-12-15T09:11:24","modified_gmt":"2025-12-15T15:11:24","slug":"encino-barrilito","status":"publish","type":"product","link":"https:\/\/qrosoft.mx\/tiendabosquedeniebla\/product\/encino-barrilito\/","title":{"rendered":"Encino barrilito"},"content":{"rendered":"<h4><strong>Encino barrilito &#8211; <em>Quercus xalapensis<\/em><\/strong><\/h4>\n<ul>\n<li><strong>Familia:<\/strong> Fagaceae<\/li>\n<li><strong>Origen:<\/strong> Am\u00e9rica del Norte<\/li>\n<li><strong>Descripci\u00f3n:<\/strong> \u00c1rbol que llega a medir de 15 a 30m de alto, de copa piramidal y ramas ascendentes, corteza madura de placas endurecidas caf\u00e9 oscuro. Hojas caedizas, lanceoladas y lustrosas con margenaserrado prolongado. Florece en febrero, color verde amarillento agrupadas en inflorescencias colgantes. Bellotas en marzo y julio de 1.8 cm de di\u00e1metro y 2cm de largo; bianuales.<\/li>\n<li><strong>Usos:<\/strong> Maderable para tablones, alfajillas y vigas. Le\u00f1a de muy buena calidad, carb\u00f3n, reforestaci\u00f3n.<\/li>\n<li><strong>Clima:<\/strong> Templado. Altitudes entre 1100 y 1600 m. Bosque mes\u00f3filo de monta\u00f1a.<\/li>\n<li><strong>Zonas:<\/strong> 3<\/li>\n<li><strong>Siembra:<\/strong> Donde abunda la materia org\u00e1nica.<\/li>\n<\/ul>\n","protected":false},"excerpt":{"rendered":"<p>\u00c1rbol maderable de bosque de niebla<\/p>\n","protected":false},"featured_media":2122,"comment_status":"open","ping_status":"closed","template":"","meta":{"inline_featured_image":false,"_monsterinsights_skip_tracking":false,"_monsterinsights_sitenote_active":false,"_monsterinsights_sitenote_note":"","_monsterinsights_sitenote_category":0},"product_brand":[],"product_cat":[81],"product_tag":[],"class_list":{"0":"post-3124","1":"product","2":"type-product","3":"status-publish","4":"has-post-thumbnail","6":"product_cat-arboles-y-arbustos","8":"first","9":"instock","10":"shipping-taxable","11":"purchasable","12":"product-type-variable","13":"has-default-attributes"},"_links":{"self":[{"href":"https:\/\/qrosoft.mx\/tiendabosquedeniebla\/wp-json\/wp\/v2\/product\/3124","targetHints":{"allow":["GET"]}}],"collection":[{"href":"https:\/\/qrosoft.mx\/tiendabosquedeniebla\/wp-json\/wp\/v2\/product"}],"about":[{"href":"https:\/\/qrosoft.mx\/tiendabosquedeniebla\/wp-json\/wp\/v2\/types\/product"}],"replies":[{"embeddable":true,"href":"https:\/\/qrosoft.mx\/tiendabosquedeniebla\/wp-json\/wp\/v2\/comments?post=3124"}],"wp:featuredmedia":[{"embeddable":true,"href":"https:\/\/qrosoft.mx\/tiendabosquedeniebla\/wp-json\/wp\/v2\/media\/2122"}],"wp:attachment":[{"href":"https:\/\/qrosoft.mx\/tiendabosquedeniebla\/wp-json\/wp\/v2\/media?parent=3124"}],"wp:term":[{"taxonomy":"product_brand","embeddable":true,"href":"https:\/\/qrosoft.mx\/tiendabosquedeniebla\/wp-json\/wp\/v2\/product_brand?post=3124"},{"taxonomy":"product_cat","embeddable":true,"href":"https:\/\/qrosoft.mx\/tiendabosquedeniebla\/wp-json\/wp\/v2\/product_cat?post=3124"},{"taxonomy":"product_tag","embeddable":true,"href":"https:\/\/qrosoft.mx\/tiendabosquedeniebla\/wp-json\/wp\/v2\/product_tag?post=3124"}],"curies":[{"name":"wp","href":"https:\/\/api.w.org\/{rel}","templated":true}]}}