{"id":3104,"date":"2021-05-18T18:27:16","date_gmt":"2021-05-18T23:27:16","guid":{"rendered":"https:\/\/qrosoft.mx\/tiendabosquedeniebla\/product\/ejote-de-guia-lab-lab\/"},"modified":"2025-11-20T10:59:44","modified_gmt":"2025-11-20T16:59:44","slug":"ejote-lablab","status":"publish","type":"product","link":"https:\/\/qrosoft.mx\/tiendabosquedeniebla\/product\/ejote-lablab\/","title":{"rendered":"Ejote de gu\u00eda lab lab"},"content":{"rendered":"<h4><strong>Ejote de gu\u00eda lab lab &#8211; <em>Lablab purpureus<\/em><\/strong><\/h4>\n<ul>\n<li><strong>Familia:<\/strong> Fabaceae<\/li>\n<li><strong>Origen:<\/strong> Asia<\/li>\n<li><strong>Area potencial de siembra por 20 g:<\/strong> 1.6m\u00b2<\/li>\n<li><strong>Semillas por 20 g:<\/strong> 25 aprox.<\/li>\n<li><strong>Descripci\u00f3n:<\/strong> Vigorosa planta trepadora con flores blancas, frutos verde claro planos y anchos de aproximadamente 6cm semillas caf\u00e9s con un hilo blanco en el centro, caracter\u00edstico de su g\u00e9nero.<\/li>\n<li><strong>Usos:<\/strong> Vainas tiernas comestibles. Clima<\/li>\n<li><strong>Zonas:<\/strong> 1, 2, 3<\/li>\n<li><strong>Siembra:<\/strong> Entre primavera y verano, directo en el suelo a una distancia de 30cm.<\/li>\n<li><strong>Nota:<\/strong> Es f\u00e1cil de cultivar, las vainas maduran a diferentes tiempos por lo que se puede tener ejotes tiernos por largo tiempo.<\/li>\n<\/ul>\n","protected":false},"excerpt":{"rendered":"<p>Leguminosa anual de gu\u00eda, de vainas y semillas comestibles<\/p>\n","protected":false},"featured_media":2113,"comment_status":"open","ping_status":"closed","template":"","meta":{"inline_featured_image":false,"_monsterinsights_skip_tracking":false,"_monsterinsights_sitenote_active":false,"_monsterinsights_sitenote_note":"","_monsterinsights_sitenote_category":0},"product_brand":[],"product_cat":[763],"product_tag":[],"class_list":{"0":"post-3104","1":"product","2":"type-product","3":"status-publish","4":"has-post-thumbnail","6":"product_cat-ejotes-de-guia","8":"first","9":"instock","10":"shipping-taxable","11":"purchasable","12":"product-type-variable","13":"has-default-attributes"},"_links":{"self":[{"href":"https:\/\/qrosoft.mx\/tiendabosquedeniebla\/wp-json\/wp\/v2\/product\/3104","targetHints":{"allow":["GET"]}}],"collection":[{"href":"https:\/\/qrosoft.mx\/tiendabosquedeniebla\/wp-json\/wp\/v2\/product"}],"about":[{"href":"https:\/\/qrosoft.mx\/tiendabosquedeniebla\/wp-json\/wp\/v2\/types\/product"}],"replies":[{"embeddable":true,"href":"https:\/\/qrosoft.mx\/tiendabosquedeniebla\/wp-json\/wp\/v2\/comments?post=3104"}],"wp:featuredmedia":[{"embeddable":true,"href":"https:\/\/qrosoft.mx\/tiendabosquedeniebla\/wp-json\/wp\/v2\/media\/2113"}],"wp:attachment":[{"href":"https:\/\/qrosoft.mx\/tiendabosquedeniebla\/wp-json\/wp\/v2\/media?parent=3104"}],"wp:term":[{"taxonomy":"product_brand","embeddable":true,"href":"https:\/\/qrosoft.mx\/tiendabosquedeniebla\/wp-json\/wp\/v2\/product_brand?post=3104"},{"taxonomy":"product_cat","embeddable":true,"href":"https:\/\/qrosoft.mx\/tiendabosquedeniebla\/wp-json\/wp\/v2\/product_cat?post=3104"},{"taxonomy":"product_tag","embeddable":true,"href":"https:\/\/qrosoft.mx\/tiendabosquedeniebla\/wp-json\/wp\/v2\/product_tag?post=3104"}],"curies":[{"name":"wp","href":"https:\/\/api.w.org\/{rel}","templated":true}]}}