{"id":3086,"date":"2021-05-18T18:27:10","date_gmt":"2021-05-18T23:27:10","guid":{"rendered":"https:\/\/qrosoft.mx\/tiendabosquedeniebla\/product\/dolichos-lab-lab\/"},"modified":"2025-11-20T10:59:43","modified_gmt":"2025-11-20T16:59:43","slug":"dolichos-lablab","status":"publish","type":"product","link":"https:\/\/qrosoft.mx\/tiendabosquedeniebla\/product\/dolichos-lablab\/","title":{"rendered":"Dolichos lab lab"},"content":{"rendered":"<h4><strong>Dolichos lab lab &#8211; <em>Dolichos lab lab<\/em><\/strong><\/h4>\n<ul>\n<li><strong>Familia:<\/strong> Fabaceae<\/li>\n<li><strong>Origen:<\/strong> Asia<\/li>\n<li><strong>Semillas por 100 g:<\/strong> 440 aprox.<\/li>\n<li><strong>Descripci\u00f3n:<\/strong> Planta trepadora, vigorosa, con flores blancas, frutos planos y anchos. Semillas color caf\u00e9 con un hilo blanco en el centro caracter\u00edstico de su g\u00e9nero, comestibles tiernas y maduras.<\/li>\n<li><strong>Usos:<\/strong> Alimentaci\u00f3n humana, forrajera, abono verde y cultivo de cobertura. Producci\u00f3n de biomasa verde (ma\u00edz-d\u00f3licos)<\/li>\n<li><strong>Clima:<\/strong> Se adapta a climas templados o c\u00e1lidos, secos o h\u00famedos, no resiste heladas.<\/li>\n<li><strong>Zonas:<\/strong> 1, 2, 3<\/li>\n<li><strong>Siembra:<\/strong> En las lluvias a una distancia de 40cm.<\/li>\n<li><strong>Cosecha:<\/strong> Escalonada, cuando las vainas est\u00e9n secas.<\/li>\n<li><strong>Nota:<\/strong> Es f\u00e1cil de cultivar y de r\u00e1pido crecimiento. Vive hasta por tres a\u00f1os. Crece desde el nivel del mar hasta los 1,500msnm.<\/li>\n<\/ul>\n","protected":false},"excerpt":{"rendered":"<p>Leguminosa anual de gu\u00eda, productora de biomasa<\/p>\n","protected":false},"featured_media":2705,"comment_status":"open","ping_status":"closed","template":"","meta":{"inline_featured_image":false,"_monsterinsights_skip_tracking":false,"_monsterinsights_sitenote_active":false,"_monsterinsights_sitenote_note":"","_monsterinsights_sitenote_category":0},"product_brand":[],"product_cat":[82],"product_tag":[],"class_list":{"0":"post-3086","1":"product","2":"type-product","3":"status-publish","4":"has-post-thumbnail","6":"product_cat-abonos-verdes","8":"first","9":"instock","10":"shipping-taxable","11":"purchasable","12":"product-type-variable","13":"has-default-attributes"},"_links":{"self":[{"href":"https:\/\/qrosoft.mx\/tiendabosquedeniebla\/wp-json\/wp\/v2\/product\/3086","targetHints":{"allow":["GET"]}}],"collection":[{"href":"https:\/\/qrosoft.mx\/tiendabosquedeniebla\/wp-json\/wp\/v2\/product"}],"about":[{"href":"https:\/\/qrosoft.mx\/tiendabosquedeniebla\/wp-json\/wp\/v2\/types\/product"}],"replies":[{"embeddable":true,"href":"https:\/\/qrosoft.mx\/tiendabosquedeniebla\/wp-json\/wp\/v2\/comments?post=3086"}],"wp:featuredmedia":[{"embeddable":true,"href":"https:\/\/qrosoft.mx\/tiendabosquedeniebla\/wp-json\/wp\/v2\/media\/2705"}],"wp:attachment":[{"href":"https:\/\/qrosoft.mx\/tiendabosquedeniebla\/wp-json\/wp\/v2\/media?parent=3086"}],"wp:term":[{"taxonomy":"product_brand","embeddable":true,"href":"https:\/\/qrosoft.mx\/tiendabosquedeniebla\/wp-json\/wp\/v2\/product_brand?post=3086"},{"taxonomy":"product_cat","embeddable":true,"href":"https:\/\/qrosoft.mx\/tiendabosquedeniebla\/wp-json\/wp\/v2\/product_cat?post=3086"},{"taxonomy":"product_tag","embeddable":true,"href":"https:\/\/qrosoft.mx\/tiendabosquedeniebla\/wp-json\/wp\/v2\/product_tag?post=3086"}],"curies":[{"name":"wp","href":"https:\/\/api.w.org\/{rel}","templated":true}]}}