{"id":3082,"date":"2021-05-18T18:27:09","date_gmt":"2021-05-18T23:27:09","guid":{"rendered":"https:\/\/qrosoft.mx\/tiendabosquedeniebla\/product\/desmodium-de-arbusto\/"},"modified":"2025-12-28T12:24:59","modified_gmt":"2025-12-28T18:24:59","slug":"desmodium-de-arbusto","status":"publish","type":"product","link":"https:\/\/qrosoft.mx\/tiendabosquedeniebla\/product\/desmodium-de-arbusto\/","title":{"rendered":"Desmodium de arbusto"},"content":{"rendered":"<h4>Desmodium de arbusto &#8211; <em>Desmodium cinereum<\/em><\/h4>\n<ul>\n<li><strong>Familia:<\/strong> Fabaceae<\/li>\n<li><strong>Origen:<\/strong> India occidental y Am\u00e9rica tropical<\/li>\n<li><strong>Descripci\u00f3n:<\/strong> Planta leguminosa que crece hasta 1.5m de hojas ovaladas y peque\u00f1as verde p\u00e1lido.<\/li>\n<li><strong>Usos:<\/strong> Fijadora de nitr\u00f3geno. Forrajera de alto contenido proteico y con mineral como el azufre, calcio, cobre, f\u00f3sforo, hierro, magnesio, potasio, silicio, sodio y zinc. Aporta tambi\u00e9n \u00e1cidos grasos. Propiedades terap\u00e9uticas como antioxidante, para trastornos hep\u00e1ticos, biliares y respiratorios.<\/li>\n<li><strong>Clima:<\/strong> Tropical y subtropical, tambi\u00e9n soporta climas fr\u00edos.<\/li>\n<li><strong>Zona:<\/strong> 1, 2, 3, 4.<\/li>\n<li><strong>Nota:<\/strong> Est\u00e1 considerada una planta par\u00e1sita porque se alimenta de otras especies vegetales y crece sobre arbustos y palmeras.<\/li>\n<\/ul>\n","protected":false},"excerpt":{"rendered":"<p>Planta leguminosa,forrajera de alto contenido proteico y con minerales.<\/p>\n","protected":false},"featured_media":4460,"comment_status":"open","ping_status":"closed","template":"","meta":{"inline_featured_image":false,"_monsterinsights_skip_tracking":false,"_monsterinsights_sitenote_active":false,"_monsterinsights_sitenote_note":"","_monsterinsights_sitenote_category":0},"product_brand":[],"product_cat":[84],"product_tag":[],"class_list":{"0":"post-3082","1":"product","2":"type-product","3":"status-publish","4":"has-post-thumbnail","6":"product_cat-fijadoras-de-nitrogeno","8":"first","9":"instock","10":"shipping-taxable","11":"purchasable","12":"product-type-variable","13":"has-default-attributes"},"_links":{"self":[{"href":"https:\/\/qrosoft.mx\/tiendabosquedeniebla\/wp-json\/wp\/v2\/product\/3082","targetHints":{"allow":["GET"]}}],"collection":[{"href":"https:\/\/qrosoft.mx\/tiendabosquedeniebla\/wp-json\/wp\/v2\/product"}],"about":[{"href":"https:\/\/qrosoft.mx\/tiendabosquedeniebla\/wp-json\/wp\/v2\/types\/product"}],"replies":[{"embeddable":true,"href":"https:\/\/qrosoft.mx\/tiendabosquedeniebla\/wp-json\/wp\/v2\/comments?post=3082"}],"wp:featuredmedia":[{"embeddable":true,"href":"https:\/\/qrosoft.mx\/tiendabosquedeniebla\/wp-json\/wp\/v2\/media\/4460"}],"wp:attachment":[{"href":"https:\/\/qrosoft.mx\/tiendabosquedeniebla\/wp-json\/wp\/v2\/media?parent=3082"}],"wp:term":[{"taxonomy":"product_brand","embeddable":true,"href":"https:\/\/qrosoft.mx\/tiendabosquedeniebla\/wp-json\/wp\/v2\/product_brand?post=3082"},{"taxonomy":"product_cat","embeddable":true,"href":"https:\/\/qrosoft.mx\/tiendabosquedeniebla\/wp-json\/wp\/v2\/product_cat?post=3082"},{"taxonomy":"product_tag","embeddable":true,"href":"https:\/\/qrosoft.mx\/tiendabosquedeniebla\/wp-json\/wp\/v2\/product_tag?post=3082"}],"curies":[{"name":"wp","href":"https:\/\/api.w.org\/{rel}","templated":true}]}}