{"id":3079,"date":"2021-05-18T18:27:09","date_gmt":"2021-05-18T23:27:09","guid":{"rendered":"https:\/\/qrosoft.mx\/tiendabosquedeniebla\/product\/dalia\/"},"modified":"2025-12-15T09:53:08","modified_gmt":"2025-12-15T15:53:08","slug":"dalia","status":"publish","type":"product","link":"https:\/\/qrosoft.mx\/tiendabosquedeniebla\/product\/dalia\/","title":{"rendered":"Dalia"},"content":{"rendered":"<h4>Dalia &#8211; <em>Dahlia pinnata<\/em><\/h4>\n<ul>\n<li><strong>Familia:<\/strong> Asteraceae<\/li>\n<li><strong>Origen:<\/strong> M\u00e9xico<\/li>\n<li><strong>Descripci\u00f3n:<\/strong> La mayor\u00eda de las dalias son plantas herb\u00e1ceas anuales, que rebrotan en temporadas de lluvia a partir de sus ra\u00edces tuberosas si sobreviven en el suelo. Sus p\u00e9talos son m\u00faltiples y largos de colores rosa, amarillo y blanco.<\/li>\n<li><strong>Usos:<\/strong> Sus p\u00e9talos y tub\u00e9rculos son comestibles y se utilizan tambi\u00e9n en tratamientos para la diabetes. Su uso principal es ornamental. La dalia es considerada la flor nacional, pues es end\u00e9mica de M\u00e9xico.<\/li>\n<li><strong>Clima:<\/strong> Templado<\/li>\n<li><strong>Zonas:<\/strong> 3, 4 y 5.<\/li>\n<li><strong>Siembra:<\/strong> A pleno sol, en cualquier tipo de suelo.<\/li>\n<li><strong>Nota:<\/strong> Es preferible rescatar los camotes despu\u00e9s del invierno y resembrarlos en temporada de lluvias. Son muy buscados por las hormigas.<\/li>\n<\/ul>\n","protected":false},"excerpt":{"rendered":"<p>Planta perenne de flores y bolbos comestibles<\/p>\n","protected":false},"featured_media":2103,"comment_status":"open","ping_status":"closed","template":"","meta":{"inline_featured_image":false,"_monsterinsights_skip_tracking":false,"_monsterinsights_sitenote_active":false,"_monsterinsights_sitenote_note":"","_monsterinsights_sitenote_category":0},"product_brand":[],"product_cat":[801],"product_tag":[],"class_list":{"0":"post-3079","1":"product","2":"type-product","3":"status-publish","4":"has-post-thumbnail","6":"product_cat-comestibles","7":"product_shipping_class-fedex","9":"first","10":"instock","11":"shipping-taxable","12":"purchasable","13":"product-type-variable","14":"has-default-attributes"},"_links":{"self":[{"href":"https:\/\/qrosoft.mx\/tiendabosquedeniebla\/wp-json\/wp\/v2\/product\/3079","targetHints":{"allow":["GET"]}}],"collection":[{"href":"https:\/\/qrosoft.mx\/tiendabosquedeniebla\/wp-json\/wp\/v2\/product"}],"about":[{"href":"https:\/\/qrosoft.mx\/tiendabosquedeniebla\/wp-json\/wp\/v2\/types\/product"}],"replies":[{"embeddable":true,"href":"https:\/\/qrosoft.mx\/tiendabosquedeniebla\/wp-json\/wp\/v2\/comments?post=3079"}],"wp:featuredmedia":[{"embeddable":true,"href":"https:\/\/qrosoft.mx\/tiendabosquedeniebla\/wp-json\/wp\/v2\/media\/2103"}],"wp:attachment":[{"href":"https:\/\/qrosoft.mx\/tiendabosquedeniebla\/wp-json\/wp\/v2\/media?parent=3079"}],"wp:term":[{"taxonomy":"product_brand","embeddable":true,"href":"https:\/\/qrosoft.mx\/tiendabosquedeniebla\/wp-json\/wp\/v2\/product_brand?post=3079"},{"taxonomy":"product_cat","embeddable":true,"href":"https:\/\/qrosoft.mx\/tiendabosquedeniebla\/wp-json\/wp\/v2\/product_cat?post=3079"},{"taxonomy":"product_tag","embeddable":true,"href":"https:\/\/qrosoft.mx\/tiendabosquedeniebla\/wp-json\/wp\/v2\/product_tag?post=3079"}],"curies":[{"name":"wp","href":"https:\/\/api.w.org\/{rel}","templated":true}]}}