{"id":3076,"date":"2021-05-18T18:27:09","date_gmt":"2021-05-18T23:27:09","guid":{"rendered":"https:\/\/qrosoft.mx\/tiendabosquedeniebla\/product\/curcuma\/"},"modified":"2025-12-16T18:29:19","modified_gmt":"2025-12-17T00:29:19","slug":"curcuma","status":"publish","type":"product","link":"https:\/\/qrosoft.mx\/tiendabosquedeniebla\/product\/curcuma\/","title":{"rendered":"C\u00farcuma"},"content":{"rendered":"<h4><strong>C\u00farcuma &#8211; <em>C\u00farcuma longa<\/em><\/strong><\/h4>\n<ul>\n<li><strong>Familia:<\/strong> Zingiberaceae<\/li>\n<li><strong>Origen:<\/strong> India<\/li>\n<li><strong>Descripci\u00f3n:<\/strong> Planta herb\u00e1cea que alcanza los 50cm de alto, hojas anchas y rizomas largos, carnosos y arom\u00e1ticos con alto contenido de almid\u00f3n.<\/li>\n<li><strong>Usos:<\/strong> La ra\u00edz se utiliza como condimento, es el ingrediente principal del curry, y tambi\u00e9n se utiliza como pintura natural. Es una planta medicinal muy utilizada en afecciones hep\u00e1ticas, para control de hongos, tos y actualmente muy usada contra el c\u00e1ncer.<\/li>\n<li><strong>Clima:<\/strong> Templado a c\u00e1lido h\u00famedo.<\/li>\n<li><strong>Zonas:<\/strong> 2, 3 y 4.<\/li>\n<li><strong>Siembra:<\/strong> En un lugar soleado u h\u00famedo, a una distancia de 1m entre plantas<\/li>\n<li>Disponible en presentaci\u00f3n de planta en bolsa de mayo a octubre<\/li>\n<\/ul>\n","protected":false},"excerpt":{"rendered":"<p>Tub\u00e9rculo perenne culinario y medicinal<\/p>\n","protected":false},"featured_media":9061,"comment_status":"open","ping_status":"closed","template":"","meta":{"inline_featured_image":false,"_monsterinsights_skip_tracking":false,"_monsterinsights_sitenote_active":false,"_monsterinsights_sitenote_note":"","_monsterinsights_sitenote_category":0},"product_brand":[],"product_cat":[260],"product_tag":[727,710,618,633],"class_list":{"0":"post-3076","1":"product","2":"type-product","3":"status-publish","4":"has-post-thumbnail","6":"product_cat-medicinales-y-culinarias","7":"product_tag-culinario","8":"product_tag-curcuma","9":"product_tag-medicinal","10":"product_tag-tuberculo","12":"first","13":"instock","14":"shipping-taxable","15":"purchasable","16":"product-type-variable"},"_links":{"self":[{"href":"https:\/\/qrosoft.mx\/tiendabosquedeniebla\/wp-json\/wp\/v2\/product\/3076","targetHints":{"allow":["GET"]}}],"collection":[{"href":"https:\/\/qrosoft.mx\/tiendabosquedeniebla\/wp-json\/wp\/v2\/product"}],"about":[{"href":"https:\/\/qrosoft.mx\/tiendabosquedeniebla\/wp-json\/wp\/v2\/types\/product"}],"replies":[{"embeddable":true,"href":"https:\/\/qrosoft.mx\/tiendabosquedeniebla\/wp-json\/wp\/v2\/comments?post=3076"}],"wp:featuredmedia":[{"embeddable":true,"href":"https:\/\/qrosoft.mx\/tiendabosquedeniebla\/wp-json\/wp\/v2\/media\/9061"}],"wp:attachment":[{"href":"https:\/\/qrosoft.mx\/tiendabosquedeniebla\/wp-json\/wp\/v2\/media?parent=3076"}],"wp:term":[{"taxonomy":"product_brand","embeddable":true,"href":"https:\/\/qrosoft.mx\/tiendabosquedeniebla\/wp-json\/wp\/v2\/product_brand?post=3076"},{"taxonomy":"product_cat","embeddable":true,"href":"https:\/\/qrosoft.mx\/tiendabosquedeniebla\/wp-json\/wp\/v2\/product_cat?post=3076"},{"taxonomy":"product_tag","embeddable":true,"href":"https:\/\/qrosoft.mx\/tiendabosquedeniebla\/wp-json\/wp\/v2\/product_tag?post=3076"}],"curies":[{"name":"wp","href":"https:\/\/api.w.org\/{rel}","templated":true}]}}