{"id":3065,"date":"2021-05-18T18:27:07","date_gmt":"2021-05-18T23:27:07","guid":{"rendered":"https:\/\/qrosoft.mx\/tiendabosquedeniebla\/product\/cola-de-caballo\/"},"modified":"2025-12-15T09:11:21","modified_gmt":"2025-12-15T15:11:21","slug":"cola-de-caballo","status":"publish","type":"product","link":"https:\/\/qrosoft.mx\/tiendabosquedeniebla\/product\/cola-de-caballo\/","title":{"rendered":"Cola de caballo"},"content":{"rendered":"<h4><strong>Cola de caballo &#8211;\u00a0<em>Equisetum arvense<\/em><\/strong><\/h4>\n<ul>\n<li><strong>Familia:<\/strong> Equisetaceae<\/li>\n<li><strong>Origen:<\/strong> Hemisferio norte<\/li>\n<li><strong>Descripci\u00f3n:<\/strong> Planta prehist\u00f3rica con tallos articulados huecos, rectos, color verde oscuro, que alcanza los 90cm de altura. En clima fr\u00edo, los tallos son caducos, mientras que en clima c\u00e1lido son perennes. Forma densas colonias y crece preferentemente en suelos h\u00famedos.<\/li>\n<li><strong>Usos:<\/strong> En decocci\u00f3n se ocupa para aliviar enfermedades renales, v\u00f3mito y enfermedades g\u00e1stricas, generalmente en conjunto con la planta Selaginella sp. y los estambres del ma\u00edz.<\/li>\n<li><strong>Clima:<\/strong> Templado, en sitios h\u00famedos.<\/li>\n<li><strong>Zonas:<\/strong> 3 y 4<\/li>\n<li><strong>Siembra:<\/strong> Sembrar directo en el suelo a 20cm entre rizomas. Propagar por rizomas.<\/li>\n<\/ul>\n","protected":false},"excerpt":{"rendered":"<p>Hierba medicinal y forrajera perenne<\/p>\n","protected":false},"featured_media":7382,"comment_status":"open","ping_status":"closed","template":"","meta":{"inline_featured_image":false,"_monsterinsights_skip_tracking":false,"_monsterinsights_sitenote_active":false,"_monsterinsights_sitenote_note":"","_monsterinsights_sitenote_category":0},"product_brand":[],"product_cat":[260],"product_tag":[834,618],"class_list":{"0":"post-3065","1":"product","2":"type-product","3":"status-publish","4":"has-post-thumbnail","6":"product_cat-medicinales-y-culinarias","7":"product_tag-cola-de-caballo","8":"product_tag-medicinal","10":"first","11":"instock","12":"shipping-taxable","13":"purchasable","14":"product-type-variable","15":"has-default-attributes"},"_links":{"self":[{"href":"https:\/\/qrosoft.mx\/tiendabosquedeniebla\/wp-json\/wp\/v2\/product\/3065","targetHints":{"allow":["GET"]}}],"collection":[{"href":"https:\/\/qrosoft.mx\/tiendabosquedeniebla\/wp-json\/wp\/v2\/product"}],"about":[{"href":"https:\/\/qrosoft.mx\/tiendabosquedeniebla\/wp-json\/wp\/v2\/types\/product"}],"replies":[{"embeddable":true,"href":"https:\/\/qrosoft.mx\/tiendabosquedeniebla\/wp-json\/wp\/v2\/comments?post=3065"}],"wp:featuredmedia":[{"embeddable":true,"href":"https:\/\/qrosoft.mx\/tiendabosquedeniebla\/wp-json\/wp\/v2\/media\/7382"}],"wp:attachment":[{"href":"https:\/\/qrosoft.mx\/tiendabosquedeniebla\/wp-json\/wp\/v2\/media?parent=3065"}],"wp:term":[{"taxonomy":"product_brand","embeddable":true,"href":"https:\/\/qrosoft.mx\/tiendabosquedeniebla\/wp-json\/wp\/v2\/product_brand?post=3065"},{"taxonomy":"product_cat","embeddable":true,"href":"https:\/\/qrosoft.mx\/tiendabosquedeniebla\/wp-json\/wp\/v2\/product_cat?post=3065"},{"taxonomy":"product_tag","embeddable":true,"href":"https:\/\/qrosoft.mx\/tiendabosquedeniebla\/wp-json\/wp\/v2\/product_tag?post=3065"}],"curies":[{"name":"wp","href":"https:\/\/api.w.org\/{rel}","templated":true}]}}