{"id":3049,"date":"2021-05-18T18:26:59","date_gmt":"2021-05-18T23:26:59","guid":{"rendered":"https:\/\/qrosoft.mx\/tiendabosquedeniebla\/product\/chirimoya\/"},"modified":"2026-01-16T22:39:02","modified_gmt":"2026-01-17T04:39:02","slug":"chirimoya","status":"publish","type":"product","link":"https:\/\/qrosoft.mx\/tiendabosquedeniebla\/product\/chirimoya\/","title":{"rendered":"Chirimoya"},"content":{"rendered":"<h4><strong>Chirimoya &#8211; <em>Annona cherimola<\/em><\/strong><\/h4>\n<ul>\n<li><strong>Familia:<\/strong> Annonaceae<\/li>\n<li><strong>Origen:<\/strong> Centro Am\u00e9rica<\/li>\n<li><strong>Descripci\u00f3n:<\/strong> \u00c1rbol de r\u00e1pido crecimiento de hasta 7.5m de altura. Frutos de tama\u00f1os variables. La pulpa es blanca, muy perfumada, cremosa y contiene semillas que se separan f\u00e1cilmente.<\/li>\n<li><strong>Usos:<\/strong> Fruto comestible.<\/li>\n<li><strong>Clima:<\/strong> Subtropical con temperaturas \u00f3ptimas de 18 a 22OC. La chirimoya requiere un clima templado con temperaturas de 16 a 20OC para una buena polinizaci\u00f3n, Altitud de 1,400 a 1,900msnm.<\/li>\n<li><strong>Zonas:<\/strong> 3 y 4.<\/li>\n<li><strong>Siembra:<\/strong> Prefiere los suelos ligeros, bien drenados y ricos en materia org\u00e1nica.<\/li>\n<\/ul>\n","protected":false},"excerpt":{"rendered":"<p>Frutal de clima subtropical y templado<\/p>\n","protected":false},"featured_media":7403,"comment_status":"open","ping_status":"closed","template":"","meta":{"inline_featured_image":false,"_monsterinsights_skip_tracking":false,"_monsterinsights_sitenote_active":false,"_monsterinsights_sitenote_note":"","_monsterinsights_sitenote_category":0},"product_brand":[],"product_cat":[80],"product_tag":[652,846,608],"class_list":{"0":"post-3049","1":"product","2":"type-product","3":"status-publish","4":"has-post-thumbnail","6":"product_cat-frutales","7":"product_tag-arbol","8":"product_tag-chiromoya","9":"product_tag-frutal","11":"first","12":"instock","13":"shipping-taxable","14":"purchasable","15":"product-type-variable","16":"has-default-attributes"},"_links":{"self":[{"href":"https:\/\/qrosoft.mx\/tiendabosquedeniebla\/wp-json\/wp\/v2\/product\/3049","targetHints":{"allow":["GET"]}}],"collection":[{"href":"https:\/\/qrosoft.mx\/tiendabosquedeniebla\/wp-json\/wp\/v2\/product"}],"about":[{"href":"https:\/\/qrosoft.mx\/tiendabosquedeniebla\/wp-json\/wp\/v2\/types\/product"}],"replies":[{"embeddable":true,"href":"https:\/\/qrosoft.mx\/tiendabosquedeniebla\/wp-json\/wp\/v2\/comments?post=3049"}],"wp:featuredmedia":[{"embeddable":true,"href":"https:\/\/qrosoft.mx\/tiendabosquedeniebla\/wp-json\/wp\/v2\/media\/7403"}],"wp:attachment":[{"href":"https:\/\/qrosoft.mx\/tiendabosquedeniebla\/wp-json\/wp\/v2\/media?parent=3049"}],"wp:term":[{"taxonomy":"product_brand","embeddable":true,"href":"https:\/\/qrosoft.mx\/tiendabosquedeniebla\/wp-json\/wp\/v2\/product_brand?post=3049"},{"taxonomy":"product_cat","embeddable":true,"href":"https:\/\/qrosoft.mx\/tiendabosquedeniebla\/wp-json\/wp\/v2\/product_cat?post=3049"},{"taxonomy":"product_tag","embeddable":true,"href":"https:\/\/qrosoft.mx\/tiendabosquedeniebla\/wp-json\/wp\/v2\/product_tag?post=3049"}],"curies":[{"name":"wp","href":"https:\/\/api.w.org\/{rel}","templated":true}]}}