{"id":3044,"date":"2021-05-18T18:26:58","date_gmt":"2021-05-18T23:26:58","guid":{"rendered":"https:\/\/qrosoft.mx\/tiendabosquedeniebla\/product\/chinene\/"},"modified":"2025-12-15T09:10:53","modified_gmt":"2025-12-15T15:10:53","slug":"chinene","status":"publish","type":"product","link":"https:\/\/qrosoft.mx\/tiendabosquedeniebla\/product\/chinene\/","title":{"rendered":"Chinene"},"content":{"rendered":"<h4><strong>Chinene &#8211; <em>Persea shiedeana<\/em><\/strong><\/h4>\n<ul>\n<li><strong>Familia:<\/strong> Lauraceae<\/li>\n<li><strong>Origen:<\/strong> Mesoam\u00e9rica<\/li>\n<li><strong>Otros nombres:<\/strong> Pahua, Pag\u00fca, Chin\u00edn, Aguacate de manteca, Escalar, Chucte, Coyo, Supte, Yas.<\/li>\n<li><strong>Descripci\u00f3n:<\/strong> \u00c1rbol de entre 15 y 20m de altura. Florea en febrero y da frutos de julio a septiembre.<\/li>\n<li><strong>Usos:<\/strong> Fruto comestible parecido al aguacate pero de pulpa blanca, muy rico. Sombra para el caf\u00e9.<\/li>\n<li><strong>Clima:<\/strong> C\u00e1lido a templado h\u00famedo, en una altura de 900 a 2,700msnm. Temperaturas \u00f3ptimas entre 14 y 22\u00b0C. Precipitaciones entre 1,750 y 4,500mm anuales. Tolera muy bien las inundaciones.<\/li>\n<li><strong>Zonas:<\/strong> 2, 3 y 4.<\/li>\n<li><strong>Siembra:<\/strong> No hay cultivos comerciales hasta el presente.<\/li>\n<\/ul>\n","protected":false},"excerpt":{"rendered":"<p>Frutal de clima subtropical y templado<\/p>\n","protected":false},"featured_media":4604,"comment_status":"open","ping_status":"closed","template":"","meta":{"inline_featured_image":false,"_monsterinsights_skip_tracking":false,"_monsterinsights_sitenote_active":false,"_monsterinsights_sitenote_note":"","_monsterinsights_sitenote_category":0},"product_brand":[],"product_cat":[80],"product_tag":[791,652,847,608],"class_list":{"0":"post-3044","1":"product","2":"type-product","3":"status-publish","4":"has-post-thumbnail","6":"product_cat-frutales","7":"product_tag-aguacate","8":"product_tag-arbol","9":"product_tag-chinene","10":"product_tag-frutal","12":"first","13":"instock","14":"shipping-taxable","15":"purchasable","16":"product-type-variable","17":"has-default-attributes"},"_links":{"self":[{"href":"https:\/\/qrosoft.mx\/tiendabosquedeniebla\/wp-json\/wp\/v2\/product\/3044","targetHints":{"allow":["GET"]}}],"collection":[{"href":"https:\/\/qrosoft.mx\/tiendabosquedeniebla\/wp-json\/wp\/v2\/product"}],"about":[{"href":"https:\/\/qrosoft.mx\/tiendabosquedeniebla\/wp-json\/wp\/v2\/types\/product"}],"replies":[{"embeddable":true,"href":"https:\/\/qrosoft.mx\/tiendabosquedeniebla\/wp-json\/wp\/v2\/comments?post=3044"}],"wp:featuredmedia":[{"embeddable":true,"href":"https:\/\/qrosoft.mx\/tiendabosquedeniebla\/wp-json\/wp\/v2\/media\/4604"}],"wp:attachment":[{"href":"https:\/\/qrosoft.mx\/tiendabosquedeniebla\/wp-json\/wp\/v2\/media?parent=3044"}],"wp:term":[{"taxonomy":"product_brand","embeddable":true,"href":"https:\/\/qrosoft.mx\/tiendabosquedeniebla\/wp-json\/wp\/v2\/product_brand?post=3044"},{"taxonomy":"product_cat","embeddable":true,"href":"https:\/\/qrosoft.mx\/tiendabosquedeniebla\/wp-json\/wp\/v2\/product_cat?post=3044"},{"taxonomy":"product_tag","embeddable":true,"href":"https:\/\/qrosoft.mx\/tiendabosquedeniebla\/wp-json\/wp\/v2\/product_tag?post=3044"}],"curies":[{"name":"wp","href":"https:\/\/api.w.org\/{rel}","templated":true}]}}