{"id":3037,"date":"2021-05-18T18:26:58","date_gmt":"2021-05-18T23:26:58","guid":{"rendered":"https:\/\/qrosoft.mx\/tiendabosquedeniebla\/product\/chile-criollo\/"},"modified":"2025-10-28T11:52:14","modified_gmt":"2025-10-28T17:52:14","slug":"chile-criollo","status":"publish","type":"product","link":"https:\/\/qrosoft.mx\/tiendabosquedeniebla\/product\/chile-criollo\/","title":{"rendered":"Chile criollo"},"content":{"rendered":"<h4><strong>Chile criollo &#8211; <em>Capsicum sp.<\/em><\/strong><\/h4>\n<ul>\n<li><strong>Familia:<\/strong> Solanaceae<\/li>\n<li><strong>Origen:<\/strong> M\u00e9xico.<\/li>\n<li><strong>Area potencial de siembra por 0.5 g:<\/strong> 750m\u00b2<\/li>\n<li><strong>Semillas por 0.5 g:<\/strong> 150 aprox.<\/li>\n<li><strong>Descripci\u00f3n:<\/strong> Planta herb\u00e1cea de 60cm de alto, anual en zonas fr\u00edas y perenne el climas c\u00e1lidos. Variedad resistente a la humedad y muy productiva. Fruto de 5 a 7cm de largo se cosume verde.<\/li>\n<li><strong>Usos:<\/strong> Fruto muy picoso, comestible verde o seco, ideal para hacer salsa macha. Variedad tradicional de la zona de Huatusco.<\/li>\n<li><strong>Clima:<\/strong> Templado a c\u00e1lido.<\/li>\n<li><strong>Zonas:<\/strong> 2, 3, 4<\/li>\n<li><strong>Siembra:<\/strong> En alm\u00e1cigo y trasplantar a una distancia de 50cm.<\/li>\n<\/ul>\n","protected":false},"excerpt":{"rendered":"<p>Planta anual de frutos picantes<\/p>\n","protected":false},"featured_media":2085,"comment_status":"open","ping_status":"closed","template":"","meta":{"inline_featured_image":false,"_monsterinsights_skip_tracking":false,"_monsterinsights_sitenote_active":false,"_monsterinsights_sitenote_note":"","_monsterinsights_sitenote_category":0},"product_brand":[],"product_cat":[180],"product_tag":[],"class_list":{"0":"post-3037","1":"product","2":"type-product","3":"status-publish","4":"has-post-thumbnail","6":"product_cat-chiles-y-pimientos","8":"first","9":"instock","10":"shipping-taxable","11":"purchasable","12":"product-type-variable","13":"has-default-attributes"},"_links":{"self":[{"href":"https:\/\/qrosoft.mx\/tiendabosquedeniebla\/wp-json\/wp\/v2\/product\/3037","targetHints":{"allow":["GET"]}}],"collection":[{"href":"https:\/\/qrosoft.mx\/tiendabosquedeniebla\/wp-json\/wp\/v2\/product"}],"about":[{"href":"https:\/\/qrosoft.mx\/tiendabosquedeniebla\/wp-json\/wp\/v2\/types\/product"}],"replies":[{"embeddable":true,"href":"https:\/\/qrosoft.mx\/tiendabosquedeniebla\/wp-json\/wp\/v2\/comments?post=3037"}],"wp:featuredmedia":[{"embeddable":true,"href":"https:\/\/qrosoft.mx\/tiendabosquedeniebla\/wp-json\/wp\/v2\/media\/2085"}],"wp:attachment":[{"href":"https:\/\/qrosoft.mx\/tiendabosquedeniebla\/wp-json\/wp\/v2\/media?parent=3037"}],"wp:term":[{"taxonomy":"product_brand","embeddable":true,"href":"https:\/\/qrosoft.mx\/tiendabosquedeniebla\/wp-json\/wp\/v2\/product_brand?post=3037"},{"taxonomy":"product_cat","embeddable":true,"href":"https:\/\/qrosoft.mx\/tiendabosquedeniebla\/wp-json\/wp\/v2\/product_cat?post=3037"},{"taxonomy":"product_tag","embeddable":true,"href":"https:\/\/qrosoft.mx\/tiendabosquedeniebla\/wp-json\/wp\/v2\/product_tag?post=3037"}],"curies":[{"name":"wp","href":"https:\/\/api.w.org\/{rel}","templated":true}]}}