{"id":3027,"date":"2021-05-18T18:26:51","date_gmt":"2021-05-18T23:26:51","guid":{"rendered":"https:\/\/qrosoft.mx\/tiendabosquedeniebla\/product\/chile-cera\/"},"modified":"2026-01-10T12:09:09","modified_gmt":"2026-01-10T18:09:09","slug":"chile-cera","status":"publish","type":"product","link":"https:\/\/qrosoft.mx\/tiendabosquedeniebla\/product\/chile-cera\/","title":{"rendered":"Chile cera"},"content":{"rendered":"<h4><strong>Chile cera &#8211; <em>Capsicum pubescens<\/em><\/strong><\/h4>\n<ul>\n<li><strong>Familia:<\/strong> Solanaceae<\/li>\n<li><strong>Origen:<\/strong> centro y sur de Am\u00e9rica<\/li>\n<li><strong>Area potencial de siembra por 0.2 g:<\/strong> 70m\u00b2<\/li>\n<li><strong>Semillas por 0.2 g:<\/strong> 35 aprox.<\/li>\n<li><strong>Descripci\u00f3n:<\/strong> Planta herb\u00e1cea perenne, de r\u00e1pido crecimiento. Altura de 1.5 hasta 4m. Frutos amarillos cuando est\u00e1n maduros, semillas negras. Flores con p\u00e9talos morados.<\/li>\n<li><strong>Usos:<\/strong> Fruto comestible muy picante.<\/li>\n<li><strong>Clima:<\/strong> Prefiere el clima templado fr\u00edo, a una altitud de 1,400 a 2,000msnm.<\/li>\n<li><strong>Zonas:<\/strong> 3, 4<\/li>\n<li><strong>Siembra:<\/strong> En suelos abonados, en lugares parcialmente soleados.<\/li>\n<li><strong>Cosecha:<\/strong> Escalonada<\/li>\n<\/ul>\n","protected":false},"excerpt":{"rendered":"<p>Arbusto perenne con frutos picantes<\/p>\n","protected":false},"featured_media":7413,"comment_status":"open","ping_status":"closed","template":"","meta":{"inline_featured_image":false,"_monsterinsights_skip_tracking":false,"_monsterinsights_sitenote_active":false,"_monsterinsights_sitenote_note":"","_monsterinsights_sitenote_category":0},"product_brand":[],"product_cat":[180],"product_tag":[851,848,586],"class_list":{"0":"post-3027","1":"product","2":"type-product","3":"status-publish","4":"has-post-thumbnail","6":"product_cat-chiles-y-pimientos","7":"product_tag-cera","8":"product_tag-chile","9":"product_tag-hortaliza","11":"first","12":"instock","13":"shipping-taxable","14":"purchasable","15":"product-type-variable","16":"has-default-attributes"},"_links":{"self":[{"href":"https:\/\/qrosoft.mx\/tiendabosquedeniebla\/wp-json\/wp\/v2\/product\/3027","targetHints":{"allow":["GET"]}}],"collection":[{"href":"https:\/\/qrosoft.mx\/tiendabosquedeniebla\/wp-json\/wp\/v2\/product"}],"about":[{"href":"https:\/\/qrosoft.mx\/tiendabosquedeniebla\/wp-json\/wp\/v2\/types\/product"}],"replies":[{"embeddable":true,"href":"https:\/\/qrosoft.mx\/tiendabosquedeniebla\/wp-json\/wp\/v2\/comments?post=3027"}],"wp:featuredmedia":[{"embeddable":true,"href":"https:\/\/qrosoft.mx\/tiendabosquedeniebla\/wp-json\/wp\/v2\/media\/7413"}],"wp:attachment":[{"href":"https:\/\/qrosoft.mx\/tiendabosquedeniebla\/wp-json\/wp\/v2\/media?parent=3027"}],"wp:term":[{"taxonomy":"product_brand","embeddable":true,"href":"https:\/\/qrosoft.mx\/tiendabosquedeniebla\/wp-json\/wp\/v2\/product_brand?post=3027"},{"taxonomy":"product_cat","embeddable":true,"href":"https:\/\/qrosoft.mx\/tiendabosquedeniebla\/wp-json\/wp\/v2\/product_cat?post=3027"},{"taxonomy":"product_tag","embeddable":true,"href":"https:\/\/qrosoft.mx\/tiendabosquedeniebla\/wp-json\/wp\/v2\/product_tag?post=3027"}],"curies":[{"name":"wp","href":"https:\/\/api.w.org\/{rel}","templated":true}]}}