{"id":3021,"date":"2021-05-18T18:26:50","date_gmt":"2021-05-18T23:26:50","guid":{"rendered":"https:\/\/qrosoft.mx\/tiendabosquedeniebla\/product\/chik-chawa\/"},"modified":"2025-12-15T09:15:29","modified_gmt":"2025-12-15T15:15:29","slug":"chik-chawa","status":"publish","type":"product","link":"https:\/\/qrosoft.mx\/tiendabosquedeniebla\/product\/chik-chawa\/","title":{"rendered":"Chik chawa"},"content":{"rendered":"<h4><strong>Chik chawa &#8211;\u00a0<em>Tagetes nelsonii<\/em><\/strong><\/h4>\n<ul>\n<li><strong>Familia:<\/strong> Asteraceae<\/li>\n<li><strong>Origen:<\/strong> M\u00e9xico<\/li>\n<li><strong>Descripci\u00f3n:<\/strong> Planta perenne es de 90 a 120cm de alto, hojas rasposas y dentadas y flores de color amarillo-naranja, formando racimos de 30 a 60 cabezas. Follaje denso y arom\u00e1tico, floraci\u00f3n de julio a agosto y en zonas templadas en noviembre.<\/li>\n<li><strong>Usos:<\/strong> Muy conocida en Chiapas como remedio para infecciones estomacales con diarrea, fiebre y dolor de cabeza.<\/li>\n<li><strong>Clima:<\/strong> Regiones monta\u00f1osas, temperaturas fr\u00edas de -17 a 4.5 \u00b0C.<\/li>\n<li><strong>Zonas:<\/strong> 3 y 4.<\/li>\n<li><strong>Siembra:<\/strong> En condiciones h\u00eddricas y tierras arcillosas \u00e1cidas, con exposici\u00f3n a pleno sol.<\/li>\n<\/ul>\n","protected":false},"excerpt":{"rendered":"<p>Arbusto medicinal perenne<\/p>\n","protected":false},"featured_media":7424,"comment_status":"open","ping_status":"closed","template":"","meta":{"inline_featured_image":false,"_monsterinsights_skip_tracking":false,"_monsterinsights_sitenote_active":false,"_monsterinsights_sitenote_note":"","_monsterinsights_sitenote_category":0},"product_brand":[],"product_cat":[260],"product_tag":[857,719,618],"class_list":{"0":"post-3021","1":"product","2":"type-product","3":"status-publish","4":"has-post-thumbnail","6":"product_cat-medicinales-y-culinarias","7":"product_tag-cik-chawa","8":"product_tag-flores","9":"product_tag-medicinal","11":"first","12":"instock","13":"shipping-taxable","14":"purchasable","15":"product-type-variable","16":"has-default-attributes"},"_links":{"self":[{"href":"https:\/\/qrosoft.mx\/tiendabosquedeniebla\/wp-json\/wp\/v2\/product\/3021","targetHints":{"allow":["GET"]}}],"collection":[{"href":"https:\/\/qrosoft.mx\/tiendabosquedeniebla\/wp-json\/wp\/v2\/product"}],"about":[{"href":"https:\/\/qrosoft.mx\/tiendabosquedeniebla\/wp-json\/wp\/v2\/types\/product"}],"replies":[{"embeddable":true,"href":"https:\/\/qrosoft.mx\/tiendabosquedeniebla\/wp-json\/wp\/v2\/comments?post=3021"}],"wp:featuredmedia":[{"embeddable":true,"href":"https:\/\/qrosoft.mx\/tiendabosquedeniebla\/wp-json\/wp\/v2\/media\/7424"}],"wp:attachment":[{"href":"https:\/\/qrosoft.mx\/tiendabosquedeniebla\/wp-json\/wp\/v2\/media?parent=3021"}],"wp:term":[{"taxonomy":"product_brand","embeddable":true,"href":"https:\/\/qrosoft.mx\/tiendabosquedeniebla\/wp-json\/wp\/v2\/product_brand?post=3021"},{"taxonomy":"product_cat","embeddable":true,"href":"https:\/\/qrosoft.mx\/tiendabosquedeniebla\/wp-json\/wp\/v2\/product_cat?post=3021"},{"taxonomy":"product_tag","embeddable":true,"href":"https:\/\/qrosoft.mx\/tiendabosquedeniebla\/wp-json\/wp\/v2\/product_tag?post=3021"}],"curies":[{"name":"wp","href":"https:\/\/api.w.org\/{rel}","templated":true}]}}