{"id":3011,"date":"2021-05-18T18:26:49","date_gmt":"2021-05-18T23:26:49","guid":{"rendered":"https:\/\/qrosoft.mx\/tiendabosquedeniebla\/product\/chicharo-echo\/"},"modified":"2025-12-09T20:57:12","modified_gmt":"2025-12-10T02:57:12","slug":"chicharo-echo-ejotero","status":"publish","type":"product","link":"https:\/\/qrosoft.mx\/tiendabosquedeniebla\/product\/chicharo-echo-ejotero\/","title":{"rendered":"Ch\u00edcharo Echo"},"content":{"rendered":"<h4><strong>Ch\u00edcharo Echo ejotero &#8211; <em>Pisum sativum<\/em><\/strong><\/h4>\n<ul>\n<li><strong>Familia:<\/strong> Fabaceae<\/li>\n<li><strong>Origen:<\/strong> Asia<\/li>\n<li><strong>Semillas por 15g:<\/strong> 60 aprox<\/li>\n<li><strong>\u00c1rea potencial de siembra por 15g:<\/strong> 2.m2<\/li>\n<li><strong>Descripci\u00f3n:<\/strong> Planta anual, herb\u00e1cea de gu\u00eda con flores blancas y vainas peque\u00f1as, carnosas, jugosas y dulces.<\/li>\n<li><strong>Usos:<\/strong> Vainas tiernas y semillas ya sean tiernas o duras comestibles. Excelentes para comer crudos.<\/li>\n<li><strong>Clima:<\/strong> Templado<\/li>\n<li><strong>Zonas:<\/strong> 3, 4, y 5.<\/li>\n<li><strong>Siembra:<\/strong> Sembrar directo en el suelo a una distancia de 20cm entre plantas. Necesita tutores. Prefiere lugar soleado y suelos bien abonados<\/li>\n<\/ul>\n","protected":false},"excerpt":{"rendered":"<p>Leguminosa anual trepadora, semillas comestibles<\/p>\n","protected":false},"featured_media":7431,"comment_status":"open","ping_status":"closed","template":"","meta":{"inline_featured_image":false,"_monsterinsights_skip_tracking":false,"_monsterinsights_sitenote_active":false,"_monsterinsights_sitenote_note":"","_monsterinsights_sitenote_category":0},"product_brand":[],"product_cat":[179],"product_tag":[620,586,641],"class_list":{"0":"post-3011","1":"product","2":"type-product","3":"status-publish","4":"has-post-thumbnail","6":"product_cat-chicharos","7":"product_tag-chicharo","8":"product_tag-hortaliza","9":"product_tag-leguminosa","11":"first","12":"instock","13":"shipping-taxable","14":"purchasable","15":"product-type-variable","16":"has-default-attributes"},"_links":{"self":[{"href":"https:\/\/qrosoft.mx\/tiendabosquedeniebla\/wp-json\/wp\/v2\/product\/3011","targetHints":{"allow":["GET"]}}],"collection":[{"href":"https:\/\/qrosoft.mx\/tiendabosquedeniebla\/wp-json\/wp\/v2\/product"}],"about":[{"href":"https:\/\/qrosoft.mx\/tiendabosquedeniebla\/wp-json\/wp\/v2\/types\/product"}],"replies":[{"embeddable":true,"href":"https:\/\/qrosoft.mx\/tiendabosquedeniebla\/wp-json\/wp\/v2\/comments?post=3011"}],"wp:featuredmedia":[{"embeddable":true,"href":"https:\/\/qrosoft.mx\/tiendabosquedeniebla\/wp-json\/wp\/v2\/media\/7431"}],"wp:attachment":[{"href":"https:\/\/qrosoft.mx\/tiendabosquedeniebla\/wp-json\/wp\/v2\/media?parent=3011"}],"wp:term":[{"taxonomy":"product_brand","embeddable":true,"href":"https:\/\/qrosoft.mx\/tiendabosquedeniebla\/wp-json\/wp\/v2\/product_brand?post=3011"},{"taxonomy":"product_cat","embeddable":true,"href":"https:\/\/qrosoft.mx\/tiendabosquedeniebla\/wp-json\/wp\/v2\/product_cat?post=3011"},{"taxonomy":"product_tag","embeddable":true,"href":"https:\/\/qrosoft.mx\/tiendabosquedeniebla\/wp-json\/wp\/v2\/product_tag?post=3011"}],"curies":[{"name":"wp","href":"https:\/\/api.w.org\/{rel}","templated":true}]}}