{"id":3008,"date":"2021-05-18T18:26:49","date_gmt":"2021-05-18T23:26:49","guid":{"rendered":"https:\/\/qrosoft.mx\/tiendabosquedeniebla\/product\/chia-gorda\/"},"modified":"2026-01-10T12:09:09","modified_gmt":"2026-01-10T18:09:09","slug":"chia-gorda","status":"publish","type":"product","link":"https:\/\/qrosoft.mx\/tiendabosquedeniebla\/product\/chia-gorda\/","title":{"rendered":"Ch\u00eda gorda"},"content":{"rendered":"<h4><strong>Ch\u00eda gorda &#8211; <em>Hyptis suaveolens<\/em><\/strong><\/h4>\n<ul>\n<li><strong>Familia:<\/strong> Lamiaceae<\/li>\n<li><strong>Origen:<\/strong> M\u00e9xico<\/li>\n<li><strong>Area potencial de siembra por 1.5 g:<\/strong> 20m\u00b2<\/li>\n<li><strong>Semillas por 1.5 g:<\/strong> 320 aprox.<\/li>\n<li><strong>Descripci\u00f3n:<\/strong> Planta herb\u00e1cea de hasta 2m de alto con peque\u00f1as hojas aterciopeladas y peque\u00f1as flores moradas, con muy fuerte olor.<\/li>\n<li><strong>Usos:<\/strong> Se emplean los frutos al igual que la ch\u00eda leg\u00edtima. Tiene propiedades insecticidas. Asimismo se han encontrado propiedades antimicrobianas, antif\u00fangicas, hipoglic\u00e9micas, antiinflamatorias y antioxidantes. Contiene varios aceites esenciales.<\/li>\n<li><strong>Clima:<\/strong> Tropical, en alturas desde los 0 hasta los 1600 msnm.<\/li>\n<li><strong>Zonas:<\/strong> 2, 3, 4<\/li>\n<li><strong>Siembra:<\/strong> prefiere sitios perturbados, pero relativamente secos y bien drenados; pueden ser orillas de caminos, sitios sobrepastoreados, a lo largo de cuerpos de agua y en bosques abiertos.<\/li>\n<\/ul>\n","protected":false},"excerpt":{"rendered":"<p>Planta anual de semillas comestibles<\/p>\n","protected":false},"featured_media":7436,"comment_status":"open","ping_status":"closed","template":"","meta":{"inline_featured_image":false,"_monsterinsights_skip_tracking":false,"_monsterinsights_sitenote_active":false,"_monsterinsights_sitenote_note":"","_monsterinsights_sitenote_category":0},"product_brand":[],"product_cat":[803],"product_tag":[858,586,618,859],"class_list":{"0":"post-3008","1":"product","2":"type-product","3":"status-publish","4":"has-post-thumbnail","6":"product_cat-hortalizas-varias","7":"product_tag-chia","8":"product_tag-hortaliza","9":"product_tag-medicinal","10":"product_tag-semilla-comestible","12":"first","13":"instock","14":"shipping-taxable","15":"purchasable","16":"product-type-variable","17":"has-default-attributes"},"_links":{"self":[{"href":"https:\/\/qrosoft.mx\/tiendabosquedeniebla\/wp-json\/wp\/v2\/product\/3008","targetHints":{"allow":["GET"]}}],"collection":[{"href":"https:\/\/qrosoft.mx\/tiendabosquedeniebla\/wp-json\/wp\/v2\/product"}],"about":[{"href":"https:\/\/qrosoft.mx\/tiendabosquedeniebla\/wp-json\/wp\/v2\/types\/product"}],"replies":[{"embeddable":true,"href":"https:\/\/qrosoft.mx\/tiendabosquedeniebla\/wp-json\/wp\/v2\/comments?post=3008"}],"wp:featuredmedia":[{"embeddable":true,"href":"https:\/\/qrosoft.mx\/tiendabosquedeniebla\/wp-json\/wp\/v2\/media\/7436"}],"wp:attachment":[{"href":"https:\/\/qrosoft.mx\/tiendabosquedeniebla\/wp-json\/wp\/v2\/media?parent=3008"}],"wp:term":[{"taxonomy":"product_brand","embeddable":true,"href":"https:\/\/qrosoft.mx\/tiendabosquedeniebla\/wp-json\/wp\/v2\/product_brand?post=3008"},{"taxonomy":"product_cat","embeddable":true,"href":"https:\/\/qrosoft.mx\/tiendabosquedeniebla\/wp-json\/wp\/v2\/product_cat?post=3008"},{"taxonomy":"product_tag","embeddable":true,"href":"https:\/\/qrosoft.mx\/tiendabosquedeniebla\/wp-json\/wp\/v2\/product_tag?post=3008"}],"curies":[{"name":"wp","href":"https:\/\/api.w.org\/{rel}","templated":true}]}}