{"id":3005,"date":"2021-05-18T18:26:48","date_gmt":"2021-05-18T23:26:48","guid":{"rendered":"https:\/\/qrosoft.mx\/tiendabosquedeniebla\/product\/chia\/"},"modified":"2025-11-20T10:59:42","modified_gmt":"2025-11-20T16:59:42","slug":"chia","status":"publish","type":"product","link":"https:\/\/qrosoft.mx\/tiendabosquedeniebla\/product\/chia\/","title":{"rendered":"Ch\u00eda"},"content":{"rendered":"<h4><strong>Ch\u00eda &#8211; <em>Salvia hispanica<\/em><\/strong><\/h4>\n<ul>\n<li><strong>Familia:<\/strong> Lamiaceae<\/li>\n<li><strong>Origen:<\/strong> M\u00e9xico<\/li>\n<li><strong>Area potencial de siembra por 2 g:<\/strong> 10m\u00b2<\/li>\n<li><strong>Semillas por 2 g:<\/strong> 1000 aprox.<\/li>\n<li><strong>Descripci\u00f3n:<\/strong> Planta herb\u00e1cea anual de hasta 1.5m de alto, presenta hojas puestas y las flores son entre purp\u00fareas y blancas y brotan en ramilletes.<\/li>\n<li><strong>Usos:<\/strong> Semillas comestibles, ricas en muc\u00edlago, f\u00e9cula y aceite. Con las semillas secas se prepara pinole. Los brotes tiernos se consumen como verdura cruda o cocida y para preparar aguas frescas.<\/li>\n<li><strong>Clima:<\/strong> C\u00e1lido.<\/li>\n<li><strong>Zonas:<\/strong> 2, 3, 4<\/li>\n<li><strong>Siembra:<\/strong> Directo en el suelo al voleo. Prefiere suelos de textura ligera, bien drenados, no demasiado h\u00famedos; como la mayor\u00eda de las salvias, es tolerante a la acidez y a la sequ\u00eda, pero no soporta las heladas. Requiere abundante sol, y no fructifica en la sombra.<\/li>\n<li><strong>Cosecha:<\/strong> Cuando la planta este seca.<\/li>\n<\/ul>\n","protected":false},"excerpt":{"rendered":"<p>Planta anual de semillas comestibles<\/p>\n","protected":false},"featured_media":7434,"comment_status":"open","ping_status":"closed","template":"","meta":{"inline_featured_image":false,"_monsterinsights_skip_tracking":false,"_monsterinsights_sitenote_active":false,"_monsterinsights_sitenote_note":"","_monsterinsights_sitenote_category":0},"product_brand":[],"product_cat":[803],"product_tag":[858,698,586,859],"class_list":{"0":"post-3005","1":"product","2":"type-product","3":"status-publish","4":"has-post-thumbnail","6":"product_cat-hortalizas-varias","7":"product_tag-chia","8":"product_tag-culinaria","9":"product_tag-hortaliza","10":"product_tag-semilla-comestible","12":"first","13":"instock","14":"shipping-taxable","15":"purchasable","16":"product-type-variable","17":"has-default-attributes"},"_links":{"self":[{"href":"https:\/\/qrosoft.mx\/tiendabosquedeniebla\/wp-json\/wp\/v2\/product\/3005","targetHints":{"allow":["GET"]}}],"collection":[{"href":"https:\/\/qrosoft.mx\/tiendabosquedeniebla\/wp-json\/wp\/v2\/product"}],"about":[{"href":"https:\/\/qrosoft.mx\/tiendabosquedeniebla\/wp-json\/wp\/v2\/types\/product"}],"replies":[{"embeddable":true,"href":"https:\/\/qrosoft.mx\/tiendabosquedeniebla\/wp-json\/wp\/v2\/comments?post=3005"}],"wp:featuredmedia":[{"embeddable":true,"href":"https:\/\/qrosoft.mx\/tiendabosquedeniebla\/wp-json\/wp\/v2\/media\/7434"}],"wp:attachment":[{"href":"https:\/\/qrosoft.mx\/tiendabosquedeniebla\/wp-json\/wp\/v2\/media?parent=3005"}],"wp:term":[{"taxonomy":"product_brand","embeddable":true,"href":"https:\/\/qrosoft.mx\/tiendabosquedeniebla\/wp-json\/wp\/v2\/product_brand?post=3005"},{"taxonomy":"product_cat","embeddable":true,"href":"https:\/\/qrosoft.mx\/tiendabosquedeniebla\/wp-json\/wp\/v2\/product_cat?post=3005"},{"taxonomy":"product_tag","embeddable":true,"href":"https:\/\/qrosoft.mx\/tiendabosquedeniebla\/wp-json\/wp\/v2\/product_tag?post=3005"}],"curies":[{"name":"wp","href":"https:\/\/api.w.org\/{rel}","templated":true}]}}