{"id":3000,"date":"2021-05-18T18:26:47","date_gmt":"2021-05-18T23:26:47","guid":{"rendered":"https:\/\/qrosoft.mx\/tiendabosquedeniebla\/product\/chaya\/"},"modified":"2025-12-15T09:10:53","modified_gmt":"2025-12-15T15:10:53","slug":"chaya","status":"publish","type":"product","link":"https:\/\/qrosoft.mx\/tiendabosquedeniebla\/product\/chaya\/","title":{"rendered":"Chaya"},"content":{"rendered":"<h4><strong>Chaya &#8211; <em>Cnidoscolus chayamansa<\/em><\/strong><\/h4>\n<ul>\n<li><strong>Familia:<\/strong> Euphorbiaceae<\/li>\n<li><strong>Origen:<\/strong> M\u00e9xico y Centroam\u00e9rica<\/li>\n<li><strong>Descripci\u00f3n:<\/strong> Arbusto de hasta 5m de altura, pero se pueden mantener peque\u00f1as con la poda.<\/li>\n<li><strong>Usos:<\/strong> Hojas comestibles ricas en prote\u00ednas. Propiedades medicinales para estimular el h\u00edgado. Laxante suave, mejora la digesti\u00f3n y es diur\u00e9tica.<\/li>\n<li><strong>Clima:<\/strong> Prefiere el clima tropical h\u00famedo y tropical sub-h\u00famedo. En climas fr\u00edos el crecimiento es muy lento. Las heladas suaves la queman pero rebrota en la primavera.<\/li>\n<li><strong>Zonas:<\/strong> 1, 2, 3.<\/li>\n<li><strong>Siembra:<\/strong> Sembrar en cualquier tipo de suelo, en un lugar soleado.<\/li>\n<li><strong>Nota:<\/strong> Por sus calidades nutritivas, su adaptabilidad a zonas secas del pa\u00eds y su productividad, es una planta que no debe falta.<\/li>\n<\/ul>\n","protected":false},"excerpt":{"rendered":"<p>Arbusto perenne de hojas comestibles<\/p>\n","protected":false},"featured_media":7439,"comment_status":"open","ping_status":"closed","template":"","meta":{"inline_featured_image":false,"_monsterinsights_skip_tracking":false,"_monsterinsights_sitenote_active":false,"_monsterinsights_sitenote_note":"","_monsterinsights_sitenote_category":0},"product_brand":[],"product_cat":[181],"product_tag":[860,703,586,618],"class_list":{"0":"post-3000","1":"product","2":"type-product","3":"status-publish","4":"has-post-thumbnail","6":"product_cat-hojas-comestibles","7":"product_tag-chaya","8":"product_tag-hojas-comestibles","9":"product_tag-hortaliza","10":"product_tag-medicinal","12":"first","13":"instock","14":"shipping-taxable","15":"purchasable","16":"product-type-variable","17":"has-default-attributes"},"_links":{"self":[{"href":"https:\/\/qrosoft.mx\/tiendabosquedeniebla\/wp-json\/wp\/v2\/product\/3000","targetHints":{"allow":["GET"]}}],"collection":[{"href":"https:\/\/qrosoft.mx\/tiendabosquedeniebla\/wp-json\/wp\/v2\/product"}],"about":[{"href":"https:\/\/qrosoft.mx\/tiendabosquedeniebla\/wp-json\/wp\/v2\/types\/product"}],"replies":[{"embeddable":true,"href":"https:\/\/qrosoft.mx\/tiendabosquedeniebla\/wp-json\/wp\/v2\/comments?post=3000"}],"wp:featuredmedia":[{"embeddable":true,"href":"https:\/\/qrosoft.mx\/tiendabosquedeniebla\/wp-json\/wp\/v2\/media\/7439"}],"wp:attachment":[{"href":"https:\/\/qrosoft.mx\/tiendabosquedeniebla\/wp-json\/wp\/v2\/media?parent=3000"}],"wp:term":[{"taxonomy":"product_brand","embeddable":true,"href":"https:\/\/qrosoft.mx\/tiendabosquedeniebla\/wp-json\/wp\/v2\/product_brand?post=3000"},{"taxonomy":"product_cat","embeddable":true,"href":"https:\/\/qrosoft.mx\/tiendabosquedeniebla\/wp-json\/wp\/v2\/product_cat?post=3000"},{"taxonomy":"product_tag","embeddable":true,"href":"https:\/\/qrosoft.mx\/tiendabosquedeniebla\/wp-json\/wp\/v2\/product_tag?post=3000"}],"curies":[{"name":"wp","href":"https:\/\/api.w.org\/{rel}","templated":true}]}}