{"id":2996,"date":"2021-05-18T18:26:47","date_gmt":"2021-05-18T23:26:47","guid":{"rendered":"https:\/\/qrosoft.mx\/tiendabosquedeniebla\/product\/cereal-alday\/"},"modified":"2025-10-20T15:24:13","modified_gmt":"2025-10-20T21:24:13","slug":"cereal-alday","status":"publish","type":"product","link":"https:\/\/qrosoft.mx\/tiendabosquedeniebla\/product\/cereal-alday\/","title":{"rendered":"Cereal alday"},"content":{"rendered":"<h4><strong>Cereal alday &#8211; <em>Coix lacryma-jobi<\/em><\/strong><\/h4>\n<ul>\n<li><strong>Familia:<\/strong> Poaceae<\/li>\n<li><strong>Origen:<\/strong> Sudeste de Asia<\/li>\n<li><strong>Area potencial de siembra por 7 g:<\/strong> 6m\u00b2<\/li>\n<li><strong>Semillas por 7 g:<\/strong> 70 aprox.<\/li>\n<li><strong>Descripci\u00f3n:<\/strong> Pasto perenne de fuerte macollaje, alcanza una altura de hasta 3m.<\/li>\n<li><strong>Usos:<\/strong> Se utiliza para el tratamiento de artritis y trastornos menstruales. Propiedades antioxidantes, antiinflamatorias, diur\u00e9ticas, anticancer\u00edgenas, analg\u00e9sicas y sedantes. Las hojas y semillas funcionan muy bien como forraje por su alto contenido de nutrientes.<\/li>\n<li><strong>Clima:<\/strong> Templado-c\u00e1lido, h\u00famedo, en alturas de 0 a 2000 msnm. Requiere poco cuidado y es resistente a plagas y enfermedades.<\/li>\n<li><strong>Zonas:<\/strong> 2, 3, 4<\/li>\n<li><strong>Siembra:<\/strong> Directo en la cama, a 40cm entre plantas<\/li>\n<\/ul>\n","protected":false},"excerpt":{"rendered":"<p>Cereal perenne de hasta 3m de alto<\/p>\n","protected":false},"featured_media":7443,"comment_status":"open","ping_status":"closed","template":"","meta":{"inline_featured_image":false,"_monsterinsights_skip_tracking":false,"_monsterinsights_sitenote_active":false,"_monsterinsights_sitenote_note":"","_monsterinsights_sitenote_category":0},"product_brand":[],"product_cat":[798],"product_tag":[865,744,864,618,728],"class_list":{"0":"post-2996","1":"product","2":"type-product","3":"status-publish","4":"has-post-thumbnail","6":"product_cat-cereales-varios","7":"product_tag-alday","8":"product_tag-cereal","9":"product_tag-forraje","10":"product_tag-medicinal","11":"product_tag-pasto","13":"first","14":"instock","15":"shipping-taxable","16":"purchasable","17":"product-type-variable","18":"has-default-attributes"},"_links":{"self":[{"href":"https:\/\/qrosoft.mx\/tiendabosquedeniebla\/wp-json\/wp\/v2\/product\/2996","targetHints":{"allow":["GET"]}}],"collection":[{"href":"https:\/\/qrosoft.mx\/tiendabosquedeniebla\/wp-json\/wp\/v2\/product"}],"about":[{"href":"https:\/\/qrosoft.mx\/tiendabosquedeniebla\/wp-json\/wp\/v2\/types\/product"}],"replies":[{"embeddable":true,"href":"https:\/\/qrosoft.mx\/tiendabosquedeniebla\/wp-json\/wp\/v2\/comments?post=2996"}],"wp:featuredmedia":[{"embeddable":true,"href":"https:\/\/qrosoft.mx\/tiendabosquedeniebla\/wp-json\/wp\/v2\/media\/7443"}],"wp:attachment":[{"href":"https:\/\/qrosoft.mx\/tiendabosquedeniebla\/wp-json\/wp\/v2\/media?parent=2996"}],"wp:term":[{"taxonomy":"product_brand","embeddable":true,"href":"https:\/\/qrosoft.mx\/tiendabosquedeniebla\/wp-json\/wp\/v2\/product_brand?post=2996"},{"taxonomy":"product_cat","embeddable":true,"href":"https:\/\/qrosoft.mx\/tiendabosquedeniebla\/wp-json\/wp\/v2\/product_cat?post=2996"},{"taxonomy":"product_tag","embeddable":true,"href":"https:\/\/qrosoft.mx\/tiendabosquedeniebla\/wp-json\/wp\/v2\/product_tag?post=2996"}],"curies":[{"name":"wp","href":"https:\/\/api.w.org\/{rel}","templated":true}]}}