{"id":2994,"date":"2021-05-18T18:26:47","date_gmt":"2021-05-18T23:26:47","guid":{"rendered":"https:\/\/qrosoft.mx\/tiendabosquedeniebla\/product\/cempasuchil-sombrerito\/"},"modified":"2025-11-27T23:22:51","modified_gmt":"2025-11-28T05:22:51","slug":"cempasuchil-sombrerito","status":"publish","type":"product","link":"https:\/\/qrosoft.mx\/tiendabosquedeniebla\/product\/cempasuchil-sombrerito\/","title":{"rendered":"Cempas\u00fachil sombrerito"},"content":{"rendered":"<h4><strong>Cempas\u00fachil sombrerito &#8211; <em>Tagetes sp.<\/em><\/strong><\/h4>\n<ul>\n<li><strong>Familia:<\/strong> Asteraceae<\/li>\n<li><strong>Origen:<\/strong> M\u00e9xico<\/li>\n<li><strong>Area potencial de siembra por 0.5 g:<\/strong> 1m\u00b2<\/li>\n<li><strong>Semillas por 0.5 g:<\/strong> 200 aprox.<\/li>\n<li><strong>Descripci\u00f3n:<\/strong> Planta anual de 50cm de alto, que se extiende aproximadamente 60cm de ancho. Flores, de color amarillo al centro y rojo en los bordes. Tiende a echar flor tres veces a lo largo de los dos meses de floraci\u00f3n.<\/li>\n<li><strong>Usos:<\/strong> P\u00e9talos comestibles. Variedad muy vistosa y productiva, utilizada tradicionalmente en d\u00eda de muertos. Tambi\u00e9n se utiliza para controlar nem\u00e1todos e insectos da\u00f1inos en suelos afectados<\/li>\n<li><strong>Clima:<\/strong> Templado y c\u00e1lido<\/li>\n<li><strong>Zonas:<\/strong> 1, 2, 3, 4, 5<\/li>\n<li><strong>Siembra:<\/strong> Directo en el suelo al voleo. Crece en cualquier tipo de suelo, es resistente a la humedad y prefiere lugares soleados.<\/li>\n<\/ul>\n","protected":false},"excerpt":{"rendered":"<p>Planta anual ornamental y con propiedades medicinales<\/p>\n","protected":false},"featured_media":7445,"comment_status":"open","ping_status":"closed","template":"","meta":{"inline_featured_image":false,"_monsterinsights_skip_tracking":false,"_monsterinsights_sitenote_active":false,"_monsterinsights_sitenote_note":"","_monsterinsights_sitenote_category":0},"product_brand":[],"product_cat":[113],"product_tag":[866,717,719],"class_list":{"0":"post-2994","1":"product","2":"type-product","3":"status-publish","4":"has-post-thumbnail","6":"product_cat-cempasuchil","7":"product_tag-cempasuchil","8":"product_tag-comestible","9":"product_tag-flores","11":"first","12":"instock","13":"shipping-taxable","14":"purchasable","15":"product-type-variable","16":"has-default-attributes"},"_links":{"self":[{"href":"https:\/\/qrosoft.mx\/tiendabosquedeniebla\/wp-json\/wp\/v2\/product\/2994","targetHints":{"allow":["GET"]}}],"collection":[{"href":"https:\/\/qrosoft.mx\/tiendabosquedeniebla\/wp-json\/wp\/v2\/product"}],"about":[{"href":"https:\/\/qrosoft.mx\/tiendabosquedeniebla\/wp-json\/wp\/v2\/types\/product"}],"replies":[{"embeddable":true,"href":"https:\/\/qrosoft.mx\/tiendabosquedeniebla\/wp-json\/wp\/v2\/comments?post=2994"}],"wp:featuredmedia":[{"embeddable":true,"href":"https:\/\/qrosoft.mx\/tiendabosquedeniebla\/wp-json\/wp\/v2\/media\/7445"}],"wp:attachment":[{"href":"https:\/\/qrosoft.mx\/tiendabosquedeniebla\/wp-json\/wp\/v2\/media?parent=2994"}],"wp:term":[{"taxonomy":"product_brand","embeddable":true,"href":"https:\/\/qrosoft.mx\/tiendabosquedeniebla\/wp-json\/wp\/v2\/product_brand?post=2994"},{"taxonomy":"product_cat","embeddable":true,"href":"https:\/\/qrosoft.mx\/tiendabosquedeniebla\/wp-json\/wp\/v2\/product_cat?post=2994"},{"taxonomy":"product_tag","embeddable":true,"href":"https:\/\/qrosoft.mx\/tiendabosquedeniebla\/wp-json\/wp\/v2\/product_tag?post=2994"}],"curies":[{"name":"wp","href":"https:\/\/api.w.org\/{rel}","templated":true}]}}