{"id":2988,"date":"2021-05-18T18:26:43","date_gmt":"2021-05-18T23:26:43","guid":{"rendered":"https:\/\/qrosoft.mx\/tiendabosquedeniebla\/product\/cempasuchil-naranja\/"},"modified":"2026-04-21T01:42:03","modified_gmt":"2026-04-21T06:42:03","slug":"cempasuchil-naranja","status":"publish","type":"product","link":"https:\/\/qrosoft.mx\/tiendabosquedeniebla\/product\/cempasuchil-naranja\/","title":{"rendered":"Cempas\u00fachil naranja"},"content":{"rendered":"<h4><strong>Cempas\u00fachil naranja &#8211; <em>Tagetes sp.<\/em><\/strong><\/h4>\n<ul>\n<li><strong>Familia:<\/strong> Asteraceae<\/li>\n<li><strong>Origen:<\/strong> M\u00e9xico<\/li>\n<li><strong>Area potencial de siembra por 0.5 g:<\/strong> 1m\u00b2<\/li>\n<li><strong>Semillas por 0.5 g:<\/strong> 200 aprox.<\/li>\n<li><strong>Descripci\u00f3n:<\/strong> Planta anual herb\u00e1cea, que alcanza m\u00e1s de 1m de altura.Flores grandes anaranjadas claro con gran cantidad de p\u00e9talos y arom\u00e1ticas, cuando alcanzan su tama\u00f1o m\u00e1ximo, el tallo se vence.<\/li>\n<li><strong>Usos:<\/strong> Se utiliza para controlar nem\u00e1todos e insectos da\u00f1inos que viven bajo el suelo. La flor se utiliza como ornato para las ofrendas y en el d\u00eda de los muertos, desde la antig\u00fcedad se utiliza con fines alimenticios y como colorante. Funciona como diur\u00e9tico, sudor\u00edfico y ayuda a reducir las flatulencias.<\/li>\n<li><strong>Clima:<\/strong> Cualquier tipo de clima.<\/li>\n<li><strong>Zonas:<\/strong> 1, 2, 3, 4, 5<\/li>\n<li><strong>Siembra:<\/strong> Directo en el suelo al voleo.<\/li>\n<li><strong>Nota:<\/strong> Prefiere lugares soleados.<\/li>\n<\/ul>\n","protected":false},"excerpt":{"rendered":"<p>Planta anual ornamental y con propiedades medicinales<\/p>\n","protected":false},"featured_media":7453,"comment_status":"open","ping_status":"closed","template":"","meta":{"inline_featured_image":false,"_monsterinsights_skip_tracking":false,"_monsterinsights_sitenote_active":false,"_monsterinsights_sitenote_note":"","_monsterinsights_sitenote_category":0},"product_brand":[],"product_cat":[113],"product_tag":[866,719,813,836],"class_list":{"0":"post-2988","1":"product","2":"type-product","3":"status-publish","4":"has-post-thumbnail","6":"product_cat-cempasuchil","7":"product_tag-cempasuchil","8":"product_tag-flores","9":"product_tag-ornamental","10":"product_tag-repelente","12":"first","13":"instock","14":"shipping-taxable","15":"purchasable","16":"product-type-variable","17":"has-default-attributes"},"_links":{"self":[{"href":"https:\/\/qrosoft.mx\/tiendabosquedeniebla\/wp-json\/wp\/v2\/product\/2988","targetHints":{"allow":["GET"]}}],"collection":[{"href":"https:\/\/qrosoft.mx\/tiendabosquedeniebla\/wp-json\/wp\/v2\/product"}],"about":[{"href":"https:\/\/qrosoft.mx\/tiendabosquedeniebla\/wp-json\/wp\/v2\/types\/product"}],"replies":[{"embeddable":true,"href":"https:\/\/qrosoft.mx\/tiendabosquedeniebla\/wp-json\/wp\/v2\/comments?post=2988"}],"wp:featuredmedia":[{"embeddable":true,"href":"https:\/\/qrosoft.mx\/tiendabosquedeniebla\/wp-json\/wp\/v2\/media\/7453"}],"wp:attachment":[{"href":"https:\/\/qrosoft.mx\/tiendabosquedeniebla\/wp-json\/wp\/v2\/media?parent=2988"}],"wp:term":[{"taxonomy":"product_brand","embeddable":true,"href":"https:\/\/qrosoft.mx\/tiendabosquedeniebla\/wp-json\/wp\/v2\/product_brand?post=2988"},{"taxonomy":"product_cat","embeddable":true,"href":"https:\/\/qrosoft.mx\/tiendabosquedeniebla\/wp-json\/wp\/v2\/product_cat?post=2988"},{"taxonomy":"product_tag","embeddable":true,"href":"https:\/\/qrosoft.mx\/tiendabosquedeniebla\/wp-json\/wp\/v2\/product_tag?post=2988"}],"curies":[{"name":"wp","href":"https:\/\/api.w.org\/{rel}","templated":true}]}}