{"id":2975,"date":"2021-05-18T18:26:41","date_gmt":"2021-05-18T23:26:41","guid":{"rendered":"https:\/\/qrosoft.mx\/tiendabosquedeniebla\/product\/cebolla-welsh-roja\/"},"modified":"2025-12-16T18:29:13","modified_gmt":"2025-12-17T00:29:13","slug":"cebolla-welsh-roja","status":"publish","type":"product","link":"https:\/\/qrosoft.mx\/tiendabosquedeniebla\/product\/cebolla-welsh-roja\/","title":{"rendered":"Cebolla welsh roja"},"content":{"rendered":"<h4><strong>Cebolla welsh roja &#8211; <em>Allium fistulosum<\/em><\/strong><\/h4>\n<ul>\n<li><strong>Familia:<\/strong> Allioideae<\/li>\n<li><strong>Origen:<\/strong> Asia<\/li>\n<li><strong>Area potencial de siembra por 0.2 g:<\/strong> 2m\u00b2<\/li>\n<li><strong>Semillas por 0.2 g:<\/strong> 60 aprox.<\/li>\n<li><strong>Descripci\u00f3n:<\/strong> Cebolla perenne. Forma alargada de poco grosor, con tonalidades rojas.<\/li>\n<li><strong>Usos:<\/strong> Hojas y tallos comestibles, de sabor m\u00e1s dulce que la cebolla com\u00fan. Se usa como sustituto de cebolla com\u00fan cruda o cocida. Cultivada en China y Jap\u00f3n desde hace m\u00e1s de 2,000 a\u00f1os.<\/li>\n<li><strong>Clima:<\/strong> Prefiere el clima templado, pero resiste cualquiera.<\/li>\n<li><strong>Zonas:<\/strong> 2, 3, 4, 5<\/li>\n<li><strong>Siembra:<\/strong> En alm\u00e1cigo y trasplantar a una distancia de 20 cm entre plantas.<\/li>\n<li><strong>Nota:<\/strong> Regar constantemente hasta que el cultivo se establezca. Se propaga resembrando los nuevo bulbos.<\/li>\n<\/ul>\n","protected":false},"excerpt":{"rendered":"<p>Planta anual de tallos comestibles<\/p>\n","protected":false},"featured_media":4665,"comment_status":"open","ping_status":"closed","template":"","meta":{"inline_featured_image":false,"_monsterinsights_skip_tracking":false,"_monsterinsights_sitenote_active":false,"_monsterinsights_sitenote_note":"","_monsterinsights_sitenote_category":0},"product_brand":[],"product_cat":[174],"product_tag":[],"class_list":{"0":"post-2975","1":"product","2":"type-product","3":"status-publish","4":"has-post-thumbnail","6":"product_cat-ajos-y-cebollas","8":"first","9":"instock","10":"shipping-taxable","11":"purchasable","12":"product-type-variable","13":"has-default-attributes"},"_links":{"self":[{"href":"https:\/\/qrosoft.mx\/tiendabosquedeniebla\/wp-json\/wp\/v2\/product\/2975","targetHints":{"allow":["GET"]}}],"collection":[{"href":"https:\/\/qrosoft.mx\/tiendabosquedeniebla\/wp-json\/wp\/v2\/product"}],"about":[{"href":"https:\/\/qrosoft.mx\/tiendabosquedeniebla\/wp-json\/wp\/v2\/types\/product"}],"replies":[{"embeddable":true,"href":"https:\/\/qrosoft.mx\/tiendabosquedeniebla\/wp-json\/wp\/v2\/comments?post=2975"}],"wp:featuredmedia":[{"embeddable":true,"href":"https:\/\/qrosoft.mx\/tiendabosquedeniebla\/wp-json\/wp\/v2\/media\/4665"}],"wp:attachment":[{"href":"https:\/\/qrosoft.mx\/tiendabosquedeniebla\/wp-json\/wp\/v2\/media?parent=2975"}],"wp:term":[{"taxonomy":"product_brand","embeddable":true,"href":"https:\/\/qrosoft.mx\/tiendabosquedeniebla\/wp-json\/wp\/v2\/product_brand?post=2975"},{"taxonomy":"product_cat","embeddable":true,"href":"https:\/\/qrosoft.mx\/tiendabosquedeniebla\/wp-json\/wp\/v2\/product_cat?post=2975"},{"taxonomy":"product_tag","embeddable":true,"href":"https:\/\/qrosoft.mx\/tiendabosquedeniebla\/wp-json\/wp\/v2\/product_tag?post=2975"}],"curies":[{"name":"wp","href":"https:\/\/api.w.org\/{rel}","templated":true}]}}