{"id":2970,"date":"2021-05-18T18:26:40","date_gmt":"2021-05-18T23:26:40","guid":{"rendered":"https:\/\/qrosoft.mx\/tiendabosquedeniebla\/product\/cebolla-welsh\/"},"modified":"2026-01-16T22:39:05","modified_gmt":"2026-01-17T04:39:05","slug":"cebolla-welsh","status":"publish","type":"product","link":"https:\/\/qrosoft.mx\/tiendabosquedeniebla\/product\/cebolla-welsh\/","title":{"rendered":"Cebolla welsh"},"content":{"rendered":"<h4><strong>Cebolla welsh &#8211; <em>Allium fistulosum<\/em><\/strong><\/h4>\n<ul>\n<li><strong>Familia:<\/strong> Allioideae<\/li>\n<li><strong>Origen:<\/strong> Asia<\/li>\n<li><strong>Area potencial de siembra por 0.2 g:<\/strong> 2m\u00b2<\/li>\n<li><strong>Semillas por 0.2 g:<\/strong> 60 aprox.<\/li>\n<li><strong>Descripci\u00f3n:<\/strong> Cebolla perenne. Forma alargada de poco grosor.<\/li>\n<li><strong>Usos:<\/strong> Hojas y tallos comestibles, de sabor m\u00e1s dulce que la cebolla com\u00fan. Se usa como sustituto de cebolla com\u00fan cruda o cocida. Cultivada en China y Jap\u00f3n desde hace m\u00e1s de 2,000 a\u00f1os.<\/li>\n<li><strong>Clima:<\/strong> Prefiere el clima templado, pero resiste cualquiera.<\/li>\n<li><strong>Zonas:<\/strong> 2, 3, 4, 5<\/li>\n<li><strong>Siembra:<\/strong> En alm\u00e1cigo y trasplantar a una distancia de 20cm entre plantas.<\/li>\n<li><strong>Nota:<\/strong> Regar constantemente hasta que el cultivo se establezca. Se propaga resembrando los nuevo bulbos.<\/li>\n<\/ul>\n","protected":false},"excerpt":{"rendered":"<p>Planta anual de tallos comestibles<\/p>\n","protected":false},"featured_media":2061,"comment_status":"open","ping_status":"closed","template":"","meta":{"inline_featured_image":false,"_monsterinsights_skip_tracking":false,"_monsterinsights_sitenote_active":false,"_monsterinsights_sitenote_note":"","_monsterinsights_sitenote_category":0},"product_brand":[],"product_cat":[174],"product_tag":[595,586,597,596],"class_list":{"0":"post-2970","1":"product","2":"type-product","3":"status-publish","4":"has-post-thumbnail","6":"product_cat-ajos-y-cebollas","7":"product_tag-cebolla","8":"product_tag-hortaliza","9":"product_tag-perenne","10":"product_tag-welsh","12":"first","13":"instock","14":"shipping-taxable","15":"purchasable","16":"product-type-variable","17":"has-default-attributes"},"_links":{"self":[{"href":"https:\/\/qrosoft.mx\/tiendabosquedeniebla\/wp-json\/wp\/v2\/product\/2970","targetHints":{"allow":["GET"]}}],"collection":[{"href":"https:\/\/qrosoft.mx\/tiendabosquedeniebla\/wp-json\/wp\/v2\/product"}],"about":[{"href":"https:\/\/qrosoft.mx\/tiendabosquedeniebla\/wp-json\/wp\/v2\/types\/product"}],"replies":[{"embeddable":true,"href":"https:\/\/qrosoft.mx\/tiendabosquedeniebla\/wp-json\/wp\/v2\/comments?post=2970"}],"wp:featuredmedia":[{"embeddable":true,"href":"https:\/\/qrosoft.mx\/tiendabosquedeniebla\/wp-json\/wp\/v2\/media\/2061"}],"wp:attachment":[{"href":"https:\/\/qrosoft.mx\/tiendabosquedeniebla\/wp-json\/wp\/v2\/media?parent=2970"}],"wp:term":[{"taxonomy":"product_brand","embeddable":true,"href":"https:\/\/qrosoft.mx\/tiendabosquedeniebla\/wp-json\/wp\/v2\/product_brand?post=2970"},{"taxonomy":"product_cat","embeddable":true,"href":"https:\/\/qrosoft.mx\/tiendabosquedeniebla\/wp-json\/wp\/v2\/product_cat?post=2970"},{"taxonomy":"product_tag","embeddable":true,"href":"https:\/\/qrosoft.mx\/tiendabosquedeniebla\/wp-json\/wp\/v2\/product_tag?post=2970"}],"curies":[{"name":"wp","href":"https:\/\/api.w.org\/{rel}","templated":true}]}}