{"id":2965,"date":"2021-05-18T18:26:40","date_gmt":"2021-05-18T23:26:40","guid":{"rendered":"https:\/\/qrosoft.mx\/tiendabosquedeniebla\/product\/cebada-morada\/"},"modified":"2025-10-20T15:24:09","modified_gmt":"2025-10-20T21:24:09","slug":"cebada-morada","status":"publish","type":"product","link":"https:\/\/qrosoft.mx\/tiendabosquedeniebla\/product\/cebada-morada\/","title":{"rendered":"Cebada morada"},"content":{"rendered":"<h4><strong>Cebada morada &#8211; <em>Hordeum vulgare<\/em><\/strong><\/h4>\n<ul>\n<li><strong>Familia:<\/strong> Poaceae<\/li>\n<li><strong>Origen:<\/strong> Asia<\/li>\n<li><strong>Area potencial de siembra por 8 g:<\/strong> 1.5m\u00b2<\/li>\n<li><strong>Semillas por 8 g:<\/strong> 300 aprox.<\/li>\n<li><strong>Descripci\u00f3n:<\/strong> Planta anual de hasta 1 m de altura. Semillas color morado.<\/li>\n<li><strong>Usos:<\/strong> Semillas comestibles, para la elaboraci\u00f3n de harina y de cerveza. La planta sirve como forraje para animales.<\/li>\n<li><strong>Clima:<\/strong> Templado. Temperatura \u00f3ptima de 16-20 \u00b0 C. Se adapta f\u00e1cilmente a cualquier condici\u00f3n clim\u00e1tica y a climas extremos.<\/li>\n<li><strong>Zonas:<\/strong> 3, 4, 5<\/li>\n<\/ul>\n","protected":false},"excerpt":{"rendered":"<p>Planta anual de hasta 1m de alto, semillas moradascomestibles<\/p>\n","protected":false},"featured_media":3793,"comment_status":"open","ping_status":"closed","template":"","meta":{"inline_featured_image":false,"_monsterinsights_skip_tracking":false,"_monsterinsights_sitenote_active":false,"_monsterinsights_sitenote_note":"","_monsterinsights_sitenote_category":0},"product_brand":[],"product_cat":[103],"product_tag":[],"class_list":{"0":"post-2965","1":"product","2":"type-product","3":"status-publish","4":"has-post-thumbnail","6":"product_cat-cebadas","8":"first","9":"instock","10":"shipping-taxable","11":"purchasable","12":"product-type-variable","13":"has-default-attributes"},"_links":{"self":[{"href":"https:\/\/qrosoft.mx\/tiendabosquedeniebla\/wp-json\/wp\/v2\/product\/2965","targetHints":{"allow":["GET"]}}],"collection":[{"href":"https:\/\/qrosoft.mx\/tiendabosquedeniebla\/wp-json\/wp\/v2\/product"}],"about":[{"href":"https:\/\/qrosoft.mx\/tiendabosquedeniebla\/wp-json\/wp\/v2\/types\/product"}],"replies":[{"embeddable":true,"href":"https:\/\/qrosoft.mx\/tiendabosquedeniebla\/wp-json\/wp\/v2\/comments?post=2965"}],"wp:featuredmedia":[{"embeddable":true,"href":"https:\/\/qrosoft.mx\/tiendabosquedeniebla\/wp-json\/wp\/v2\/media\/3793"}],"wp:attachment":[{"href":"https:\/\/qrosoft.mx\/tiendabosquedeniebla\/wp-json\/wp\/v2\/media?parent=2965"}],"wp:term":[{"taxonomy":"product_brand","embeddable":true,"href":"https:\/\/qrosoft.mx\/tiendabosquedeniebla\/wp-json\/wp\/v2\/product_brand?post=2965"},{"taxonomy":"product_cat","embeddable":true,"href":"https:\/\/qrosoft.mx\/tiendabosquedeniebla\/wp-json\/wp\/v2\/product_cat?post=2965"},{"taxonomy":"product_tag","embeddable":true,"href":"https:\/\/qrosoft.mx\/tiendabosquedeniebla\/wp-json\/wp\/v2\/product_tag?post=2965"}],"curies":[{"name":"wp","href":"https:\/\/api.w.org\/{rel}","templated":true}]}}