{"id":2957,"date":"2021-05-18T18:26:35","date_gmt":"2021-05-18T23:26:35","guid":{"rendered":"https:\/\/qrosoft.mx\/tiendabosquedeniebla\/product\/cardo-mariano\/"},"modified":"2026-01-13T20:03:22","modified_gmt":"2026-01-14T02:03:22","slug":"cardo-mariano","status":"publish","type":"product","link":"https:\/\/qrosoft.mx\/tiendabosquedeniebla\/product\/cardo-mariano\/","title":{"rendered":"Cardo Mariano"},"content":{"rendered":"<h4><strong>Cardo Mariano &#8211; <em>Silybum marianum<\/em><\/strong><\/h4>\n<ul>\n<li><strong>Familia:<\/strong> Asteraceae<\/li>\n<li><strong>Origen:<\/strong> Mediterr\u00e1neo, Asia<\/li>\n<li><strong>Area potencial de siembra por 0.5 g:<\/strong> 5m\u00b2<\/li>\n<li><strong>Semillas por 0.5 g:<\/strong> 30 aprox.<\/li>\n<li><strong>Descripci\u00f3n:<\/strong> Planta herb\u00e1cea anual o bianual, seg\u00fan las condiciones clim\u00e1ticas, de hasta 2m de alto. Hojas grandes muy espinosas, verdes con manchas blancas. Flores grandes con p\u00e9talos en forma de espinas, color rosa intenso.<\/li>\n<li><strong>Usos:<\/strong> Como planta medicinal para tratar alergias, h\u00edgado y trastornos digestivos. Propiedades anticancer\u00edgenas.<\/li>\n<li><strong>Clima:<\/strong> Templado-c\u00e1lido. Crece desde el nivel del mar hasta los 1,300msnm.<\/li>\n<li><strong>Zonas:<\/strong> 2, 3, 4<\/li>\n<li><strong>Siembra:<\/strong> En un lugar soleado. Requiere riego abundante.<\/li>\n<\/ul>\n","protected":false},"excerpt":{"rendered":"<p>Planta herb\u00e1cea anual o bianual de hasta 2m de alto, con propeidades medicinales<\/p>\n","protected":false},"featured_media":4678,"comment_status":"open","ping_status":"closed","template":"","meta":{"inline_featured_image":false,"_monsterinsights_skip_tracking":false,"_monsterinsights_sitenote_active":false,"_monsterinsights_sitenote_note":"","_monsterinsights_sitenote_category":0},"product_brand":[],"product_cat":[260],"product_tag":[],"class_list":{"0":"post-2957","1":"product","2":"type-product","3":"status-publish","4":"has-post-thumbnail","6":"product_cat-medicinales-y-culinarias","8":"first","9":"instock","10":"shipping-taxable","11":"purchasable","12":"product-type-variable","13":"has-default-attributes"},"_links":{"self":[{"href":"https:\/\/qrosoft.mx\/tiendabosquedeniebla\/wp-json\/wp\/v2\/product\/2957","targetHints":{"allow":["GET"]}}],"collection":[{"href":"https:\/\/qrosoft.mx\/tiendabosquedeniebla\/wp-json\/wp\/v2\/product"}],"about":[{"href":"https:\/\/qrosoft.mx\/tiendabosquedeniebla\/wp-json\/wp\/v2\/types\/product"}],"replies":[{"embeddable":true,"href":"https:\/\/qrosoft.mx\/tiendabosquedeniebla\/wp-json\/wp\/v2\/comments?post=2957"}],"wp:featuredmedia":[{"embeddable":true,"href":"https:\/\/qrosoft.mx\/tiendabosquedeniebla\/wp-json\/wp\/v2\/media\/4678"}],"wp:attachment":[{"href":"https:\/\/qrosoft.mx\/tiendabosquedeniebla\/wp-json\/wp\/v2\/media?parent=2957"}],"wp:term":[{"taxonomy":"product_brand","embeddable":true,"href":"https:\/\/qrosoft.mx\/tiendabosquedeniebla\/wp-json\/wp\/v2\/product_brand?post=2957"},{"taxonomy":"product_cat","embeddable":true,"href":"https:\/\/qrosoft.mx\/tiendabosquedeniebla\/wp-json\/wp\/v2\/product_cat?post=2957"},{"taxonomy":"product_tag","embeddable":true,"href":"https:\/\/qrosoft.mx\/tiendabosquedeniebla\/wp-json\/wp\/v2\/product_tag?post=2957"}],"curies":[{"name":"wp","href":"https:\/\/api.w.org\/{rel}","templated":true}]}}