{"id":2950,"date":"2021-05-18T18:26:34","date_gmt":"2021-05-18T23:26:34","guid":{"rendered":"https:\/\/qrosoft.mx\/tiendabosquedeniebla\/product\/capulin-de-mayo-o-tecapule\/"},"modified":"2025-12-15T09:10:51","modified_gmt":"2025-12-15T15:10:51","slug":"capulin-de-mayo-o-tecapule","status":"publish","type":"product","link":"https:\/\/qrosoft.mx\/tiendabosquedeniebla\/product\/capulin-de-mayo-o-tecapule\/","title":{"rendered":"Capul\u00edn de mayo o tecapule"},"content":{"rendered":"<h4>Capul\u00edn de mayo o tecapule &#8211; <em>Ardisia sp.<\/em><\/h4>\n<ul>\n<li><strong>Familia:<\/strong> Myrcinaceae<\/li>\n<li><strong>Origen:<\/strong> Centro y Sur de Am\u00e9rica<\/li>\n<li><strong>Otros nombres:<\/strong> capul\u00edn de mayo, chagalapole, querenba<\/li>\n<li><strong>Descripci\u00f3n:<\/strong> Arbusto de hasta 7m de alto. Hojas lanceoladas, oblongas o el\u00edpticas de 6 a 20 cm de largo y tallo de base p\u00farpura. Inflorescencias blancas en racimos de base rojiza o p\u00farpura, de 5 a 15cm de largo, generalmente con muchas flores peque\u00f1as de p\u00e9talos blancos. Frutos maduros algo globosos, de 6 a 8 mm de di\u00e1metro, de color p\u00farpura oscuro.<\/li>\n<li><strong>Usos:<\/strong> Fruto comestible de sabor dulce, se utiliza tradicionalmente para hacer aguas frescas, atole y licores.<\/li>\n<li><strong>Clima:<\/strong> C\u00e1lido y semi-c\u00e1lido desde los 0 hasta los 1700 msnm. Bosques de encino.<\/li>\n<li><strong>Zonas:<\/strong> 2 y 3.<\/li>\n<li><strong>Siembra:<\/strong> Prefiere lugares h\u00famedos con tierra arcillosa, tolera la sombra. Nota<\/li>\n<\/ul>\n","protected":false},"excerpt":{"rendered":"<p>Arbol frutal de clima subtropical<\/p>\n","protected":false},"featured_media":4558,"comment_status":"open","ping_status":"closed","template":"","meta":{"inline_featured_image":false,"_monsterinsights_skip_tracking":false,"_monsterinsights_sitenote_active":false,"_monsterinsights_sitenote_note":"","_monsterinsights_sitenote_category":0},"product_brand":[],"product_cat":[80],"product_tag":[],"class_list":{"0":"post-2950","1":"product","2":"type-product","3":"status-publish","4":"has-post-thumbnail","6":"product_cat-frutales","8":"first","9":"instock","10":"shipping-taxable","11":"purchasable","12":"product-type-variable","13":"has-default-attributes"},"_links":{"self":[{"href":"https:\/\/qrosoft.mx\/tiendabosquedeniebla\/wp-json\/wp\/v2\/product\/2950","targetHints":{"allow":["GET"]}}],"collection":[{"href":"https:\/\/qrosoft.mx\/tiendabosquedeniebla\/wp-json\/wp\/v2\/product"}],"about":[{"href":"https:\/\/qrosoft.mx\/tiendabosquedeniebla\/wp-json\/wp\/v2\/types\/product"}],"replies":[{"embeddable":true,"href":"https:\/\/qrosoft.mx\/tiendabosquedeniebla\/wp-json\/wp\/v2\/comments?post=2950"}],"wp:featuredmedia":[{"embeddable":true,"href":"https:\/\/qrosoft.mx\/tiendabosquedeniebla\/wp-json\/wp\/v2\/media\/4558"}],"wp:attachment":[{"href":"https:\/\/qrosoft.mx\/tiendabosquedeniebla\/wp-json\/wp\/v2\/media?parent=2950"}],"wp:term":[{"taxonomy":"product_brand","embeddable":true,"href":"https:\/\/qrosoft.mx\/tiendabosquedeniebla\/wp-json\/wp\/v2\/product_brand?post=2950"},{"taxonomy":"product_cat","embeddable":true,"href":"https:\/\/qrosoft.mx\/tiendabosquedeniebla\/wp-json\/wp\/v2\/product_cat?post=2950"},{"taxonomy":"product_tag","embeddable":true,"href":"https:\/\/qrosoft.mx\/tiendabosquedeniebla\/wp-json\/wp\/v2\/product_tag?post=2950"}],"curies":[{"name":"wp","href":"https:\/\/api.w.org\/{rel}","templated":true}]}}