{"id":2941,"date":"2021-05-18T18:26:33","date_gmt":"2021-05-18T23:26:33","guid":{"rendered":"https:\/\/qrosoft.mx\/tiendabosquedeniebla\/product\/camote-morado\/"},"modified":"2026-01-11T09:25:49","modified_gmt":"2026-01-11T15:25:49","slug":"camote-morado","status":"publish","type":"product","link":"https:\/\/qrosoft.mx\/tiendabosquedeniebla\/product\/camote-morado\/","title":{"rendered":"Camote dulce"},"content":{"rendered":"<h4><strong>Camote dulce &#8211; <em>Ipomoea batatas<\/em><\/strong><\/h4>\n<ul>\n<li><strong>Familia:<\/strong> Convolvulaceae<\/li>\n<li><strong>Origen:<\/strong> Regiones tropicales de Am\u00e9rica<\/li>\n<li><strong>Descripci\u00f3n:<\/strong> Tub\u00e9rculo rastrero de coloraci\u00f3n morada por fuera y blanquecino por dentro. Con hojas caracter\u00edsticas morada y verdes, alcanza hasta 30cm de alto y se extiende en un radio de m\u00e1s de 1m.<\/li>\n<li><strong>Usos:<\/strong> Camote de delicioso sabor dulce, usualmente consumido hervido, frito o guisado con otros vegetales.<\/li>\n<li><strong>Clima:<\/strong> C\u00e1lido a templado. F\u00e1cil de cultivar en suelos de buen drenaje, prefiere exposici\u00f3n completa al sol. Resiste sequ\u00eda. Se reproduce f\u00e1cilmente por esquejes.<\/li>\n<li><strong>Zonas:<\/strong> 1, 2 y 3.<\/li>\n<li><strong>Siembra:<\/strong> A 30cm entre plantas.<\/li>\n<li><strong>Cosecha:<\/strong> Los camotes maduran a los 5 meses, mostrando protuberancias en la cama de cultivo. Se recomienda cosechar a partir de ese momento.<\/li>\n<\/ul>\n","protected":false},"excerpt":{"rendered":"<p>Planta perenne trepadora y rastrera de tub\u00e9rculo comestible<\/p>\n","protected":false},"featured_media":2048,"comment_status":"open","ping_status":"closed","template":"","meta":{"inline_featured_image":false,"_monsterinsights_skip_tracking":false,"_monsterinsights_sitenote_active":false,"_monsterinsights_sitenote_note":"","_monsterinsights_sitenote_category":0},"product_brand":[],"product_cat":[78],"product_tag":[632,717,773,621,633],"class_list":{"0":"post-2941","1":"product","2":"type-product","3":"status-publish","4":"has-post-thumbnail","6":"product_cat-tuberculos","7":"product_tag-camote","8":"product_tag-comestible","9":"product_tag-dulce","10":"product_tag-morado","11":"product_tag-tuberculo","13":"first","14":"instock","15":"shipping-taxable","16":"purchasable","17":"product-type-variable","18":"has-default-attributes"},"_links":{"self":[{"href":"https:\/\/qrosoft.mx\/tiendabosquedeniebla\/wp-json\/wp\/v2\/product\/2941","targetHints":{"allow":["GET"]}}],"collection":[{"href":"https:\/\/qrosoft.mx\/tiendabosquedeniebla\/wp-json\/wp\/v2\/product"}],"about":[{"href":"https:\/\/qrosoft.mx\/tiendabosquedeniebla\/wp-json\/wp\/v2\/types\/product"}],"replies":[{"embeddable":true,"href":"https:\/\/qrosoft.mx\/tiendabosquedeniebla\/wp-json\/wp\/v2\/comments?post=2941"}],"wp:featuredmedia":[{"embeddable":true,"href":"https:\/\/qrosoft.mx\/tiendabosquedeniebla\/wp-json\/wp\/v2\/media\/2048"}],"wp:attachment":[{"href":"https:\/\/qrosoft.mx\/tiendabosquedeniebla\/wp-json\/wp\/v2\/media?parent=2941"}],"wp:term":[{"taxonomy":"product_brand","embeddable":true,"href":"https:\/\/qrosoft.mx\/tiendabosquedeniebla\/wp-json\/wp\/v2\/product_brand?post=2941"},{"taxonomy":"product_cat","embeddable":true,"href":"https:\/\/qrosoft.mx\/tiendabosquedeniebla\/wp-json\/wp\/v2\/product_cat?post=2941"},{"taxonomy":"product_tag","embeddable":true,"href":"https:\/\/qrosoft.mx\/tiendabosquedeniebla\/wp-json\/wp\/v2\/product_tag?post=2941"}],"curies":[{"name":"wp","href":"https:\/\/api.w.org\/{rel}","templated":true}]}}