{"id":2935,"date":"2021-05-18T18:26:33","date_gmt":"2021-05-18T23:26:33","guid":{"rendered":"https:\/\/qrosoft.mx\/tiendabosquedeniebla\/product\/caliandra\/"},"modified":"2026-01-05T10:44:15","modified_gmt":"2026-01-05T16:44:15","slug":"caliandra","status":"publish","type":"product","link":"https:\/\/qrosoft.mx\/tiendabosquedeniebla\/product\/caliandra\/","title":{"rendered":"Caliandra"},"content":{"rendered":"<h4><strong>Caliandra &#8211; <em>Calliandra houstoniana<\/em><\/strong><\/h4>\n<ul>\n<li><strong>Familia:<\/strong> Fabaceae<\/li>\n<li><strong>Area potencial de siembra por 10 g:<\/strong> 75m\u00b2<\/li>\n<li><strong>Semillas por 10 g:<\/strong> 150 aprox.<\/li>\n<li><strong>Descripci\u00f3n:<\/strong> Arbusto perenne leguminoso, fijador de nitr\u00f3geno, con buena capacidad de competir con malezas por su r\u00e1pido crecimiento.<\/li>\n<li><strong>Usos:<\/strong> Fijaci\u00f3n de nitr\u00f3geno, producci\u00f3n de le\u00f1a por su alta capacidad de rebrote. Control de erosi\u00f3n, mejoramiento de suelos, forraje y barreras contra fuego. Es tambi\u00e9n ornamental y mel\u00edfera.<\/li>\n<li><strong>Clima:<\/strong> Tropical y templado de 150 hasta 2,000msnm.<\/li>\n<li><strong>Zonas:<\/strong> 2, 3, 4, 5<\/li>\n<li><strong>Siembra:<\/strong> Dispersa en el bosque huerto, a 50cm entre plantas en cultivo en callejones y sistemas agroforestales, a 2 X 2m en bancos para producci\u00f3n de le\u00f1a.<\/li>\n<li><strong>Nota:<\/strong> Puede crecer en suelos inf\u00e9rtiles, arcillosos y arenosos.<\/li>\n<\/ul>\n","protected":false},"excerpt":{"rendered":"<p>Arbusto perenne leguminoso, buena para competir con la maleza.<\/p>\n","protected":false},"featured_media":2046,"comment_status":"open","ping_status":"closed","template":"","meta":{"inline_featured_image":false,"_monsterinsights_skip_tracking":false,"_monsterinsights_sitenote_active":false,"_monsterinsights_sitenote_note":"","_monsterinsights_sitenote_category":0},"product_brand":[],"product_cat":[84],"product_tag":[],"class_list":{"0":"post-2935","1":"product","2":"type-product","3":"status-publish","4":"has-post-thumbnail","6":"product_cat-fijadoras-de-nitrogeno","8":"first","9":"instock","10":"shipping-taxable","11":"purchasable","12":"product-type-variable","13":"has-default-attributes"},"_links":{"self":[{"href":"https:\/\/qrosoft.mx\/tiendabosquedeniebla\/wp-json\/wp\/v2\/product\/2935","targetHints":{"allow":["GET"]}}],"collection":[{"href":"https:\/\/qrosoft.mx\/tiendabosquedeniebla\/wp-json\/wp\/v2\/product"}],"about":[{"href":"https:\/\/qrosoft.mx\/tiendabosquedeniebla\/wp-json\/wp\/v2\/types\/product"}],"replies":[{"embeddable":true,"href":"https:\/\/qrosoft.mx\/tiendabosquedeniebla\/wp-json\/wp\/v2\/comments?post=2935"}],"wp:featuredmedia":[{"embeddable":true,"href":"https:\/\/qrosoft.mx\/tiendabosquedeniebla\/wp-json\/wp\/v2\/media\/2046"}],"wp:attachment":[{"href":"https:\/\/qrosoft.mx\/tiendabosquedeniebla\/wp-json\/wp\/v2\/media?parent=2935"}],"wp:term":[{"taxonomy":"product_brand","embeddable":true,"href":"https:\/\/qrosoft.mx\/tiendabosquedeniebla\/wp-json\/wp\/v2\/product_brand?post=2935"},{"taxonomy":"product_cat","embeddable":true,"href":"https:\/\/qrosoft.mx\/tiendabosquedeniebla\/wp-json\/wp\/v2\/product_cat?post=2935"},{"taxonomy":"product_tag","embeddable":true,"href":"https:\/\/qrosoft.mx\/tiendabosquedeniebla\/wp-json\/wp\/v2\/product_tag?post=2935"}],"curies":[{"name":"wp","href":"https:\/\/api.w.org\/{rel}","templated":true}]}}