{"id":2932,"date":"2021-05-18T18:26:32","date_gmt":"2021-05-18T23:26:32","guid":{"rendered":"https:\/\/qrosoft.mx\/tiendabosquedeniebla\/product\/calendula\/"},"modified":"2026-04-21T01:42:03","modified_gmt":"2026-04-21T06:42:03","slug":"calendula","status":"publish","type":"product","link":"https:\/\/qrosoft.mx\/tiendabosquedeniebla\/product\/calendula\/","title":{"rendered":"Cal\u00e9ndula"},"content":{"rendered":"<h4><strong>Cal\u00e9ndula &#8211; <em>Calendula officinalis<\/em><\/strong><\/h4>\n<ul>\n<li><strong>Familia:<\/strong> Asteraceae<\/li>\n<li><strong>Origen:<\/strong> Mediterr\u00e1neo oriental<\/li>\n<li><strong>Area potencial de siembra por 2.5 g:<\/strong> 20m\u00b2<\/li>\n<li><strong>Semillas por 2.5 g:<\/strong> 225 aprox.<\/li>\n<li><strong>Descripci\u00f3n:<\/strong> Planta herb\u00e1cea anual de 30 a 50cm de altura. Y 30cm de ancho. Flores comestibles de color naranja que florean casi todo el a\u00f1o; se abren por la ma\u00f1ana y se cierran al atardecer.<\/li>\n<li><strong>Usos:<\/strong> Las flores son comestibles y se utilizan como antis\u00e9ptico para la piel.<\/li>\n<li><strong>Clima:<\/strong> Aunque prefiere el clima templado, es resistente a la humedad, la sequ\u00eda, las heladas y calores fuertes.<\/li>\n<li><strong>Zonas:<\/strong> 2, 3, 4, 5<\/li>\n<li><strong>Siembra:<\/strong> En alm\u00e1cigo y trasplantar a una distancia de 30cm entre plantas.<\/li>\n<li><strong>Nota:<\/strong> Prefiere el sol directo.<\/li>\n<\/ul>\n","protected":false},"excerpt":{"rendered":"<p>Planta anual ornamental y con propiedades medicinales<\/p>\n","protected":false},"featured_media":2045,"comment_status":"open","ping_status":"closed","template":"","meta":{"inline_featured_image":false,"_monsterinsights_skip_tracking":false,"_monsterinsights_sitenote_active":false,"_monsterinsights_sitenote_note":"","_monsterinsights_sitenote_category":0},"product_brand":[],"product_cat":[800],"product_tag":[],"class_list":{"0":"post-2932","1":"product","2":"type-product","3":"status-publish","4":"has-post-thumbnail","6":"product_cat-medicinales","8":"first","9":"instock","10":"shipping-taxable","11":"purchasable","12":"product-type-variable","13":"has-default-attributes"},"_links":{"self":[{"href":"https:\/\/qrosoft.mx\/tiendabosquedeniebla\/wp-json\/wp\/v2\/product\/2932","targetHints":{"allow":["GET"]}}],"collection":[{"href":"https:\/\/qrosoft.mx\/tiendabosquedeniebla\/wp-json\/wp\/v2\/product"}],"about":[{"href":"https:\/\/qrosoft.mx\/tiendabosquedeniebla\/wp-json\/wp\/v2\/types\/product"}],"replies":[{"embeddable":true,"href":"https:\/\/qrosoft.mx\/tiendabosquedeniebla\/wp-json\/wp\/v2\/comments?post=2932"}],"wp:featuredmedia":[{"embeddable":true,"href":"https:\/\/qrosoft.mx\/tiendabosquedeniebla\/wp-json\/wp\/v2\/media\/2045"}],"wp:attachment":[{"href":"https:\/\/qrosoft.mx\/tiendabosquedeniebla\/wp-json\/wp\/v2\/media?parent=2932"}],"wp:term":[{"taxonomy":"product_brand","embeddable":true,"href":"https:\/\/qrosoft.mx\/tiendabosquedeniebla\/wp-json\/wp\/v2\/product_brand?post=2932"},{"taxonomy":"product_cat","embeddable":true,"href":"https:\/\/qrosoft.mx\/tiendabosquedeniebla\/wp-json\/wp\/v2\/product_cat?post=2932"},{"taxonomy":"product_tag","embeddable":true,"href":"https:\/\/qrosoft.mx\/tiendabosquedeniebla\/wp-json\/wp\/v2\/product_tag?post=2932"}],"curies":[{"name":"wp","href":"https:\/\/api.w.org\/{rel}","templated":true}]}}