{"id":2920,"date":"2021-05-18T18:26:27","date_gmt":"2021-05-18T23:26:27","guid":{"rendered":"https:\/\/qrosoft.mx\/tiendabosquedeniebla\/product\/calabaza-pipiana\/"},"modified":"2025-12-16T18:29:14","modified_gmt":"2025-12-17T00:29:14","slug":"calabaza-pipiana","status":"publish","type":"product","link":"https:\/\/qrosoft.mx\/tiendabosquedeniebla\/product\/calabaza-pipiana\/","title":{"rendered":"Calabaza de gu\u00eda pipiana"},"content":{"rendered":"<h4><strong>Calabaza de gu\u00eda pipiana &#8211; <em>Cucurbita argyrosperma<\/em><\/strong><\/h4>\n<ul>\n<li><strong>Familia:<\/strong> Cucurbitaceae<\/li>\n<li><strong>Origen:<\/strong> M\u00e9xico<\/li>\n<li><strong>Area potencial de siembra por 3 g:<\/strong> 33m\u00b2<\/li>\n<li><strong>Semillas por 3 g:<\/strong> 10 aprox.<\/li>\n<li><strong>Descripci\u00f3n:<\/strong> Planta de r\u00e1pido crecimiento que requiere de gu\u00eda, no muy frondosa.<\/li>\n<li><strong>Usos:<\/strong> La semilla de esta calabaza se utiliza para realizar el mole pipi\u00e1n, uno de los m\u00e1s populares y tradicionales de M\u00e9xico. El fruto es de sabor amargo por lo que no se consume como alimento.<\/li>\n<li><strong>Clima:<\/strong> Templado a c\u00e1lido. Crece en alturas desde los 50 hasta los 1,600msnm.<\/li>\n<li><strong>Zonas:<\/strong> 1, 2, 3<\/li>\n<li><strong>Siembra:<\/strong> Directo en el suelo, a una distancia de 2m entre plantas.<\/li>\n<\/ul>\n","protected":false},"excerpt":{"rendered":"<p>Planta anual de gu\u00eda, de frutos y flores comestibles<\/p>\n","protected":false},"featured_media":4467,"comment_status":"open","ping_status":"closed","template":"","meta":{"inline_featured_image":false,"_monsterinsights_skip_tracking":false,"_monsterinsights_sitenote_active":false,"_monsterinsights_sitenote_note":"","_monsterinsights_sitenote_category":0},"product_brand":[],"product_cat":[173],"product_tag":[],"class_list":{"0":"post-2920","1":"product","2":"type-product","3":"status-publish","4":"has-post-thumbnail","6":"product_cat-calabazas-y-similares","8":"first","9":"instock","10":"shipping-taxable","11":"purchasable","12":"product-type-variable","13":"has-default-attributes"},"_links":{"self":[{"href":"https:\/\/qrosoft.mx\/tiendabosquedeniebla\/wp-json\/wp\/v2\/product\/2920","targetHints":{"allow":["GET"]}}],"collection":[{"href":"https:\/\/qrosoft.mx\/tiendabosquedeniebla\/wp-json\/wp\/v2\/product"}],"about":[{"href":"https:\/\/qrosoft.mx\/tiendabosquedeniebla\/wp-json\/wp\/v2\/types\/product"}],"replies":[{"embeddable":true,"href":"https:\/\/qrosoft.mx\/tiendabosquedeniebla\/wp-json\/wp\/v2\/comments?post=2920"}],"wp:featuredmedia":[{"embeddable":true,"href":"https:\/\/qrosoft.mx\/tiendabosquedeniebla\/wp-json\/wp\/v2\/media\/4467"}],"wp:attachment":[{"href":"https:\/\/qrosoft.mx\/tiendabosquedeniebla\/wp-json\/wp\/v2\/media?parent=2920"}],"wp:term":[{"taxonomy":"product_brand","embeddable":true,"href":"https:\/\/qrosoft.mx\/tiendabosquedeniebla\/wp-json\/wp\/v2\/product_brand?post=2920"},{"taxonomy":"product_cat","embeddable":true,"href":"https:\/\/qrosoft.mx\/tiendabosquedeniebla\/wp-json\/wp\/v2\/product_cat?post=2920"},{"taxonomy":"product_tag","embeddable":true,"href":"https:\/\/qrosoft.mx\/tiendabosquedeniebla\/wp-json\/wp\/v2\/product_tag?post=2920"}],"curies":[{"name":"wp","href":"https:\/\/api.w.org\/{rel}","templated":true}]}}