{"id":2916,"date":"2021-05-18T18:26:27","date_gmt":"2021-05-18T23:26:27","guid":{"rendered":"https:\/\/qrosoft.mx\/tiendabosquedeniebla\/product\/calabaza-melona\/"},"modified":"2025-11-27T23:22:56","modified_gmt":"2025-11-28T05:22:56","slug":"calabaza-melona","status":"publish","type":"product","link":"https:\/\/qrosoft.mx\/tiendabosquedeniebla\/product\/calabaza-melona\/","title":{"rendered":"Calabaza de gu\u00eda melona"},"content":{"rendered":"<h4><strong>Calabaza de gu\u00eda melona &#8211; <em>Sicana odorifera<\/em><\/strong><\/h4>\n<ul>\n<li><strong>Familia:<\/strong> Cucurbitaceae<\/li>\n<li><strong>Origen:<\/strong> Sudam\u00e9rica<\/li>\n<li><strong>Area potencial de siembra por 3 g:<\/strong> 100m\u00b2<\/li>\n<li><strong>Semillas por 3 g:<\/strong> 30 aprox.<\/li>\n<li><strong>Descripci\u00f3n:<\/strong> Planta anual trepadora de hasta 10m de altura. Hojas grises, grandes y frondosas. El fruto alargado (40cm de largo y 15 de di\u00e1metro aprox.), alcanza m\u00e1s de 1.5kg de peso y tiene un delicioso olor amelonado.<\/li>\n<li><strong>Usos:<\/strong> Fruto comestible crudo en rodajas finas o en dulce y conservas. Verde se cocina en sopas y guisos. Fruto maduro utilizado como arom\u00e1tico, coloc\u00e1ndose en los curatos de la casa. Se le atribuyen propiedades medicinales como emenagoga, verm\u00edfuga y febr\u00edfuga.<\/li>\n<li><strong>Clima:<\/strong> c\u00e1lido a templado, con distribuci\u00f3n natural entre los 100 y 1,300 m.s.n.m.<\/li>\n<li><strong>Zonas:<\/strong> 1, 2, 3<\/li>\n<li><strong>Siembra:<\/strong> directo al suelo, requiere tutores<\/li>\n<li><strong>Cosecha:<\/strong> Cuando los frutos alcanzan un color rojizo intenso, a los 6 meses post siembra aprox.<\/li>\n<\/ul>\n","protected":false},"excerpt":{"rendered":"<p>Planta anual trepadora, de frutos comestibles<\/p>\n","protected":false},"featured_media":2037,"comment_status":"open","ping_status":"closed","template":"","meta":{"inline_featured_image":false,"_monsterinsights_skip_tracking":false,"_monsterinsights_sitenote_active":false,"_monsterinsights_sitenote_note":"","_monsterinsights_sitenote_category":0},"product_brand":[],"product_cat":[173],"product_tag":[],"class_list":{"0":"post-2916","1":"product","2":"type-product","3":"status-publish","4":"has-post-thumbnail","6":"product_cat-calabazas-y-similares","8":"first","9":"instock","10":"shipping-taxable","11":"purchasable","12":"product-type-variable","13":"has-default-attributes"},"_links":{"self":[{"href":"https:\/\/qrosoft.mx\/tiendabosquedeniebla\/wp-json\/wp\/v2\/product\/2916","targetHints":{"allow":["GET"]}}],"collection":[{"href":"https:\/\/qrosoft.mx\/tiendabosquedeniebla\/wp-json\/wp\/v2\/product"}],"about":[{"href":"https:\/\/qrosoft.mx\/tiendabosquedeniebla\/wp-json\/wp\/v2\/types\/product"}],"replies":[{"embeddable":true,"href":"https:\/\/qrosoft.mx\/tiendabosquedeniebla\/wp-json\/wp\/v2\/comments?post=2916"}],"wp:featuredmedia":[{"embeddable":true,"href":"https:\/\/qrosoft.mx\/tiendabosquedeniebla\/wp-json\/wp\/v2\/media\/2037"}],"wp:attachment":[{"href":"https:\/\/qrosoft.mx\/tiendabosquedeniebla\/wp-json\/wp\/v2\/media?parent=2916"}],"wp:term":[{"taxonomy":"product_brand","embeddable":true,"href":"https:\/\/qrosoft.mx\/tiendabosquedeniebla\/wp-json\/wp\/v2\/product_brand?post=2916"},{"taxonomy":"product_cat","embeddable":true,"href":"https:\/\/qrosoft.mx\/tiendabosquedeniebla\/wp-json\/wp\/v2\/product_cat?post=2916"},{"taxonomy":"product_tag","embeddable":true,"href":"https:\/\/qrosoft.mx\/tiendabosquedeniebla\/wp-json\/wp\/v2\/product_tag?post=2916"}],"curies":[{"name":"wp","href":"https:\/\/api.w.org\/{rel}","templated":true}]}}