{"id":2900,"date":"2021-05-18T18:26:24","date_gmt":"2021-05-18T23:26:24","guid":{"rendered":"https:\/\/qrosoft.mx\/tiendabosquedeniebla\/product\/brocoli-chino-o-kai-lan\/"},"modified":"2026-01-10T12:09:09","modified_gmt":"2026-01-10T18:09:09","slug":"brocoli-chino-o-kai-lan","status":"publish","type":"product","link":"https:\/\/qrosoft.mx\/tiendabosquedeniebla\/product\/brocoli-chino-o-kai-lan\/","title":{"rendered":"Br\u00f3coli chino o kai lan"},"content":{"rendered":"<h4><strong>Br\u00f3coli chino o kai lan &#8211; <em>Brassica oleracea var. alboglabra<\/em><\/strong><\/h4>\n<ul>\n<li><strong>Familia:<\/strong> Brassicaceae<\/li>\n<li><strong>Origen:<\/strong> Asia<\/li>\n<li><strong>Area potencial de siembra por 0.4 g:<\/strong> 5m\u00b2<\/li>\n<li><strong>Semillas por 0.4 g:<\/strong> 150 aprox.<\/li>\n<li><strong>Descripci\u00f3n:<\/strong> Delicado vegetal oriental, f\u00e1cil y r\u00e1pido de cultivar, de sabor dulce y delicioso, parecido al esp\u00e1rrago, de ah\u00ed su nombre. Es pariente del br\u00f3coli pero lo que se come es el tallo, antes de que abra la flor.<\/li>\n<li><strong>Usos:<\/strong> Tallos y hojas comestibles, preferentemente tiernas, crudas o cocidas.<\/li>\n<li><strong>Clima:<\/strong> Prefiere el clima templado-fr\u00edo.<\/li>\n<li><strong>Zonas:<\/strong> 2, 3, 4, 5<\/li>\n<li><strong>Siembra:<\/strong> Sembrar en alm\u00e1cigo y trasplantar a 20cm.<\/li>\n<\/ul>\n","protected":false},"excerpt":{"rendered":"<p>Planta anual de hojas comestibles<\/p>\n","protected":false},"featured_media":4677,"comment_status":"open","ping_status":"closed","template":"","meta":{"inline_featured_image":false,"_monsterinsights_skip_tracking":false,"_monsterinsights_sitenote_active":false,"_monsterinsights_sitenote_note":"","_monsterinsights_sitenote_category":0},"product_brand":[],"product_cat":[802],"product_tag":[],"class_list":{"0":"post-2900","1":"product","2":"type-product","3":"status-publish","4":"has-post-thumbnail","6":"product_cat-brocolis-y-coliflores","8":"first","9":"instock","10":"shipping-taxable","11":"purchasable","12":"product-type-variable","13":"has-default-attributes"},"_links":{"self":[{"href":"https:\/\/qrosoft.mx\/tiendabosquedeniebla\/wp-json\/wp\/v2\/product\/2900","targetHints":{"allow":["GET"]}}],"collection":[{"href":"https:\/\/qrosoft.mx\/tiendabosquedeniebla\/wp-json\/wp\/v2\/product"}],"about":[{"href":"https:\/\/qrosoft.mx\/tiendabosquedeniebla\/wp-json\/wp\/v2\/types\/product"}],"replies":[{"embeddable":true,"href":"https:\/\/qrosoft.mx\/tiendabosquedeniebla\/wp-json\/wp\/v2\/comments?post=2900"}],"wp:featuredmedia":[{"embeddable":true,"href":"https:\/\/qrosoft.mx\/tiendabosquedeniebla\/wp-json\/wp\/v2\/media\/4677"}],"wp:attachment":[{"href":"https:\/\/qrosoft.mx\/tiendabosquedeniebla\/wp-json\/wp\/v2\/media?parent=2900"}],"wp:term":[{"taxonomy":"product_brand","embeddable":true,"href":"https:\/\/qrosoft.mx\/tiendabosquedeniebla\/wp-json\/wp\/v2\/product_brand?post=2900"},{"taxonomy":"product_cat","embeddable":true,"href":"https:\/\/qrosoft.mx\/tiendabosquedeniebla\/wp-json\/wp\/v2\/product_cat?post=2900"},{"taxonomy":"product_tag","embeddable":true,"href":"https:\/\/qrosoft.mx\/tiendabosquedeniebla\/wp-json\/wp\/v2\/product_tag?post=2900"}],"curies":[{"name":"wp","href":"https:\/\/api.w.org\/{rel}","templated":true}]}}