{"id":2898,"date":"2021-05-18T18:26:24","date_gmt":"2021-05-18T23:26:24","guid":{"rendered":"https:\/\/qrosoft.mx\/tiendabosquedeniebla\/product\/brocoli\/"},"modified":"2025-12-16T18:29:13","modified_gmt":"2025-12-17T00:29:13","slug":"brocoli","status":"publish","type":"product","link":"https:\/\/qrosoft.mx\/tiendabosquedeniebla\/product\/brocoli\/","title":{"rendered":"Br\u00f3coli"},"content":{"rendered":"<h4><strong>Br\u00f3coli &#8211; <em>Brassica oleraceae<\/em><\/strong><\/h4>\n<ul>\n<li><strong>Familia:<\/strong> Brassicaceae<\/li>\n<li><strong>Origen:<\/strong> Turqu\u00eda<\/li>\n<li><strong>Area potencial de siembra por 0.8 g:<\/strong> 32m\u00b2<\/li>\n<li><strong>Semillas por 0.8 g:<\/strong> 220 aprox.<\/li>\n<li><strong>Descripci\u00f3n:<\/strong> Planta herb\u00e1cea anual, de hasta 50cm de alto por 40cm de ancho.<\/li>\n<li><strong>Usos:<\/strong> Flores y tallos tiernos comestibles.<\/li>\n<li><strong>Clima:<\/strong> No resiste el calor excesivo, como la mayor\u00eda de las br\u00e1sicas.<\/li>\n<li><strong>Zonas:<\/strong> 3, 4, 5<\/li>\n<li><strong>Siembra:<\/strong> En alm\u00e1cigo y se trasplanta a una distancia de 40cm entre plantas.<\/li>\n<li><strong>Nota:<\/strong> Es vigorosa y f\u00e1cil de cultivar. Se cosecha la cabeza principal cuando tiene un tama\u00f1o de 15 a 20cm y posteriormente le salen cabezas de menor tama\u00f1o, \u00e9stas tambi\u00e9n hay que cosecharlas continuamente para que siga dando.<\/li>\n<\/ul>\n","protected":false},"excerpt":{"rendered":"<p>Planta anual de hojas comestibles<\/p>\n","protected":false},"featured_media":2028,"comment_status":"open","ping_status":"closed","template":"","meta":{"inline_featured_image":false,"_monsterinsights_skip_tracking":false,"_monsterinsights_sitenote_active":false,"_monsterinsights_sitenote_note":"","_monsterinsights_sitenote_category":0},"product_brand":[],"product_cat":[802],"product_tag":[],"class_list":{"0":"post-2898","1":"product","2":"type-product","3":"status-publish","4":"has-post-thumbnail","6":"product_cat-brocolis-y-coliflores","8":"first","9":"instock","10":"shipping-taxable","11":"purchasable","12":"product-type-variable","13":"has-default-attributes"},"_links":{"self":[{"href":"https:\/\/qrosoft.mx\/tiendabosquedeniebla\/wp-json\/wp\/v2\/product\/2898","targetHints":{"allow":["GET"]}}],"collection":[{"href":"https:\/\/qrosoft.mx\/tiendabosquedeniebla\/wp-json\/wp\/v2\/product"}],"about":[{"href":"https:\/\/qrosoft.mx\/tiendabosquedeniebla\/wp-json\/wp\/v2\/types\/product"}],"replies":[{"embeddable":true,"href":"https:\/\/qrosoft.mx\/tiendabosquedeniebla\/wp-json\/wp\/v2\/comments?post=2898"}],"wp:featuredmedia":[{"embeddable":true,"href":"https:\/\/qrosoft.mx\/tiendabosquedeniebla\/wp-json\/wp\/v2\/media\/2028"}],"wp:attachment":[{"href":"https:\/\/qrosoft.mx\/tiendabosquedeniebla\/wp-json\/wp\/v2\/media?parent=2898"}],"wp:term":[{"taxonomy":"product_brand","embeddable":true,"href":"https:\/\/qrosoft.mx\/tiendabosquedeniebla\/wp-json\/wp\/v2\/product_brand?post=2898"},{"taxonomy":"product_cat","embeddable":true,"href":"https:\/\/qrosoft.mx\/tiendabosquedeniebla\/wp-json\/wp\/v2\/product_cat?post=2898"},{"taxonomy":"product_tag","embeddable":true,"href":"https:\/\/qrosoft.mx\/tiendabosquedeniebla\/wp-json\/wp\/v2\/product_tag?post=2898"}],"curies":[{"name":"wp","href":"https:\/\/api.w.org\/{rel}","templated":true}]}}