{"id":2888,"date":"2021-05-18T18:26:23","date_gmt":"2021-05-18T23:26:23","guid":{"rendered":"https:\/\/qrosoft.mx\/tiendabosquedeniebla\/product\/berenjena-ping-to-long\/"},"modified":"2025-11-27T23:22:56","modified_gmt":"2025-11-28T05:22:56","slug":"berenjena-ping-tung-long","status":"publish","type":"product","link":"https:\/\/qrosoft.mx\/tiendabosquedeniebla\/product\/berenjena-ping-tung-long\/","title":{"rendered":"Berenjena ping tung long"},"content":{"rendered":"<h4><strong>Berenjena ping tung long &#8211; <em>Solanum melongena<\/em><\/strong><\/h4>\n<ul>\n<li><strong>Familia:<\/strong> Solanaceae<\/li>\n<li><strong>Origen:<\/strong> Asia<\/li>\n<li><strong>Area potencial de siembra por 0.25 g:<\/strong> 15m\u00b2<\/li>\n<li><strong>Semillas por 0.25 g:<\/strong> 95 aprox.<\/li>\n<li><strong>Descripci\u00f3n:<\/strong> Planta herb\u00e1cea anual de 40 a 50cm de altura por 40cm de ancho. Variedad temprana resistente a clima templado-h\u00famedo, usada tradicionalmente en Jap\u00f3n. Fruto alargado de color morado con tonalidades blancas en la punta.<\/li>\n<li><strong>Usos:<\/strong> Fruto comestible.<\/li>\n<li><strong>Clima:<\/strong> Prefiere el clima caliente.<\/li>\n<li><strong>Zonas:<\/strong> 2, 3, 4, 5<\/li>\n<li><strong>Siembra:<\/strong> En alm\u00e1cigo y trasplantar a principios de la primavera, a 40cm de distancia entre plantas.<\/li>\n<li><strong>Nota:<\/strong> La semilla requiere temperaturas mayores a 20\u00b0C para germinar. En inviernos fr\u00edos es necesario plantarla en alm\u00e1cigo, dentro de invernadero.<\/li>\n<\/ul>\n","protected":false},"excerpt":{"rendered":"<p>Planta anual de aproximadamente 60cm alto, de frutos comestibles<\/p>\n","protected":false},"featured_media":2024,"comment_status":"open","ping_status":"closed","template":"","meta":{"inline_featured_image":false,"_monsterinsights_skip_tracking":false,"_monsterinsights_sitenote_active":false,"_monsterinsights_sitenote_note":"","_monsterinsights_sitenote_category":0},"product_brand":[],"product_cat":[170],"product_tag":[],"class_list":{"0":"post-2888","1":"product","2":"type-product","3":"status-publish","4":"has-post-thumbnail","6":"product_cat-berenjenas","8":"first","9":"instock","10":"shipping-taxable","11":"purchasable","12":"product-type-variable","13":"has-default-attributes"},"_links":{"self":[{"href":"https:\/\/qrosoft.mx\/tiendabosquedeniebla\/wp-json\/wp\/v2\/product\/2888","targetHints":{"allow":["GET"]}}],"collection":[{"href":"https:\/\/qrosoft.mx\/tiendabosquedeniebla\/wp-json\/wp\/v2\/product"}],"about":[{"href":"https:\/\/qrosoft.mx\/tiendabosquedeniebla\/wp-json\/wp\/v2\/types\/product"}],"replies":[{"embeddable":true,"href":"https:\/\/qrosoft.mx\/tiendabosquedeniebla\/wp-json\/wp\/v2\/comments?post=2888"}],"wp:featuredmedia":[{"embeddable":true,"href":"https:\/\/qrosoft.mx\/tiendabosquedeniebla\/wp-json\/wp\/v2\/media\/2024"}],"wp:attachment":[{"href":"https:\/\/qrosoft.mx\/tiendabosquedeniebla\/wp-json\/wp\/v2\/media?parent=2888"}],"wp:term":[{"taxonomy":"product_brand","embeddable":true,"href":"https:\/\/qrosoft.mx\/tiendabosquedeniebla\/wp-json\/wp\/v2\/product_brand?post=2888"},{"taxonomy":"product_cat","embeddable":true,"href":"https:\/\/qrosoft.mx\/tiendabosquedeniebla\/wp-json\/wp\/v2\/product_cat?post=2888"},{"taxonomy":"product_tag","embeddable":true,"href":"https:\/\/qrosoft.mx\/tiendabosquedeniebla\/wp-json\/wp\/v2\/product_tag?post=2888"}],"curies":[{"name":"wp","href":"https:\/\/api.w.org\/{rel}","templated":true}]}}