{"id":2880,"date":"2021-05-18T18:26:18","date_gmt":"2021-05-18T23:26:18","guid":{"rendered":"https:\/\/qrosoft.mx\/tiendabosquedeniebla\/product\/bambu-vulgaris-verde\/"},"modified":"2025-12-15T09:47:30","modified_gmt":"2025-12-15T15:47:30","slug":"bambu-vulgaris-verde","status":"publish","type":"product","link":"https:\/\/qrosoft.mx\/tiendabosquedeniebla\/product\/bambu-vulgaris-verde\/","title":{"rendered":"Bambu vulgaris verde"},"content":{"rendered":"<h4>Bamb\u00fa vulgaris verde &#8211; <em>Bamb\u00fasa vulgaris<\/em><\/h4>\n<ul>\n<li><strong>Familia:<\/strong> Poaceae<\/li>\n<li><strong>Origen:<\/strong> China<\/li>\n<li><strong>Descripci\u00f3n:<\/strong> Forma macollas, no es invasor, tallos de 6 a 18 metros de altura y di\u00e1metros de hasta 10 cm<\/li>\n<li><strong>Usos:<\/strong> Construcciones sencillas (crece muy chueco), control de erosi\u00f3n, producci\u00f3n de le\u00f1a, carb\u00f3n y pulpa para papel. Postes para cultivos como el chayote.<\/li>\n<li><strong>Clima:<\/strong> Tropical y subtropical, tolera hasta -3\u00b0C<\/li>\n<li><strong>Zonas:<\/strong> 1, 2 y 3<\/li>\n<li><strong>Siembra:<\/strong> A una distancia de 5 m entre plantas y entre hileras.<\/li>\n<\/ul>\n","protected":false},"excerpt":{"rendered":"<p>Bamb\u00fa no invasor usado para construcciones<\/p>\n","protected":false},"featured_media":2020,"comment_status":"open","ping_status":"closed","template":"","meta":{"inline_featured_image":false,"_monsterinsights_skip_tracking":false,"_monsterinsights_sitenote_active":false,"_monsterinsights_sitenote_note":"","_monsterinsights_sitenote_category":0},"product_brand":[],"product_cat":[83],"product_tag":[],"class_list":{"0":"post-2880","1":"product","2":"type-product","3":"status-publish","4":"has-post-thumbnail","6":"product_cat-bambues","8":"first","9":"instock","10":"shipping-taxable","11":"purchasable","12":"product-type-variable","13":"has-default-attributes"},"_links":{"self":[{"href":"https:\/\/qrosoft.mx\/tiendabosquedeniebla\/wp-json\/wp\/v2\/product\/2880","targetHints":{"allow":["GET"]}}],"collection":[{"href":"https:\/\/qrosoft.mx\/tiendabosquedeniebla\/wp-json\/wp\/v2\/product"}],"about":[{"href":"https:\/\/qrosoft.mx\/tiendabosquedeniebla\/wp-json\/wp\/v2\/types\/product"}],"replies":[{"embeddable":true,"href":"https:\/\/qrosoft.mx\/tiendabosquedeniebla\/wp-json\/wp\/v2\/comments?post=2880"}],"wp:featuredmedia":[{"embeddable":true,"href":"https:\/\/qrosoft.mx\/tiendabosquedeniebla\/wp-json\/wp\/v2\/media\/2020"}],"wp:attachment":[{"href":"https:\/\/qrosoft.mx\/tiendabosquedeniebla\/wp-json\/wp\/v2\/media?parent=2880"}],"wp:term":[{"taxonomy":"product_brand","embeddable":true,"href":"https:\/\/qrosoft.mx\/tiendabosquedeniebla\/wp-json\/wp\/v2\/product_brand?post=2880"},{"taxonomy":"product_cat","embeddable":true,"href":"https:\/\/qrosoft.mx\/tiendabosquedeniebla\/wp-json\/wp\/v2\/product_cat?post=2880"},{"taxonomy":"product_tag","embeddable":true,"href":"https:\/\/qrosoft.mx\/tiendabosquedeniebla\/wp-json\/wp\/v2\/product_tag?post=2880"}],"curies":[{"name":"wp","href":"https:\/\/api.w.org\/{rel}","templated":true}]}}