{"id":2870,"date":"2021-05-18T18:26:17","date_gmt":"2021-05-18T23:26:17","guid":{"rendered":"https:\/\/qrosoft.mx\/tiendabosquedeniebla\/product\/bambu-hoja-grande\/"},"modified":"2025-12-15T09:10:25","modified_gmt":"2025-12-15T15:10:25","slug":"bambu-hoja-grande","status":"publish","type":"product","link":"https:\/\/qrosoft.mx\/tiendabosquedeniebla\/product\/bambu-hoja-grande\/","title":{"rendered":"Bambu hoja grande"},"content":{"rendered":"<h4>Bamb\u00fa hoja grande &#8211; <em>Dendrocalamus latiflorus<\/em><\/h4>\n<ul>\n<li><strong>Familia:<\/strong> Poaceae<\/li>\n<li><strong>Origen:<\/strong> Taiwan<\/li>\n<li><strong>Descripci\u00f3n:<\/strong> Bamb\u00fa muy resistente y de f\u00e1cil crecimiento. Presenta hojas m\u00e1s grandes que los dem\u00e1s.<\/li>\n<li><strong>Usos:<\/strong> Tratamiento de aguas jabonosas, producci\u00f3n de biomasa para composta. Usos<\/li>\n<li><strong>Clima:<\/strong> Tropical h\u00famedo.<\/li>\n<li><strong>Zonas:<\/strong> 1, 2, 3.<\/li>\n<li><strong>Siembra:<\/strong> En un lugar soleado, con suelo h\u00famedo.<\/li>\n<\/ul>\n","protected":false},"excerpt":{"rendered":"<p>Bamb\u00faes muy resistente y de f\u00e1cil crecimiento.Distintos usos.<\/p>\n","protected":false},"featured_media":2015,"comment_status":"open","ping_status":"closed","template":"","meta":{"inline_featured_image":false,"_monsterinsights_skip_tracking":false,"_monsterinsights_sitenote_active":false,"_monsterinsights_sitenote_note":"","_monsterinsights_sitenote_category":0},"product_brand":[],"product_cat":[83],"product_tag":[],"class_list":{"0":"post-2870","1":"product","2":"type-product","3":"status-publish","4":"has-post-thumbnail","6":"product_cat-bambues","8":"first","9":"instock","10":"shipping-taxable","11":"purchasable","12":"product-type-variable","13":"has-default-attributes"},"_links":{"self":[{"href":"https:\/\/qrosoft.mx\/tiendabosquedeniebla\/wp-json\/wp\/v2\/product\/2870","targetHints":{"allow":["GET"]}}],"collection":[{"href":"https:\/\/qrosoft.mx\/tiendabosquedeniebla\/wp-json\/wp\/v2\/product"}],"about":[{"href":"https:\/\/qrosoft.mx\/tiendabosquedeniebla\/wp-json\/wp\/v2\/types\/product"}],"replies":[{"embeddable":true,"href":"https:\/\/qrosoft.mx\/tiendabosquedeniebla\/wp-json\/wp\/v2\/comments?post=2870"}],"wp:featuredmedia":[{"embeddable":true,"href":"https:\/\/qrosoft.mx\/tiendabosquedeniebla\/wp-json\/wp\/v2\/media\/2015"}],"wp:attachment":[{"href":"https:\/\/qrosoft.mx\/tiendabosquedeniebla\/wp-json\/wp\/v2\/media?parent=2870"}],"wp:term":[{"taxonomy":"product_brand","embeddable":true,"href":"https:\/\/qrosoft.mx\/tiendabosquedeniebla\/wp-json\/wp\/v2\/product_brand?post=2870"},{"taxonomy":"product_cat","embeddable":true,"href":"https:\/\/qrosoft.mx\/tiendabosquedeniebla\/wp-json\/wp\/v2\/product_cat?post=2870"},{"taxonomy":"product_tag","embeddable":true,"href":"https:\/\/qrosoft.mx\/tiendabosquedeniebla\/wp-json\/wp\/v2\/product_tag?post=2870"}],"curies":[{"name":"wp","href":"https:\/\/api.w.org\/{rel}","templated":true}]}}