{"id":2868,"date":"2021-05-18T18:26:17","date_gmt":"2021-05-18T23:26:17","guid":{"rendered":"https:\/\/qrosoft.mx\/tiendabosquedeniebla\/product\/bambu-guadua-colombiana\/"},"modified":"2025-12-15T09:10:25","modified_gmt":"2025-12-15T15:10:25","slug":"bambu-guadua-colombiana","status":"publish","type":"product","link":"https:\/\/qrosoft.mx\/tiendabosquedeniebla\/product\/bambu-guadua-colombiana\/","title":{"rendered":"Bambu guadua colombiana"},"content":{"rendered":"<h4>Bamb\u00fa guadua colombiana &#8211; <em>Guadua angustifolia<\/em><\/h4>\n<ul>\n<li><strong>Familia:<\/strong> Poaceae<\/li>\n<li><strong>Origen:<\/strong> Colombia<\/li>\n<li><strong>Descripci\u00f3n:<\/strong> Ca\u00f1as de 6-20m de altura, alcanzando su longitud m\u00e1xima en 120 d\u00edas. Di\u00e1metro m\u00e1ximo de 20cm. Esta variedad bicolor presenta el culmo verde con nudos claros.<\/li>\n<li><strong>Usos:<\/strong> En construcciones, muebles, artesan\u00edas, laminados, parquet y aglomerados. Los trozos con nudo sirven como vasija. De las ramitas se fabrican escobas. Los entrenudos contienen agua que se puede tomar. Funciona como protecci\u00f3n de cuencas, riberas y quebradas. Fijador temporario de di\u00f3xido de carbono.<\/li>\n<li><strong>Clima:<\/strong> Crece entre los 400 y 1200msnm; y temperaturas entre 18 y 28\u00b0C y precipitaci\u00f3n superior a 1.200 mm y humedad de al menos 80%.<\/li>\n<li><strong>Zonas:<\/strong> 2 y 3.<\/li>\n<li><strong>Siembra:<\/strong> En suelos areno-limosos, arcillosos, profundos.<\/li>\n<li><strong>Nota:<\/strong> Se aprovecha entre 4 a 5 a\u00f1os de plantado.<\/li>\n<\/ul>\n","protected":false},"excerpt":{"rendered":"<p>Bamb\u00fa no invasor usado para construcciones<\/p>\n","protected":false},"featured_media":2014,"comment_status":"open","ping_status":"closed","template":"","meta":{"inline_featured_image":false,"_monsterinsights_skip_tracking":false,"_monsterinsights_sitenote_active":false,"_monsterinsights_sitenote_note":"","_monsterinsights_sitenote_category":0},"product_brand":[],"product_cat":[83],"product_tag":[],"class_list":{"0":"post-2868","1":"product","2":"type-product","3":"status-publish","4":"has-post-thumbnail","6":"product_cat-bambues","8":"first","9":"instock","10":"shipping-taxable","11":"purchasable","12":"product-type-variable","13":"has-default-attributes"},"_links":{"self":[{"href":"https:\/\/qrosoft.mx\/tiendabosquedeniebla\/wp-json\/wp\/v2\/product\/2868","targetHints":{"allow":["GET"]}}],"collection":[{"href":"https:\/\/qrosoft.mx\/tiendabosquedeniebla\/wp-json\/wp\/v2\/product"}],"about":[{"href":"https:\/\/qrosoft.mx\/tiendabosquedeniebla\/wp-json\/wp\/v2\/types\/product"}],"replies":[{"embeddable":true,"href":"https:\/\/qrosoft.mx\/tiendabosquedeniebla\/wp-json\/wp\/v2\/comments?post=2868"}],"wp:featuredmedia":[{"embeddable":true,"href":"https:\/\/qrosoft.mx\/tiendabosquedeniebla\/wp-json\/wp\/v2\/media\/2014"}],"wp:attachment":[{"href":"https:\/\/qrosoft.mx\/tiendabosquedeniebla\/wp-json\/wp\/v2\/media?parent=2868"}],"wp:term":[{"taxonomy":"product_brand","embeddable":true,"href":"https:\/\/qrosoft.mx\/tiendabosquedeniebla\/wp-json\/wp\/v2\/product_brand?post=2868"},{"taxonomy":"product_cat","embeddable":true,"href":"https:\/\/qrosoft.mx\/tiendabosquedeniebla\/wp-json\/wp\/v2\/product_cat?post=2868"},{"taxonomy":"product_tag","embeddable":true,"href":"https:\/\/qrosoft.mx\/tiendabosquedeniebla\/wp-json\/wp\/v2\/product_tag?post=2868"}],"curies":[{"name":"wp","href":"https:\/\/api.w.org\/{rel}","templated":true}]}}