{"id":2864,"date":"2021-05-18T18:26:16","date_gmt":"2021-05-18T23:26:16","guid":{"rendered":"https:\/\/qrosoft.mx\/tiendabosquedeniebla\/product\/bambu-dorado-o-japones\/"},"modified":"2025-12-15T09:46:40","modified_gmt":"2025-12-15T15:46:40","slug":"bambu-dorado-o-japones","status":"publish","type":"product","link":"https:\/\/qrosoft.mx\/tiendabosquedeniebla\/product\/bambu-dorado-o-japones\/","title":{"rendered":"Bambu dorado o japon\u00e9s"},"content":{"rendered":"<h4>Bamb\u00fa dorado o japon\u00e9s &#8211; <em>Phyllostachys aurea<\/em><\/h4>\n<ul>\n<li><strong>Familia:<\/strong> Poaceae<\/li>\n<li><strong>Origen:<\/strong> China<\/li>\n<li><strong>Otros nombres:<\/strong> Plumoso<\/li>\n<li><strong>Descripci\u00f3n:<\/strong> 10m de altura y de 1 a 1.5\u201d de di\u00e1metro, sus culmos cambian de verde a color oro.<\/li>\n<li><strong>Usos:<\/strong> Sirve para setos, artesan\u00edas. Las varas son excelentes tutores para plantaciones de tomate y pepino. Los brotes son comestibles, y saben muy ricos, pues no son amargos.<\/li>\n<li><strong>Clima:<\/strong> resiste temperaturas de hasta 0\u00b0C.<\/li>\n<li><strong>Zonas:<\/strong> 1, 2, 3 y 4.<\/li>\n<li><strong>Precauciones:<\/strong> Es un bamb\u00fa invasor, as\u00ed que hay que comerlo para que no invada. Ayuda sembrarlo entre dos caminos para controlarlo mejor.<\/li>\n<\/ul>\n","protected":false},"excerpt":{"rendered":"<p>Bamb\u00faes utilizado para artesanias y brotes comestibles.<\/p>\n","protected":false},"featured_media":2012,"comment_status":"open","ping_status":"closed","template":"","meta":{"inline_featured_image":false,"_monsterinsights_skip_tracking":false,"_monsterinsights_sitenote_active":false,"_monsterinsights_sitenote_note":"","_monsterinsights_sitenote_category":0},"product_brand":[],"product_cat":[83],"product_tag":[],"class_list":{"0":"post-2864","1":"product","2":"type-product","3":"status-publish","4":"has-post-thumbnail","6":"product_cat-bambues","8":"first","9":"instock","10":"shipping-taxable","11":"purchasable","12":"product-type-variable","13":"has-default-attributes"},"_links":{"self":[{"href":"https:\/\/qrosoft.mx\/tiendabosquedeniebla\/wp-json\/wp\/v2\/product\/2864","targetHints":{"allow":["GET"]}}],"collection":[{"href":"https:\/\/qrosoft.mx\/tiendabosquedeniebla\/wp-json\/wp\/v2\/product"}],"about":[{"href":"https:\/\/qrosoft.mx\/tiendabosquedeniebla\/wp-json\/wp\/v2\/types\/product"}],"replies":[{"embeddable":true,"href":"https:\/\/qrosoft.mx\/tiendabosquedeniebla\/wp-json\/wp\/v2\/comments?post=2864"}],"wp:featuredmedia":[{"embeddable":true,"href":"https:\/\/qrosoft.mx\/tiendabosquedeniebla\/wp-json\/wp\/v2\/media\/2012"}],"wp:attachment":[{"href":"https:\/\/qrosoft.mx\/tiendabosquedeniebla\/wp-json\/wp\/v2\/media?parent=2864"}],"wp:term":[{"taxonomy":"product_brand","embeddable":true,"href":"https:\/\/qrosoft.mx\/tiendabosquedeniebla\/wp-json\/wp\/v2\/product_brand?post=2864"},{"taxonomy":"product_cat","embeddable":true,"href":"https:\/\/qrosoft.mx\/tiendabosquedeniebla\/wp-json\/wp\/v2\/product_cat?post=2864"},{"taxonomy":"product_tag","embeddable":true,"href":"https:\/\/qrosoft.mx\/tiendabosquedeniebla\/wp-json\/wp\/v2\/product_tag?post=2864"}],"curies":[{"name":"wp","href":"https:\/\/api.w.org\/{rel}","templated":true}]}}