{"id":2852,"date":"2021-05-18T18:26:15","date_gmt":"2021-05-18T23:26:15","guid":{"rendered":"https:\/\/qrosoft.mx\/tiendabosquedeniebla\/product\/arugula-comun\/"},"modified":"2026-03-20T14:36:07","modified_gmt":"2026-03-20T20:36:07","slug":"arugula","status":"publish","type":"product","link":"https:\/\/qrosoft.mx\/tiendabosquedeniebla\/product\/arugula\/","title":{"rendered":"Ar\u00fagula com\u00fan"},"content":{"rendered":"<h4><strong>Ar\u00fagula com\u00fan &#8211; <em>Eruca vesicaria var. sativa<\/em><\/strong><\/h4>\n<ul>\n<li><strong>Familia:<\/strong> Brassicaceae<\/li>\n<li><strong>Origen:<\/strong> Europa<\/li>\n<li><strong>Area potencial de siembra por 0.5 g:<\/strong> 12.5m\u00b2<\/li>\n<li><strong>Semillas por 0.5 g:<\/strong> 150 aprox.<\/li>\n<li><strong>Descripci\u00f3n:<\/strong> Planta anual de hojas onduladas<\/li>\n<li><strong>Usos:<\/strong> Son comestibles las hojas frescas, el sabor es intenso y ligeramente picante. Tienen una gran cantidad de hierro.<\/li>\n<li><strong>Clima:<\/strong> Templado, resistente al fr\u00edo y al calor pero no en exceso.<\/li>\n<li><strong>Zonas:<\/strong> 2, 3, 4, 5<\/li>\n<li><strong>Siembra:<\/strong> En alm\u00e1cigo y trasplantar a una distancia de 30cm entre plantas.<\/li>\n<li><strong>Nota:<\/strong> Prefiere suelos ricos en materia org\u00e1nica y alcalinos. F\u00e1cil de cultivar.<\/li>\n<\/ul>\n<h4>\u00bfC\u00f3mo disfrutarla?<\/h4>\n<p>La ar\u00fagula es perfecta para comer <strong data-start=\"259\" data-end=\"282\">fresca en ensaladas<\/strong>, sobre <strong data-start=\"290\" data-end=\"317\">pizzas reci\u00e9n horneadas<\/strong>, en <strong data-start=\"322\" data-end=\"336\">s\u00e1ndwiches<\/strong> o como base para un <strong data-start=\"357\" data-end=\"379\">pesto con car\u00e1cter<\/strong>.<\/p>\n<h4 data-section-id=\"1o8noiq\" data-start=\"528\" data-end=\"587\">Si te gusta esta planta, tambi\u00e9n te puede interesar:<\/h4>\n<ul data-start=\"619\" data-end=\"878\">\n<li data-section-id=\"164pya1\" data-start=\"619\" data-end=\"676\">\n<p data-start=\"621\" data-end=\"676\"><strong data-start=\"621\" data-end=\"640\">Lechugas mixtas<\/strong> (para balancear su sabor intenso)<\/p>\n<\/li>\n<li data-section-id=\"1pgcq3y\" data-start=\"677\" data-end=\"717\">\n<p data-start=\"679\" data-end=\"717\"><strong data-start=\"679\" data-end=\"690\">Jitomate Citlali<\/strong> (para acompa\u00f1ar la ar\u00fagula en la pizza )<\/p>\n<\/li>\n<li data-section-id=\"45odrg\" data-start=\"718\" data-end=\"774\">\n<p data-start=\"720\" data-end=\"774\"><strong data-start=\"720\" data-end=\"743\">Cilantro o albahaca<\/strong> (para diversidad de sabores)<\/p>\n<\/li>\n<li data-section-id=\"a9d1ku\" data-start=\"775\" data-end=\"878\">\n<p data-start=\"777\" data-end=\"878\"><strong data-start=\"777\" data-end=\"826\">Flores comestibles como mastuerzo o dalia<\/strong>\u00a0(para atraer polinizadores y embellecer tus platos)<\/p>\n<\/li>\n<\/ul>\n<h4 data-section-id=\"rti7mg\" data-start=\"885\" data-end=\"909\">Tip agroecol\u00f3gico<\/h4>\n<p data-start=\"910\" data-end=\"1016\">Intercala ar\u00fagula con flores y otras hortalizas para crear un huerto m\u00e1s diverso, productivo y resistente.<\/p>\n","protected":false},"excerpt":{"rendered":"<p>Planta anual de hojas comestibles<\/p>\n","protected":false},"featured_media":7132,"comment_status":"open","ping_status":"closed","template":"","meta":{"inline_featured_image":false,"_monsterinsights_skip_tracking":false,"_monsterinsights_sitenote_active":false,"_monsterinsights_sitenote_note":"","_monsterinsights_sitenote_category":0},"product_brand":[],"product_cat":[181],"product_tag":[],"class_list":{"0":"post-2852","1":"product","2":"type-product","3":"status-publish","4":"has-post-thumbnail","6":"product_cat-hojas-comestibles","8":"first","9":"instock","10":"featured","11":"shipping-taxable","12":"purchasable","13":"product-type-variable","14":"has-default-attributes"},"_links":{"self":[{"href":"https:\/\/qrosoft.mx\/tiendabosquedeniebla\/wp-json\/wp\/v2\/product\/2852","targetHints":{"allow":["GET"]}}],"collection":[{"href":"https:\/\/qrosoft.mx\/tiendabosquedeniebla\/wp-json\/wp\/v2\/product"}],"about":[{"href":"https:\/\/qrosoft.mx\/tiendabosquedeniebla\/wp-json\/wp\/v2\/types\/product"}],"replies":[{"embeddable":true,"href":"https:\/\/qrosoft.mx\/tiendabosquedeniebla\/wp-json\/wp\/v2\/comments?post=2852"}],"wp:featuredmedia":[{"embeddable":true,"href":"https:\/\/qrosoft.mx\/tiendabosquedeniebla\/wp-json\/wp\/v2\/media\/7132"}],"wp:attachment":[{"href":"https:\/\/qrosoft.mx\/tiendabosquedeniebla\/wp-json\/wp\/v2\/media?parent=2852"}],"wp:term":[{"taxonomy":"product_brand","embeddable":true,"href":"https:\/\/qrosoft.mx\/tiendabosquedeniebla\/wp-json\/wp\/v2\/product_brand?post=2852"},{"taxonomy":"product_cat","embeddable":true,"href":"https:\/\/qrosoft.mx\/tiendabosquedeniebla\/wp-json\/wp\/v2\/product_cat?post=2852"},{"taxonomy":"product_tag","embeddable":true,"href":"https:\/\/qrosoft.mx\/tiendabosquedeniebla\/wp-json\/wp\/v2\/product_tag?post=2852"}],"curies":[{"name":"wp","href":"https:\/\/api.w.org\/{rel}","templated":true}]}}