{"id":2848,"date":"2021-05-18T18:26:14","date_gmt":"2021-05-18T23:26:14","guid":{"rendered":"https:\/\/qrosoft.mx\/tiendabosquedeniebla\/product\/aquilea-milenrama\/"},"modified":"2026-01-13T20:03:21","modified_gmt":"2026-01-14T02:03:21","slug":"aquilea-milenrama","status":"publish","type":"product","link":"https:\/\/qrosoft.mx\/tiendabosquedeniebla\/product\/aquilea-milenrama\/","title":{"rendered":"Aquilea Milenrama"},"content":{"rendered":"<h4><strong>Aquilea Milenrama &#8211; <em>Achillea millefolium<\/em><\/strong><\/h4>\n<ul>\n<li><strong>Familia:<\/strong> Asteraceae<\/li>\n<li><strong>Origen:<\/strong> Eurpa-Asia<\/li>\n<li><strong>Descripci\u00f3n:<\/strong> Planta herb\u00e1cea perenne con flores blancas de baja estatura. Muy parecida a la milenrama pero de tallo mas largo y hojas mas cortas.<\/li>\n<li><strong>Usos:<\/strong> Propiedades antihemorr\u00e1gicas, verm\u00edfugas, diur\u00e9ticas y cicatrizantes. Antiespasm\u00f3dico y antiinflamatorio. \u00datil para regular la menstruaci\u00f3n y curaci\u00f3n de heridas, fiebres y dolores de cabeza, resfriados y gripe. Excelente para atraer insectos ben\u00e9ficos<\/li>\n<li><strong>Clima:<\/strong> Prefiere climas templados y fr\u00edos. Resiste a la sequ\u00eda.<\/li>\n<li><strong>Zonas:<\/strong> 3, 4 y 5.<\/li>\n<li><strong>Siembra:<\/strong> En un lugar soleado, con riego moderado. Se adapta bien a cualquier tipo de suelo.<\/li>\n<\/ul>\n","protected":false},"excerpt":{"rendered":"<p>Hierba medicinal perenne<\/p>\n","protected":false},"featured_media":7124,"comment_status":"open","ping_status":"closed","template":"","meta":{"inline_featured_image":false,"_monsterinsights_skip_tracking":false,"_monsterinsights_sitenote_active":false,"_monsterinsights_sitenote_note":"","_monsterinsights_sitenote_category":0},"product_brand":[],"product_cat":[260],"product_tag":[],"class_list":{"0":"post-2848","1":"product","2":"type-product","3":"status-publish","4":"has-post-thumbnail","6":"product_cat-medicinales-y-culinarias","8":"first","9":"instock","10":"shipping-taxable","11":"purchasable","12":"product-type-variable","13":"has-default-attributes"},"_links":{"self":[{"href":"https:\/\/qrosoft.mx\/tiendabosquedeniebla\/wp-json\/wp\/v2\/product\/2848","targetHints":{"allow":["GET"]}}],"collection":[{"href":"https:\/\/qrosoft.mx\/tiendabosquedeniebla\/wp-json\/wp\/v2\/product"}],"about":[{"href":"https:\/\/qrosoft.mx\/tiendabosquedeniebla\/wp-json\/wp\/v2\/types\/product"}],"replies":[{"embeddable":true,"href":"https:\/\/qrosoft.mx\/tiendabosquedeniebla\/wp-json\/wp\/v2\/comments?post=2848"}],"wp:featuredmedia":[{"embeddable":true,"href":"https:\/\/qrosoft.mx\/tiendabosquedeniebla\/wp-json\/wp\/v2\/media\/7124"}],"wp:attachment":[{"href":"https:\/\/qrosoft.mx\/tiendabosquedeniebla\/wp-json\/wp\/v2\/media?parent=2848"}],"wp:term":[{"taxonomy":"product_brand","embeddable":true,"href":"https:\/\/qrosoft.mx\/tiendabosquedeniebla\/wp-json\/wp\/v2\/product_brand?post=2848"},{"taxonomy":"product_cat","embeddable":true,"href":"https:\/\/qrosoft.mx\/tiendabosquedeniebla\/wp-json\/wp\/v2\/product_cat?post=2848"},{"taxonomy":"product_tag","embeddable":true,"href":"https:\/\/qrosoft.mx\/tiendabosquedeniebla\/wp-json\/wp\/v2\/product_tag?post=2848"}],"curies":[{"name":"wp","href":"https:\/\/api.w.org\/{rel}","templated":true}]}}