{"id":2833,"date":"2021-05-18T18:26:10","date_gmt":"2021-05-18T23:26:10","guid":{"rendered":"https:\/\/qrosoft.mx\/tiendabosquedeniebla\/product\/amaranto-dorado-gigante\/"},"modified":"2025-12-02T18:51:23","modified_gmt":"2025-12-03T00:51:23","slug":"amaranto-dorado-gigante","status":"publish","type":"product","link":"https:\/\/qrosoft.mx\/tiendabosquedeniebla\/product\/amaranto-dorado-gigante\/","title":{"rendered":"Amaranto dorado gigante"},"content":{"rendered":"<h4><strong>Amaranto dorado gigante &#8211; <em>Amaranthus cruentus<\/em><\/strong><\/h4>\n<ul>\n<li><strong>Familia:<\/strong> Amaranthaceae<\/li>\n<li><strong>Origen:<\/strong> Mesoam\u00e9rica<\/li>\n<li><strong>Area potencial de siembra por 1 g:<\/strong> 30m\u00b2<\/li>\n<li><strong>Semillas por 1 g:<\/strong> 1500 aprox.<\/li>\n<li><strong>Descripci\u00f3n:<\/strong> Tallo y cabeza color naranja dorado. Domesticado en M\u00e9xico desde hace m\u00e1s de 6,000 a\u00f1os.<\/li>\n<li><strong>Usos:<\/strong> Son comestibles las hojas y las semillas reventadas, cocidas o germinadas. Tienen un alto contenido de minerales y vitaminas, la prote\u00edna de la semilla es el doble que en el ma\u00edz y el trigo.<\/li>\n<li><strong>Clima:<\/strong> Resiste bien a la humedad<\/li>\n<li><strong>Zonas:<\/strong> 2, 3, 4, 5<\/li>\n<li><strong>Siembra:<\/strong> Directo en el suelo al voleo.<\/li>\n<\/ul>\n","protected":false},"excerpt":{"rendered":"<p>Planta herb\u00e1cea anual, de aproximadamente 2m de alto, color naranja dorado y semillas amarilla<\/p>\n","protected":false},"featured_media":7118,"comment_status":"open","ping_status":"closed","template":"","meta":{"inline_featured_image":false,"_monsterinsights_skip_tracking":false,"_monsterinsights_sitenote_active":false,"_monsterinsights_sitenote_note":"","_monsterinsights_sitenote_category":0},"product_brand":[],"product_cat":[355],"product_tag":[],"class_list":{"0":"post-2833","1":"product","2":"type-product","3":"status-publish","4":"has-post-thumbnail","6":"product_cat-amarantos","8":"first","9":"instock","10":"shipping-taxable","11":"purchasable","12":"product-type-variable","13":"has-default-attributes"},"_links":{"self":[{"href":"https:\/\/qrosoft.mx\/tiendabosquedeniebla\/wp-json\/wp\/v2\/product\/2833","targetHints":{"allow":["GET"]}}],"collection":[{"href":"https:\/\/qrosoft.mx\/tiendabosquedeniebla\/wp-json\/wp\/v2\/product"}],"about":[{"href":"https:\/\/qrosoft.mx\/tiendabosquedeniebla\/wp-json\/wp\/v2\/types\/product"}],"replies":[{"embeddable":true,"href":"https:\/\/qrosoft.mx\/tiendabosquedeniebla\/wp-json\/wp\/v2\/comments?post=2833"}],"wp:featuredmedia":[{"embeddable":true,"href":"https:\/\/qrosoft.mx\/tiendabosquedeniebla\/wp-json\/wp\/v2\/media\/7118"}],"wp:attachment":[{"href":"https:\/\/qrosoft.mx\/tiendabosquedeniebla\/wp-json\/wp\/v2\/media?parent=2833"}],"wp:term":[{"taxonomy":"product_brand","embeddable":true,"href":"https:\/\/qrosoft.mx\/tiendabosquedeniebla\/wp-json\/wp\/v2\/product_brand?post=2833"},{"taxonomy":"product_cat","embeddable":true,"href":"https:\/\/qrosoft.mx\/tiendabosquedeniebla\/wp-json\/wp\/v2\/product_cat?post=2833"},{"taxonomy":"product_tag","embeddable":true,"href":"https:\/\/qrosoft.mx\/tiendabosquedeniebla\/wp-json\/wp\/v2\/product_tag?post=2833"}],"curies":[{"name":"wp","href":"https:\/\/api.w.org\/{rel}","templated":true}]}}