{"id":2827,"date":"2021-05-18T18:26:09","date_gmt":"2021-05-18T23:26:09","guid":{"rendered":"https:\/\/qrosoft.mx\/tiendabosquedeniebla\/product\/almorta\/"},"modified":"2025-12-02T19:01:52","modified_gmt":"2025-12-03T01:01:52","slug":"almorta","status":"publish","type":"product","link":"https:\/\/qrosoft.mx\/tiendabosquedeniebla\/product\/almorta\/","title":{"rendered":"Almorta"},"content":{"rendered":"<h4><strong>Almorta &#8211; <em>Lathyrus sativus<\/em><\/strong><\/h4>\n<ul>\n<li><strong>Familia:<\/strong> Fabaceae<\/li>\n<li><strong>Origen:<\/strong> Pen\u00ednsula balc\u00e1nica y zona mediterr\u00e1nea<\/li>\n<li><strong>Area potencial de siembra por 30 g:<\/strong> 20m\u00b2<\/li>\n<li><strong>Semillas por 30 g:<\/strong> 240 aprox.<\/li>\n<li><strong>Descripci\u00f3n:<\/strong> Leguminosa de hasta 50cm de alto con hojas pinadas y flores azules que forman vainas de 4 semillas<\/li>\n<li><strong>Usos:<\/strong> Semillas comestibles guisadas. Com\u00fanmente consumido en \u00c1frica e India.<\/li>\n<li><strong>Clima:<\/strong> Muy resistente a condiciones extremas como sequ\u00edas e inundaciones, sin embargo no se desarrolla bien en fr\u00edos intensos. Precauci\u00f3n: Consumirla en exceso puede provocar latirismo. Su ingesta fue prohibida en Espa\u00f1a hasta 2018, en que se dieron recomendaciones sobre las dosis de consumo.<\/li>\n<li><strong>Zonas:<\/strong> 2, 3, 4, 5<\/li>\n<li><strong>Siembra:<\/strong> directo en el suelo a 30cm entre plantas.<\/li>\n<li><strong>Cosecha:<\/strong> Cuando las vainas se han marchitado y las semillas est\u00e1n duras y secas.<\/li>\n<\/ul>\n","protected":false},"excerpt":{"rendered":"<p>Leguminosa anual de semillas comestibles (con precauci\u00f3n)<\/p>\n","protected":false},"featured_media":7114,"comment_status":"open","ping_status":"closed","template":"","meta":{"inline_featured_image":false,"_monsterinsights_skip_tracking":false,"_monsterinsights_sitenote_active":false,"_monsterinsights_sitenote_note":"","_monsterinsights_sitenote_category":0},"product_brand":[],"product_cat":[803],"product_tag":[],"class_list":{"0":"post-2827","1":"product","2":"type-product","3":"status-publish","4":"has-post-thumbnail","6":"product_cat-hortalizas-varias","8":"first","9":"instock","10":"shipping-taxable","11":"purchasable","12":"product-type-variable","13":"has-default-attributes"},"_links":{"self":[{"href":"https:\/\/qrosoft.mx\/tiendabosquedeniebla\/wp-json\/wp\/v2\/product\/2827","targetHints":{"allow":["GET"]}}],"collection":[{"href":"https:\/\/qrosoft.mx\/tiendabosquedeniebla\/wp-json\/wp\/v2\/product"}],"about":[{"href":"https:\/\/qrosoft.mx\/tiendabosquedeniebla\/wp-json\/wp\/v2\/types\/product"}],"replies":[{"embeddable":true,"href":"https:\/\/qrosoft.mx\/tiendabosquedeniebla\/wp-json\/wp\/v2\/comments?post=2827"}],"wp:featuredmedia":[{"embeddable":true,"href":"https:\/\/qrosoft.mx\/tiendabosquedeniebla\/wp-json\/wp\/v2\/media\/7114"}],"wp:attachment":[{"href":"https:\/\/qrosoft.mx\/tiendabosquedeniebla\/wp-json\/wp\/v2\/media?parent=2827"}],"wp:term":[{"taxonomy":"product_brand","embeddable":true,"href":"https:\/\/qrosoft.mx\/tiendabosquedeniebla\/wp-json\/wp\/v2\/product_brand?post=2827"},{"taxonomy":"product_cat","embeddable":true,"href":"https:\/\/qrosoft.mx\/tiendabosquedeniebla\/wp-json\/wp\/v2\/product_cat?post=2827"},{"taxonomy":"product_tag","embeddable":true,"href":"https:\/\/qrosoft.mx\/tiendabosquedeniebla\/wp-json\/wp\/v2\/product_tag?post=2827"}],"curies":[{"name":"wp","href":"https:\/\/api.w.org\/{rel}","templated":true}]}}