{"id":2821,"date":"2021-05-18T18:26:08","date_gmt":"2021-05-18T23:26:08","guid":{"rendered":"https:\/\/qrosoft.mx\/tiendabosquedeniebla\/product\/alfalfa-tlacolula\/"},"modified":"2026-03-20T10:33:30","modified_gmt":"2026-03-20T16:33:30","slug":"alfalfa-tlacolula","status":"publish","type":"product","link":"https:\/\/qrosoft.mx\/tiendabosquedeniebla\/product\/alfalfa-tlacolula\/","title":{"rendered":"Alfalfa Tlacolula"},"content":{"rendered":"<h4><strong>Alfalfa Tlacolula &#8211; <em>Medicago sativa<\/em><\/strong><\/h4>\n<ul>\n<li><strong>Familia:<\/strong> Fabaceae<\/li>\n<li><strong>Origen:<\/strong> Mediterr\u00e1neo<\/li>\n<li><strong>Area potencial de siembra por 1 kg:<\/strong> 625m\u00b2<\/li>\n<li><strong>Semillas por 1 kg:<\/strong> 500000 aprox.<\/li>\n<li><strong>Descripci\u00f3n:<\/strong> Leguminosa perenne de hasta 90 cm de alto y ra\u00edces profundas.<\/li>\n<li><strong>Usos:<\/strong> Conocida como la \u201creina de las forrajeras\u201d por su alto contenido de prote\u00edna (entre 20 y 25%), ampliamente utilizada desde hace m\u00e1s de 3,000 a\u00f1os. Importante en sistemas agroecol\u00f3gicos como mejoradora de suelos y productora de biomasa. Es com\u00fan la asociaci\u00f3n inicial de la alfalfa con avena y cebada o con pastos perennes.<\/li>\n<li><strong>Clima:<\/strong> Templado-fr\u00edo, bosques de pino-encino y semidesierto.<\/li>\n<li><strong>Zonas:<\/strong> 4, 5<\/li>\n<li><strong>Siembra:<\/strong> Sembrar en primavera, en alm\u00e1cigo y trasplantar a los 2 meses a 12cm entre plantas. Para forraje, sembrar al voleo o en surcos, con una densidad de 16kg\/ha.<\/li>\n<\/ul>\n","protected":false},"excerpt":{"rendered":"<p>Planta perenne forrajera, fijadora de nitr\u00f3geno y productora de biomasa<\/p>\n","protected":false},"featured_media":7110,"comment_status":"open","ping_status":"closed","template":"","meta":{"inline_featured_image":false,"_monsterinsights_skip_tracking":false,"_monsterinsights_sitenote_active":false,"_monsterinsights_sitenote_note":"","_monsterinsights_sitenote_category":0},"product_brand":[],"product_cat":[273],"product_tag":[],"class_list":{"0":"post-2821","1":"product","2":"type-product","3":"status-publish","4":"has-post-thumbnail","6":"product_cat-forrajeras","8":"first","9":"instock","10":"shipping-taxable","11":"purchasable","12":"product-type-variable","13":"has-default-attributes"},"_links":{"self":[{"href":"https:\/\/qrosoft.mx\/tiendabosquedeniebla\/wp-json\/wp\/v2\/product\/2821","targetHints":{"allow":["GET"]}}],"collection":[{"href":"https:\/\/qrosoft.mx\/tiendabosquedeniebla\/wp-json\/wp\/v2\/product"}],"about":[{"href":"https:\/\/qrosoft.mx\/tiendabosquedeniebla\/wp-json\/wp\/v2\/types\/product"}],"replies":[{"embeddable":true,"href":"https:\/\/qrosoft.mx\/tiendabosquedeniebla\/wp-json\/wp\/v2\/comments?post=2821"}],"wp:featuredmedia":[{"embeddable":true,"href":"https:\/\/qrosoft.mx\/tiendabosquedeniebla\/wp-json\/wp\/v2\/media\/7110"}],"wp:attachment":[{"href":"https:\/\/qrosoft.mx\/tiendabosquedeniebla\/wp-json\/wp\/v2\/media?parent=2821"}],"wp:term":[{"taxonomy":"product_brand","embeddable":true,"href":"https:\/\/qrosoft.mx\/tiendabosquedeniebla\/wp-json\/wp\/v2\/product_brand?post=2821"},{"taxonomy":"product_cat","embeddable":true,"href":"https:\/\/qrosoft.mx\/tiendabosquedeniebla\/wp-json\/wp\/v2\/product_cat?post=2821"},{"taxonomy":"product_tag","embeddable":true,"href":"https:\/\/qrosoft.mx\/tiendabosquedeniebla\/wp-json\/wp\/v2\/product_tag?post=2821"}],"curies":[{"name":"wp","href":"https:\/\/api.w.org\/{rel}","templated":true}]}}