{"id":2819,"date":"2021-05-18T18:26:08","date_gmt":"2021-05-18T23:26:08","guid":{"rendered":"https:\/\/qrosoft.mx\/tiendabosquedeniebla\/product\/albahaca-tulsi-vana\/"},"modified":"2026-03-20T10:33:30","modified_gmt":"2026-03-20T16:33:30","slug":"albahaca-tulsi-vana","status":"publish","type":"product","link":"https:\/\/qrosoft.mx\/tiendabosquedeniebla\/product\/albahaca-tulsi-vana\/","title":{"rendered":"Albahaca tulsi vana"},"content":{"rendered":"<h4><strong>Albahaca tulsi vana &#8211; <em>Ocimum gratissimum<\/em><\/strong><\/h4>\n<ul>\n<li><strong>Familia:<\/strong> Lamiaceae<\/li>\n<li><strong>Origen:<\/strong> Persia<\/li>\n<li><strong>Area potencial de siembra por 0.4 g:<\/strong> 50m\u00b2<\/li>\n<li><strong>Semillas por 0.4 g:<\/strong> 400 aprox.<\/li>\n<li><strong>Descripci\u00f3n:<\/strong> Planta perenne de hasta 1m de alto por 1.5m de ancho, con flores que van de verde hasta morado claro. Hojas peque\u00f1as dentadas con pubescencias.<\/li>\n<li><strong>Usos:<\/strong> La medicina ayurv\u00e9dica le atribuye poderosas propiedades terap\u00e9uticas para el sistema \u00f3seo y cardiovascular. Tambi\u00e9n combate el estr\u00e9s, la fatiga, mejora la funci\u00f3n cerebral, la digesti\u00f3n y mantiene sano el metabolismo. Tiene un efecto calmante, sin producir somnolencia, equilibra los niveles hormonales y protege a los \u00f3rganos y tejidos frente a la contaminaci\u00f3n ambiental.<\/li>\n<li><strong>Clima:<\/strong> Templado y templado a c\u00e1lido. Altura de 0 a 2,500m s. n. m.<\/li>\n<li><strong>Zonas:<\/strong> 2, 3, 4<\/li>\n<li><strong>Siembra:<\/strong> En suelos abonados y lugar soleado a una distancia de 150cm entre plantas. Requiere riego moderado<\/li>\n<\/ul>\n","protected":false},"excerpt":{"rendered":"<p>Hierba culinaria perenne<\/p>\n","protected":false},"featured_media":7106,"comment_status":"open","ping_status":"closed","template":"","meta":{"inline_featured_image":false,"_monsterinsights_skip_tracking":false,"_monsterinsights_sitenote_active":false,"_monsterinsights_sitenote_note":"","_monsterinsights_sitenote_category":0},"product_brand":[],"product_cat":[260],"product_tag":[],"class_list":{"0":"post-2819","1":"product","2":"type-product","3":"status-publish","4":"has-post-thumbnail","6":"product_cat-medicinales-y-culinarias","8":"first","9":"instock","10":"shipping-taxable","11":"purchasable","12":"product-type-variable","13":"has-default-attributes"},"_links":{"self":[{"href":"https:\/\/qrosoft.mx\/tiendabosquedeniebla\/wp-json\/wp\/v2\/product\/2819","targetHints":{"allow":["GET"]}}],"collection":[{"href":"https:\/\/qrosoft.mx\/tiendabosquedeniebla\/wp-json\/wp\/v2\/product"}],"about":[{"href":"https:\/\/qrosoft.mx\/tiendabosquedeniebla\/wp-json\/wp\/v2\/types\/product"}],"replies":[{"embeddable":true,"href":"https:\/\/qrosoft.mx\/tiendabosquedeniebla\/wp-json\/wp\/v2\/comments?post=2819"}],"wp:featuredmedia":[{"embeddable":true,"href":"https:\/\/qrosoft.mx\/tiendabosquedeniebla\/wp-json\/wp\/v2\/media\/7106"}],"wp:attachment":[{"href":"https:\/\/qrosoft.mx\/tiendabosquedeniebla\/wp-json\/wp\/v2\/media?parent=2819"}],"wp:term":[{"taxonomy":"product_brand","embeddable":true,"href":"https:\/\/qrosoft.mx\/tiendabosquedeniebla\/wp-json\/wp\/v2\/product_brand?post=2819"},{"taxonomy":"product_cat","embeddable":true,"href":"https:\/\/qrosoft.mx\/tiendabosquedeniebla\/wp-json\/wp\/v2\/product_cat?post=2819"},{"taxonomy":"product_tag","embeddable":true,"href":"https:\/\/qrosoft.mx\/tiendabosquedeniebla\/wp-json\/wp\/v2\/product_tag?post=2819"}],"curies":[{"name":"wp","href":"https:\/\/api.w.org\/{rel}","templated":true}]}}