{"id":2793,"date":"2021-05-18T18:26:01","date_gmt":"2021-05-18T23:26:01","guid":{"rendered":"https:\/\/qrosoft.mx\/tiendabosquedeniebla\/product\/achira-morada\/"},"modified":"2026-03-20T10:33:29","modified_gmt":"2026-03-20T16:33:29","slug":"achira-morada","status":"publish","type":"product","link":"https:\/\/qrosoft.mx\/tiendabosquedeniebla\/product\/achira-morada\/","title":{"rendered":"Achira morada"},"content":{"rendered":"<h4><strong>Achira morada &#8211;\u00a0<em>Canna indica<\/em><\/strong><\/h4>\n<ul>\n<li><strong>Familia:<\/strong> Cannaceae<\/li>\n<li><strong>Origen:<\/strong> Los Andes<\/li>\n<li><strong>Descripci\u00f3n:<\/strong> Planta perenne. Altura m\u00e1xima 2m de alto. Hojas anchas color verde con tonalidades rojas y p\u00farpuras.<\/li>\n<li><strong>Usos:<\/strong> Ra\u00edz comestible. Las hojas se utilizan para envolver tamales.<\/li>\n<li><strong>Clima:<\/strong> De tropical a fr\u00edo, muy resistente. Las heladas queman el follaje pero rebrota. En climas con fr\u00edos muy intensos se recomienda ponerle cobertura para que no se hiele la ra\u00edz. En climas c\u00e1lidos se cosecha de los 6 a 10 meses de sembrada y en climas fr\u00edos m\u00e1s de un a\u00f1o.<\/li>\n<li><strong>Zonas:<\/strong> 2, 3 y 4. En zonas 5 es necesario el riego.<\/li>\n<li><strong>Siembra:<\/strong> Prefiere suelos h\u00famedos y un lugar soleado o parcialmente sombreado, aunque resiste suelos pobres y secos y en climas tropicales resiste la sombra.<\/li>\n<\/ul>\n","protected":false},"excerpt":{"rendered":"<p>Planta perenn de ra\u00edz comestible.<\/p>\n","protected":false},"featured_media":1983,"comment_status":"open","ping_status":"closed","template":"","meta":{"inline_featured_image":false,"_monsterinsights_skip_tracking":false,"_monsterinsights_sitenote_active":false,"_monsterinsights_sitenote_note":"","_monsterinsights_sitenote_category":0},"product_brand":[],"product_cat":[78],"product_tag":[784,717,633],"class_list":{"0":"post-2793","1":"product","2":"type-product","3":"status-publish","4":"has-post-thumbnail","6":"product_cat-tuberculos","7":"product_tag-achira","8":"product_tag-comestible","9":"product_tag-tuberculo","11":"first","12":"instock","13":"shipping-taxable","14":"purchasable","15":"product-type-variable","16":"has-default-attributes"},"_links":{"self":[{"href":"https:\/\/qrosoft.mx\/tiendabosquedeniebla\/wp-json\/wp\/v2\/product\/2793","targetHints":{"allow":["GET"]}}],"collection":[{"href":"https:\/\/qrosoft.mx\/tiendabosquedeniebla\/wp-json\/wp\/v2\/product"}],"about":[{"href":"https:\/\/qrosoft.mx\/tiendabosquedeniebla\/wp-json\/wp\/v2\/types\/product"}],"replies":[{"embeddable":true,"href":"https:\/\/qrosoft.mx\/tiendabosquedeniebla\/wp-json\/wp\/v2\/comments?post=2793"}],"wp:featuredmedia":[{"embeddable":true,"href":"https:\/\/qrosoft.mx\/tiendabosquedeniebla\/wp-json\/wp\/v2\/media\/1983"}],"wp:attachment":[{"href":"https:\/\/qrosoft.mx\/tiendabosquedeniebla\/wp-json\/wp\/v2\/media?parent=2793"}],"wp:term":[{"taxonomy":"product_brand","embeddable":true,"href":"https:\/\/qrosoft.mx\/tiendabosquedeniebla\/wp-json\/wp\/v2\/product_brand?post=2793"},{"taxonomy":"product_cat","embeddable":true,"href":"https:\/\/qrosoft.mx\/tiendabosquedeniebla\/wp-json\/wp\/v2\/product_cat?post=2793"},{"taxonomy":"product_tag","embeddable":true,"href":"https:\/\/qrosoft.mx\/tiendabosquedeniebla\/wp-json\/wp\/v2\/product_tag?post=2793"}],"curies":[{"name":"wp","href":"https:\/\/api.w.org\/{rel}","templated":true}]}}