{"id":2634,"date":"2021-05-18T18:30:22","date_gmt":"2021-05-18T23:30:22","guid":{"rendered":"https:\/\/qrosoft.mx\/tiendabosquedeniebla\/product\/zarzamora-choctaw\/"},"modified":"2025-12-15T09:14:59","modified_gmt":"2025-12-15T15:14:59","slug":"zarzamora-choctaw","status":"publish","type":"product","link":"https:\/\/qrosoft.mx\/tiendabosquedeniebla\/product\/zarzamora-choctaw\/","title":{"rendered":"Zarzamora Choctaw"},"content":{"rendered":"<h4><strong>Zarzamora Choctaw &#8211; <em>Rubus plicatus<\/em><\/strong><\/h4>\n<ul>\n<li><strong>Familia:<\/strong> Rosaceae<\/li>\n<li><strong>Origen:<\/strong> Europa y Norteam\u00e9rica<\/li>\n<li><strong>Descripci\u00f3n:<\/strong> Arbusto perenne, variedad espinoza y erecta. Frutos de medianos a peque\u00f1os (5g promedio). Cosecha de mayo a julio con rendimiento de mediano a alto (16 ton\/Ha).<\/li>\n<li><strong>Usos:<\/strong> Fruto comestible fresco o en conservas con excelente sabor. Hojas con usos medicinales.<\/li>\n<li><strong>Clima:<\/strong> Templado. Requiere de fr\u00edo para su mejor producci\u00f3n. Requerimiento de horas fr\u00edo: 300hrs.<\/li>\n<li><strong>Zonas:<\/strong> 3 y 4.<\/li>\n<li><strong>Siembra:<\/strong> Distancia entre plantas de 1m, con una distancia entre hileras de 2m.<\/li>\n<li><strong>Nota:<\/strong> Necesita suelos ricos y bien drenados. Poca adaptabilidad a los suelos h\u00famedos. Desarrollada por la Universidad de Arkansas en 1989.<\/li>\n<\/ul>\n","protected":false},"excerpt":{"rendered":"<p>Frutilla perenne de clima subtropical y templado<\/p>\n","protected":false},"featured_media":2398,"comment_status":"open","ping_status":"closed","template":"","meta":{"inline_featured_image":false,"_monsterinsights_skip_tracking":false,"_monsterinsights_sitenote_active":false,"_monsterinsights_sitenote_note":"","_monsterinsights_sitenote_category":0},"product_brand":[],"product_cat":[80],"product_tag":[640,608,696,716,715],"class_list":{"0":"post-2634","1":"product","2":"type-product","3":"status-publish","4":"has-post-thumbnail","6":"product_cat-frutales","7":"product_tag-arbusto","8":"product_tag-frutal","9":"product_tag-fruto","10":"product_tag-rosaceae","11":"product_tag-zarzamora","13":"first","14":"instock","15":"shipping-taxable","16":"purchasable","17":"product-type-variable","18":"has-default-attributes"},"_links":{"self":[{"href":"https:\/\/qrosoft.mx\/tiendabosquedeniebla\/wp-json\/wp\/v2\/product\/2634","targetHints":{"allow":["GET"]}}],"collection":[{"href":"https:\/\/qrosoft.mx\/tiendabosquedeniebla\/wp-json\/wp\/v2\/product"}],"about":[{"href":"https:\/\/qrosoft.mx\/tiendabosquedeniebla\/wp-json\/wp\/v2\/types\/product"}],"replies":[{"embeddable":true,"href":"https:\/\/qrosoft.mx\/tiendabosquedeniebla\/wp-json\/wp\/v2\/comments?post=2634"}],"wp:featuredmedia":[{"embeddable":true,"href":"https:\/\/qrosoft.mx\/tiendabosquedeniebla\/wp-json\/wp\/v2\/media\/2398"}],"wp:attachment":[{"href":"https:\/\/qrosoft.mx\/tiendabosquedeniebla\/wp-json\/wp\/v2\/media?parent=2634"}],"wp:term":[{"taxonomy":"product_brand","embeddable":true,"href":"https:\/\/qrosoft.mx\/tiendabosquedeniebla\/wp-json\/wp\/v2\/product_brand?post=2634"},{"taxonomy":"product_cat","embeddable":true,"href":"https:\/\/qrosoft.mx\/tiendabosquedeniebla\/wp-json\/wp\/v2\/product_cat?post=2634"},{"taxonomy":"product_tag","embeddable":true,"href":"https:\/\/qrosoft.mx\/tiendabosquedeniebla\/wp-json\/wp\/v2\/product_tag?post=2634"}],"curies":[{"name":"wp","href":"https:\/\/api.w.org\/{rel}","templated":true}]}}