{"id":2630,"date":"2021-05-18T13:30:21","date_gmt":"2021-05-18T18:30:21","guid":{"rendered":"https:\/\/qrosoft.mx\/tiendabosquedeniebla\/product\/zacate-limon\/"},"modified":"2026-01-16T22:39:04","modified_gmt":"2026-01-17T04:39:04","slug":"zacate-limon","status":"publish","type":"product","link":"https:\/\/qrosoft.mx\/tiendabosquedeniebla\/product\/zacate-limon\/","title":{"rendered":"Zacate lim\u00f3n"},"content":{"rendered":"<h4><strong>Zacate lim\u00f3n &#8211;<em> Cymbopogon citratus<\/em><\/strong><\/h4>\n<ul>\n<li><strong>Familia:<\/strong> Poaceae<\/li>\n<li><strong>Origen:<\/strong> Asi\u00e1tico<\/li>\n<li><strong>Descripci\u00f3n:<\/strong> Pasto perenne de tama\u00f1o mediano, de 0.5 a 1.5m de di\u00e1metro y de 1 a 2m de alto. Formada por 40 a 50 hijos.<\/li>\n<li><strong>Usos:<\/strong> Estimula la digesti\u00f3n, ayuda a eliminar gases y c\u00f3licos. \u00datil como barrera vive en zonas de pendiente.<\/li>\n<li><strong>Clima:<\/strong> Tropical y subtropical.<\/li>\n<li><strong>Zonas:<\/strong> 1, 2, 3, 4 y 5.<\/li>\n<li><strong>Siembra:<\/strong> En suelo abonado a una distancia de 50cm entre plantas. Prefiere lugares soleados.<\/li>\n<\/ul>\n","protected":false},"excerpt":{"rendered":"<p>Pasto perenne culinario y medicinal<\/p>\n","protected":false},"featured_media":2394,"comment_status":"open","ping_status":"closed","template":"","meta":{"inline_featured_image":false,"_monsterinsights_skip_tracking":false,"_monsterinsights_sitenote_active":false,"_monsterinsights_sitenote_note":"","_monsterinsights_sitenote_category":0},"product_brand":[],"product_cat":[260],"product_tag":[727,725,726,728,636,724],"class_list":{"0":"post-2630","1":"product","2":"type-product","3":"status-publish","4":"has-post-thumbnail","6":"product_cat-medicinales-y-culinarias","7":"product_tag-culinario","8":"product_tag-limon","9":"product_tag-madicinal","10":"product_tag-pasto","11":"product_tag-poaceae","12":"product_tag-zacate","14":"first","15":"instock","16":"shipping-taxable","17":"purchasable","18":"product-type-variable","19":"has-default-attributes"},"_links":{"self":[{"href":"https:\/\/qrosoft.mx\/tiendabosquedeniebla\/wp-json\/wp\/v2\/product\/2630","targetHints":{"allow":["GET"]}}],"collection":[{"href":"https:\/\/qrosoft.mx\/tiendabosquedeniebla\/wp-json\/wp\/v2\/product"}],"about":[{"href":"https:\/\/qrosoft.mx\/tiendabosquedeniebla\/wp-json\/wp\/v2\/types\/product"}],"replies":[{"embeddable":true,"href":"https:\/\/qrosoft.mx\/tiendabosquedeniebla\/wp-json\/wp\/v2\/comments?post=2630"}],"wp:featuredmedia":[{"embeddable":true,"href":"https:\/\/qrosoft.mx\/tiendabosquedeniebla\/wp-json\/wp\/v2\/media\/2394"}],"wp:attachment":[{"href":"https:\/\/qrosoft.mx\/tiendabosquedeniebla\/wp-json\/wp\/v2\/media?parent=2630"}],"wp:term":[{"taxonomy":"product_brand","embeddable":true,"href":"https:\/\/qrosoft.mx\/tiendabosquedeniebla\/wp-json\/wp\/v2\/product_brand?post=2630"},{"taxonomy":"product_cat","embeddable":true,"href":"https:\/\/qrosoft.mx\/tiendabosquedeniebla\/wp-json\/wp\/v2\/product_cat?post=2630"},{"taxonomy":"product_tag","embeddable":true,"href":"https:\/\/qrosoft.mx\/tiendabosquedeniebla\/wp-json\/wp\/v2\/product_tag?post=2630"}],"curies":[{"name":"wp","href":"https:\/\/api.w.org\/{rel}","templated":true}]}}