{"id":2627,"date":"2021-05-18T18:30:15","date_gmt":"2021-05-18T23:30:15","guid":{"rendered":"https:\/\/qrosoft.mx\/tiendabosquedeniebla\/product\/yaca-de-semilla\/"},"modified":"2025-12-15T10:42:09","modified_gmt":"2025-12-15T16:42:09","slug":"yaca-de-semilla","status":"publish","type":"product","link":"https:\/\/qrosoft.mx\/tiendabosquedeniebla\/product\/yaca-de-semilla\/","title":{"rendered":"Yaca"},"content":{"rendered":"<h4><strong>Yaca &#8211;\u00a0<em>Artocarpus heterophyllus<\/em><\/strong><\/h4>\n<ul>\n<li><strong>Familia:<\/strong> Moraceae<\/li>\n<li><strong>Origen:<\/strong> India<\/li>\n<li><strong>Otros nombres:<\/strong> Jaca o Jaquero<\/li>\n<li><strong>Descripci\u00f3n:<\/strong> \u00c1rbol de 20 a 25m de alto. Su fruto es la fruta comestible mas grande del mundo, mide desde 30cm hasta 1m y puede pesar hasta 40kg.<\/li>\n<li><strong>Usos:<\/strong> Fruto comestible, su sabor es una mezcla entre pl\u00e1tano y pi\u00f1a. Sus semillas tambi\u00e9n son comestibles tostadas o hervidas. Sus hojas se utilizan como forraje. El \u00e1rbol que se utiliza como sombra para el caf\u00e9, tutor de pimienta y como rompe vientos.<\/li>\n<li><strong>Clima:<\/strong> C\u00e1lido y h\u00famedo, hasta los 1,500msnm.<\/li>\n<li><strong>Zonas:<\/strong> 1, 2 y 3.<\/li>\n<li><strong>Siembra:<\/strong> En un lugar soleado.<\/li>\n<\/ul>\n","protected":false},"excerpt":{"rendered":"<p>Fruta perenne tropical<\/p>\n","protected":false},"featured_media":2391,"comment_status":"open","ping_status":"closed","template":"","meta":{"inline_featured_image":false,"_monsterinsights_skip_tracking":false,"_monsterinsights_sitenote_active":false,"_monsterinsights_sitenote_note":"","_monsterinsights_sitenote_category":0},"product_brand":[],"product_cat":[80],"product_tag":[652,608,696,737,736],"class_list":{"0":"post-2627","1":"product","2":"type-product","3":"status-publish","4":"has-post-thumbnail","6":"product_cat-frutales","7":"product_tag-arbol","8":"product_tag-frutal","9":"product_tag-fruto","10":"product_tag-moraceae","11":"product_tag-yaca","13":"first","14":"instock","15":"shipping-taxable","16":"purchasable","17":"product-type-variable"},"_links":{"self":[{"href":"https:\/\/qrosoft.mx\/tiendabosquedeniebla\/wp-json\/wp\/v2\/product\/2627","targetHints":{"allow":["GET"]}}],"collection":[{"href":"https:\/\/qrosoft.mx\/tiendabosquedeniebla\/wp-json\/wp\/v2\/product"}],"about":[{"href":"https:\/\/qrosoft.mx\/tiendabosquedeniebla\/wp-json\/wp\/v2\/types\/product"}],"replies":[{"embeddable":true,"href":"https:\/\/qrosoft.mx\/tiendabosquedeniebla\/wp-json\/wp\/v2\/comments?post=2627"}],"wp:featuredmedia":[{"embeddable":true,"href":"https:\/\/qrosoft.mx\/tiendabosquedeniebla\/wp-json\/wp\/v2\/media\/2391"}],"wp:attachment":[{"href":"https:\/\/qrosoft.mx\/tiendabosquedeniebla\/wp-json\/wp\/v2\/media?parent=2627"}],"wp:term":[{"taxonomy":"product_brand","embeddable":true,"href":"https:\/\/qrosoft.mx\/tiendabosquedeniebla\/wp-json\/wp\/v2\/product_brand?post=2627"},{"taxonomy":"product_cat","embeddable":true,"href":"https:\/\/qrosoft.mx\/tiendabosquedeniebla\/wp-json\/wp\/v2\/product_cat?post=2627"},{"taxonomy":"product_tag","embeddable":true,"href":"https:\/\/qrosoft.mx\/tiendabosquedeniebla\/wp-json\/wp\/v2\/product_tag?post=2627"}],"curies":[{"name":"wp","href":"https:\/\/api.w.org\/{rel}","templated":true}]}}