{"id":2626,"date":"2021-05-18T18:30:15","date_gmt":"2021-05-18T23:30:15","guid":{"rendered":"https:\/\/qrosoft.mx\/tiendabosquedeniebla\/product\/vetiver\/"},"modified":"2026-01-10T18:51:56","modified_gmt":"2026-01-11T00:51:56","slug":"vetiver","status":"publish","type":"product","link":"https:\/\/qrosoft.mx\/tiendabosquedeniebla\/product\/vetiver\/","title":{"rendered":"Vetiver"},"content":{"rendered":"<h4><strong>Vetiver &#8211; <em>Chrysopogon zizanioides<\/em><\/strong><\/h4>\n<ul>\n<li><strong>Familia:<\/strong> Poaceae<\/li>\n<li><strong>Origen:<\/strong> Asia<\/li>\n<li><strong>Descripci\u00f3n:<\/strong> Pasto perenne con una altura de 1 a 1.5m.<\/li>\n<li><strong>Usos:<\/strong> Excelente alternativa para control de erosi\u00f3n en zonas con pendiente. Barreras vivas. La ra\u00edz es muy arom\u00e1tica y de ella se obtiene el perfume de vetiver.<\/li>\n<li><strong>Clima:<\/strong> Tolera climas muy calientes pero no temperaturas menores de -10\u00b0C. Crece en lugares donde llueve menos de 200 mm y hasta 5,000 mm por a\u00f1o.<\/li>\n<li><strong>Zonas:<\/strong> 1, 2, 3, 4 y 5.<\/li>\n<li><strong>Siembra:<\/strong> Para barreras vivas se siembra a 10cm entre plantas, puede hacerse una doble hilera. Se adapta a todo tipo de suelos: \u00e1cidos, alcalinos, arcillosos, arenosos, secos, h\u00famedos, salinos, ricos y pobres en materia org\u00e1nica.<\/li>\n<\/ul>\n","protected":false},"excerpt":{"rendered":"<p>Pasto perenne para control de erosi\u00f3n<\/p>\n","protected":false},"featured_media":2390,"comment_status":"open","ping_status":"closed","template":"","meta":{"inline_featured_image":false,"_monsterinsights_skip_tracking":false,"_monsterinsights_sitenote_active":false,"_monsterinsights_sitenote_note":"","_monsterinsights_sitenote_category":0},"product_brand":[],"product_cat":[269],"product_tag":[734,735,728,636,733],"class_list":{"0":"post-2626","1":"product","2":"type-product","3":"status-publish","4":"has-post-thumbnail","6":"product_cat-control-de-erosion","7":"product_tag-control","8":"product_tag-erosion","9":"product_tag-pasto","10":"product_tag-poaceae","11":"product_tag-vetiver","12":"product_shipping_class-fedex","14":"first","15":"instock","16":"shipping-taxable","17":"purchasable","18":"product-type-variable"},"_links":{"self":[{"href":"https:\/\/qrosoft.mx\/tiendabosquedeniebla\/wp-json\/wp\/v2\/product\/2626","targetHints":{"allow":["GET"]}}],"collection":[{"href":"https:\/\/qrosoft.mx\/tiendabosquedeniebla\/wp-json\/wp\/v2\/product"}],"about":[{"href":"https:\/\/qrosoft.mx\/tiendabosquedeniebla\/wp-json\/wp\/v2\/types\/product"}],"replies":[{"embeddable":true,"href":"https:\/\/qrosoft.mx\/tiendabosquedeniebla\/wp-json\/wp\/v2\/comments?post=2626"}],"wp:featuredmedia":[{"embeddable":true,"href":"https:\/\/qrosoft.mx\/tiendabosquedeniebla\/wp-json\/wp\/v2\/media\/2390"}],"wp:attachment":[{"href":"https:\/\/qrosoft.mx\/tiendabosquedeniebla\/wp-json\/wp\/v2\/media?parent=2626"}],"wp:term":[{"taxonomy":"product_brand","embeddable":true,"href":"https:\/\/qrosoft.mx\/tiendabosquedeniebla\/wp-json\/wp\/v2\/product_brand?post=2626"},{"taxonomy":"product_cat","embeddable":true,"href":"https:\/\/qrosoft.mx\/tiendabosquedeniebla\/wp-json\/wp\/v2\/product_cat?post=2626"},{"taxonomy":"product_tag","embeddable":true,"href":"https:\/\/qrosoft.mx\/tiendabosquedeniebla\/wp-json\/wp\/v2\/product_tag?post=2626"}],"curies":[{"name":"wp","href":"https:\/\/api.w.org\/{rel}","templated":true}]}}