{"id":2612,"date":"2021-05-18T18:30:04","date_gmt":"2021-05-18T23:30:04","guid":{"rendered":"https:\/\/qrosoft.mx\/tiendabosquedeniebla\/product\/tomate-de-cascara-manzano\/"},"modified":"2025-11-28T16:26:19","modified_gmt":"2025-11-28T22:26:19","slug":"tomate-de-cascara-manzano","status":"publish","type":"product","link":"https:\/\/qrosoft.mx\/tiendabosquedeniebla\/product\/tomate-de-cascara-manzano\/","title":{"rendered":"Tomate de c\u00e1scara manzano"},"content":{"rendered":"<h4><strong>Tomate de c\u00e1scara manzano &#8211; <em>Physalis philadelphica<\/em><\/strong><\/h4>\n<ul>\n<li><strong>Familia:<\/strong> Solanaceae<\/li>\n<li><strong>Origen:<\/strong> M\u00e9xico<\/li>\n<li><strong>Area potencial de siembra por 0.1 g:<\/strong> 17m\u00b2<\/li>\n<li><strong>Semillas por 0.1 g:<\/strong> 110 aprox.<\/li>\n<li><strong>Descripci\u00f3n:<\/strong> Variedad antigua poco com\u00fan, sus frutos son amarillos con forma acorazonada. Es una variedad muy resistente.<\/li>\n<li><strong>Usos:<\/strong> Frutos comestibles, se usan principalmente para hacer salsas. Su sabor es un poco m\u00e1s \u00e1cido que el tomate de c\u00e1scara com\u00fan.<\/li>\n<li><strong>Clima:<\/strong> Templado.<\/li>\n<li><strong>Zonas:<\/strong> 2, 3, 4, 5<\/li>\n<li><strong>Siembra:<\/strong> Sembrar en alm\u00e1cigo y trasplantar a una distancia de 40 cm entre plantas.<\/li>\n<\/ul>\n","protected":false},"excerpt":{"rendered":"<p>Hortaliza anual de frutos comestibles <\/p>\n","protected":false},"featured_media":2374,"comment_status":"open","ping_status":"closed","template":"","meta":{"inline_featured_image":false,"_monsterinsights_skip_tracking":false,"_monsterinsights_sitenote_active":false,"_monsterinsights_sitenote_note":"","_monsterinsights_sitenote_category":0},"product_brand":[],"product_cat":[195],"product_tag":[757,586,762,644,756],"class_list":{"0":"post-2612","1":"product","2":"type-product","3":"status-publish","4":"has-post-thumbnail","6":"product_cat-jitomates-y-tomates","7":"product_tag-cascara","8":"product_tag-hortaliza","9":"product_tag-manzano","10":"product_tag-solanaceae","11":"product_tag-tomate","13":"first","14":"instock","15":"shipping-taxable","16":"purchasable","17":"product-type-variable","18":"has-default-attributes"},"_links":{"self":[{"href":"https:\/\/qrosoft.mx\/tiendabosquedeniebla\/wp-json\/wp\/v2\/product\/2612","targetHints":{"allow":["GET"]}}],"collection":[{"href":"https:\/\/qrosoft.mx\/tiendabosquedeniebla\/wp-json\/wp\/v2\/product"}],"about":[{"href":"https:\/\/qrosoft.mx\/tiendabosquedeniebla\/wp-json\/wp\/v2\/types\/product"}],"replies":[{"embeddable":true,"href":"https:\/\/qrosoft.mx\/tiendabosquedeniebla\/wp-json\/wp\/v2\/comments?post=2612"}],"wp:featuredmedia":[{"embeddable":true,"href":"https:\/\/qrosoft.mx\/tiendabosquedeniebla\/wp-json\/wp\/v2\/media\/2374"}],"wp:attachment":[{"href":"https:\/\/qrosoft.mx\/tiendabosquedeniebla\/wp-json\/wp\/v2\/media?parent=2612"}],"wp:term":[{"taxonomy":"product_brand","embeddable":true,"href":"https:\/\/qrosoft.mx\/tiendabosquedeniebla\/wp-json\/wp\/v2\/product_brand?post=2612"},{"taxonomy":"product_cat","embeddable":true,"href":"https:\/\/qrosoft.mx\/tiendabosquedeniebla\/wp-json\/wp\/v2\/product_cat?post=2612"},{"taxonomy":"product_tag","embeddable":true,"href":"https:\/\/qrosoft.mx\/tiendabosquedeniebla\/wp-json\/wp\/v2\/product_tag?post=2612"}],"curies":[{"name":"wp","href":"https:\/\/api.w.org\/{rel}","templated":true}]}}